{"id":1069,"date":"2024-11-11T22:52:31","date_gmt":"2024-11-11T20:52:31","guid":{"rendered":"https:\/\/dvv.concept2.ee\/?page_id=1069"},"modified":"2025-04-21T18:16:29","modified_gmt":"2025-04-21T15:16:29","slug":"rowerg-dynamic","status":"publish","type":"page","link":"https:\/\/dvv.concept2.ee\/lt\/ivadas\/rowerg-dynamic\/","title":{"rendered":"RowErg Dynamic"},"content":{"rendered":"\n  <div class=\"banner has-hover hero has-parallax\" id=\"banner-1486125305\">\n          <div class=\"banner-inner fill\">\n        <div class=\"banner-bg fill\" data-parallax=\"-2\" data-parallax-container=\".banner\" data-parallax-background>\n            <img loading=\"lazy\" decoding=\"async\" width=\"1200\" height=\"600\" src=\"https:\/\/dvv.concept2.ee\/wp-content\/uploads\/slide-04-20190219-bharewyn-c2-300dpi-100-detail.jpg\" class=\"bg attachment-original size-original\" alt=\"\" \/>                                    \n                    <\/div>\n\t\t\n        <div class=\"banner-layers container\">\n            <div class=\"fill banner-link\"><\/div>            \n   <div id=\"text-box-1401578015\" class=\"text-box banner-layer x50 md-x50 lg-x50 y95 md-y95 lg-y95 res-text\">\n                                <div class=\"text-box-content text dark\">\n              \n              <div class=\"text-inner text-center\">\n                  \n<h1>RowErg Dynamic<\/h1>\n              <\/div>\n           <\/div>\n                            \n<style>\n#text-box-1401578015 {\n  width: 90%;\n}\n#text-box-1401578015 .text-box-content {\n  font-size: 100%;\n}\n<\/style>\n    <\/div>\n \n        <\/div>\n      <\/div>\n\n            \n<style>\n#banner-1486125305 {\n  padding-top: 50%;\n  background-color: rgb(255,255,255);\n}\n<\/style>\n  <\/div>\n\n\n\t<div id=\"gap-1999035890\" class=\"gap-element clearfix\" style=\"display:block; height:auto;\">\n\t\t\n<style>\n#gap-1999035890 {\n  padding-top: 30px;\n}\n<\/style>\n\t<\/div>\n\t\n<div class=\"row col-middle\"  id=\"row-880315116\">\n\n\t<div id=\"col-308353878\" class=\"col small-12 large-12\"  >\n\t\t\t\t<div class=\"col-inner\"  >\n\t\t\t\n\t\t\t\n<div class=\"row\"  id=\"row-372216967\">\n\n\t<div id=\"col-1918207767\" class=\"col medium-8 small-12 large-8\"  >\n\t\t\t\t<div class=\"col-inner\"  >\n\t\t\t\n\t\t\t\n<p class=\"lead\">D\u00fcnaamiline RowErg on loodud spetsiaalselt vees\u00f5udjatele ning j\u00e4ljendab paremini f\u00fc\u00fcsikat, mida kogetakse v\u00f5istluspaadis s\u00f5udes, samuti paadi ja sportlase vahelist \u201ed\u00fcnaamikat\u201c. D\u00fcnaamilisel ergil on kasutaja kehamass suhteliselt paigal, samal ajal kui masina komponendid liiguvad aktiivselt vastuseks s\u00f5udmisliigutusele. See sarnaneb kergkaalu s\u00f5udepaadi liikumisega s\u00f5udja keha \u00fcmber. D\u00fcnaamiline RowErg on soovitatav ainult neile, kes s\u00f5uavad vee peal.<\/p>\n<p>\u2022 Artimesnis irklavimui valtyje<br \/>\u2022 Pana\u0161us jausmas \u012f irklavim\u0105 su pava\u017e\u0117l\u0117m, tik viskas viename<br \/>\u2022 Reikalauja ma\u017eiau ploto nei RowErg<br \/>\u2022 Nesiardo \u012f 2 dalis<br \/>\u2022 Automatinis \u012fjungimas<br \/>\u2022 Tiksli atsekamoji treniruo\u010di\u0173 sistema<br \/>\u2022 Monitoriaus ekrane galima atvaizduoti 5 skirtingus parodymus<br \/>\u2022 Galimyb\u0117 naudoti USB &#8222;flash&#8221; disk\u0105 treniruo\u010di\u0173 rezultat\u0173 saugojimui<br \/>\u2022 Galimyb\u0117 perkelti duomenis \u012f komputer\u012f<br \/>\u2022 \u0160irdies susitraukim\u0173 da\u017enio skai\u010diavimo sistemos ANT+ ir Bluethooth Smart<br \/>\u2022 Galymib\u0117 var\u017eytis naudojantis bevieliu ry\u0161iu.<\/p>\n\t\t<\/div>\n\t\t\t\t\t<\/div>\n\n\t\n\n\t<div id=\"col-1856490239\" class=\"col medium-4 small-12 large-4\"  >\n\t\t\t\t<div class=\"col-inner\"  >\n\t\t\t\n\t\t\t\n\t\t<\/div>\n\t\t\t\t\t<\/div>\n\n\t\n<\/div>\n<div class=\"text-center\"><div class=\"is-divider divider clearfix\" style=\"max-width:100%;\"><\/div><\/div>\n<div class=\"row\"  id=\"row-1230579536\">\n\n\t<div id=\"col-1083789994\" class=\"col medium-8 small-12 large-8\"  >\n\t\t\t\t<div class=\"col-inner\"  >\n\t\t\t\n\t\t\t\n<h2>I\u0161matavimai<\/h2>\n<p>\u2022 S\u0117dyn\u0117s auk\u0161tis 53,3 cm<br \/>\u2022 Ilgis 193 cm; plotis 61,5 cm, svoris 42 kg<br \/>\u2022 Masimalus vartotojo svoris 227 kg<\/p>\n\t\t<\/div>\n\t\t\t\t\t<\/div>\n\n\t\n\n\t<div id=\"col-1479740678\" class=\"col medium-4 small-12 large-4\"  >\n\t\t\t\t<div class=\"col-inner\"  >\n\t\t\t\n\t\t\t\n\t\t<\/div>\n\t\t\t\t\t<\/div>\n\n\t\n<\/div>\n<div class=\"text-center\"><div class=\"is-divider divider clearfix\" style=\"max-width:100%;\"><\/div><\/div>\n\n  \n    <div class=\"row large-columns-5 medium-columns-3 small-columns-2\" >\n  <div class=\"gallery-col col\" data-animate=\"fadeInUp\">\n          <div class=\"col-inner\">\n            <a class=\"image-lightbox lightbox-gallery\" href=\"https:\/\/dvv.concept2.ee\/wp-content\/uploads\/dynamic-rowerg-gray-3q-1200x1200.jpg\" title=\"\">            <div class=\"box has-hover gallery-box box-none\">\n              <div class=\"box-image\" >\n                <img loading=\"lazy\" decoding=\"async\" width=\"300\" height=\"300\" src=\"https:\/\/dvv.concept2.ee\/wp-content\/uploads\/dynamic-rowerg-gray-3q-300x300.jpg\" class=\"attachment-thumbnail size-thumbnail\" alt=\"\" ids=\"309,313,317,321,325\" style=\"none\" columns=\"5\" animate=\"fadeInUp\" image_size=\"thumbnail\" srcset=\"https:\/\/dvv.concept2.ee\/wp-content\/uploads\/dynamic-rowerg-gray-3q-300x300.jpg 300w, https:\/\/dvv.concept2.ee\/wp-content\/uploads\/dynamic-rowerg-gray-3q-600x600.jpg 600w, https:\/\/dvv.concept2.ee\/wp-content\/uploads\/dynamic-rowerg-gray-3q-1200x1200.jpg 1200w, https:\/\/dvv.concept2.ee\/wp-content\/uploads\/dynamic-rowerg-gray-3q-768x768.jpg 768w, https:\/\/dvv.concept2.ee\/wp-content\/uploads\/dynamic-rowerg-gray-3q-1536x1536.jpg 1536w, https:\/\/dvv.concept2.ee\/wp-content\/uploads\/dynamic-rowerg-gray-3q-2048x2048.jpg 2048w, https:\/\/dvv.concept2.ee\/wp-content\/uploads\/dynamic-rowerg-gray-3q-100x100.jpg 100w\" sizes=\"auto, (max-width: 300px) 100vw, 300px\" \/>                                                              <\/div>\n              <div class=\"box-text text-left\" >\n                 <p><\/p>\n              <\/div>\n            <\/div>\n            <\/a>          <\/div>\n         <\/div><div class=\"gallery-col col\" data-animate=\"fadeInUp\">\n          <div class=\"col-inner\">\n            <a class=\"image-lightbox lightbox-gallery\" href=\"https:\/\/dvv.concept2.ee\/wp-content\/uploads\/dynamic-rowerg-gray-profile-1200x1200.jpg\" title=\"\">            <div class=\"box has-hover gallery-box box-none\">\n              <div class=\"box-image\" >\n                <img loading=\"lazy\" decoding=\"async\" width=\"300\" height=\"300\" src=\"https:\/\/dvv.concept2.ee\/wp-content\/uploads\/dynamic-rowerg-gray-profile-300x300.jpg\" class=\"attachment-thumbnail size-thumbnail\" alt=\"\" ids=\"309,313,317,321,325\" style=\"none\" columns=\"5\" animate=\"fadeInUp\" image_size=\"thumbnail\" srcset=\"https:\/\/dvv.concept2.ee\/wp-content\/uploads\/dynamic-rowerg-gray-profile-300x300.jpg 300w, https:\/\/dvv.concept2.ee\/wp-content\/uploads\/dynamic-rowerg-gray-profile-600x600.jpg 600w, https:\/\/dvv.concept2.ee\/wp-content\/uploads\/dynamic-rowerg-gray-profile-1200x1200.jpg 1200w, https:\/\/dvv.concept2.ee\/wp-content\/uploads\/dynamic-rowerg-gray-profile-768x768.jpg 768w, https:\/\/dvv.concept2.ee\/wp-content\/uploads\/dynamic-rowerg-gray-profile-1536x1536.jpg 1536w, https:\/\/dvv.concept2.ee\/wp-content\/uploads\/dynamic-rowerg-gray-profile-2048x2048.jpg 2048w, https:\/\/dvv.concept2.ee\/wp-content\/uploads\/dynamic-rowerg-gray-profile-100x100.jpg 100w\" sizes=\"auto, (max-width: 300px) 100vw, 300px\" \/>                                                              <\/div>\n              <div class=\"box-text text-left\" >\n                 <p><\/p>\n              <\/div>\n            <\/div>\n            <\/a>          <\/div>\n         <\/div><div class=\"gallery-col col\" data-animate=\"fadeInUp\">\n          <div class=\"col-inner\">\n            <a class=\"image-lightbox lightbox-gallery\" href=\"https:\/\/dvv.concept2.ee\/wp-content\/uploads\/dynamic-rowerg-gray-flywheel-2-1200x1200.jpg\" title=\"\">            <div class=\"box has-hover gallery-box box-none\">\n              <div class=\"box-image\" >\n                <img loading=\"lazy\" decoding=\"async\" width=\"300\" height=\"300\" src=\"https:\/\/dvv.concept2.ee\/wp-content\/uploads\/dynamic-rowerg-gray-flywheel-2-300x300.jpg\" class=\"attachment-thumbnail size-thumbnail\" alt=\"\" ids=\"309,313,317,321,325\" style=\"none\" columns=\"5\" animate=\"fadeInUp\" image_size=\"thumbnail\" srcset=\"https:\/\/dvv.concept2.ee\/wp-content\/uploads\/dynamic-rowerg-gray-flywheel-2-300x300.jpg 300w, https:\/\/dvv.concept2.ee\/wp-content\/uploads\/dynamic-rowerg-gray-flywheel-2-600x600.jpg 600w, https:\/\/dvv.concept2.ee\/wp-content\/uploads\/dynamic-rowerg-gray-flywheel-2-1200x1200.jpg 1200w, https:\/\/dvv.concept2.ee\/wp-content\/uploads\/dynamic-rowerg-gray-flywheel-2-768x768.jpg 768w, https:\/\/dvv.concept2.ee\/wp-content\/uploads\/dynamic-rowerg-gray-flywheel-2-1536x1536.jpg 1536w, https:\/\/dvv.concept2.ee\/wp-content\/uploads\/dynamic-rowerg-gray-flywheel-2-2048x2048.jpg 2048w, https:\/\/dvv.concept2.ee\/wp-content\/uploads\/dynamic-rowerg-gray-flywheel-2-100x100.jpg 100w\" sizes=\"auto, (max-width: 300px) 100vw, 300px\" \/>                                                              <\/div>\n              <div class=\"box-text text-left\" >\n                 <p><\/p>\n              <\/div>\n            <\/div>\n            <\/a>          <\/div>\n         <\/div><div class=\"gallery-col col\" data-animate=\"fadeInUp\">\n          <div class=\"col-inner\">\n            <a class=\"image-lightbox lightbox-gallery\" href=\"https:\/\/dvv.concept2.ee\/wp-content\/uploads\/dynamic-rowerg-gray-approach-1200x1200.jpg\" title=\"\">            <div class=\"box has-hover gallery-box box-none\">\n              <div class=\"box-image\" >\n                <img loading=\"lazy\" decoding=\"async\" width=\"300\" height=\"300\" src=\"https:\/\/dvv.concept2.ee\/wp-content\/uploads\/dynamic-rowerg-gray-approach-300x300.jpg\" class=\"attachment-thumbnail size-thumbnail\" alt=\"\" ids=\"309,313,317,321,325\" style=\"none\" columns=\"5\" animate=\"fadeInUp\" image_size=\"thumbnail\" srcset=\"https:\/\/dvv.concept2.ee\/wp-content\/uploads\/dynamic-rowerg-gray-approach-300x300.jpg 300w, https:\/\/dvv.concept2.ee\/wp-content\/uploads\/dynamic-rowerg-gray-approach-600x600.jpg 600w, https:\/\/dvv.concept2.ee\/wp-content\/uploads\/dynamic-rowerg-gray-approach-1200x1200.jpg 1200w, https:\/\/dvv.concept2.ee\/wp-content\/uploads\/dynamic-rowerg-gray-approach-768x768.jpg 768w, https:\/\/dvv.concept2.ee\/wp-content\/uploads\/dynamic-rowerg-gray-approach-1536x1536.jpg 1536w, https:\/\/dvv.concept2.ee\/wp-content\/uploads\/dynamic-rowerg-gray-approach-2048x2048.jpg 2048w, https:\/\/dvv.concept2.ee\/wp-content\/uploads\/dynamic-rowerg-gray-approach-100x100.jpg 100w\" sizes=\"auto, (max-width: 300px) 100vw, 300px\" \/>                                                              <\/div>\n              <div class=\"box-text text-left\" >\n                 <p><\/p>\n              <\/div>\n            <\/div>\n            <\/a>          <\/div>\n         <\/div><div class=\"gallery-col col\" data-animate=\"fadeInUp\">\n          <div class=\"col-inner\">\n            <a class=\"image-lightbox lightbox-gallery\" href=\"https:\/\/dvv.concept2.ee\/wp-content\/uploads\/dynamic-rowerg-gray-pm5-1200x1200.jpg\" title=\"\">            <div class=\"box has-hover gallery-box box-none\">\n              <div class=\"box-image\" >\n                <img loading=\"lazy\" decoding=\"async\" width=\"300\" height=\"300\" src=\"https:\/\/dvv.concept2.ee\/wp-content\/uploads\/dynamic-rowerg-gray-pm5-300x300.jpg\" class=\"attachment-thumbnail size-thumbnail\" alt=\"\" ids=\"309,313,317,321,325\" style=\"none\" columns=\"5\" animate=\"fadeInUp\" image_size=\"thumbnail\" srcset=\"https:\/\/dvv.concept2.ee\/wp-content\/uploads\/dynamic-rowerg-gray-pm5-300x300.jpg 300w, https:\/\/dvv.concept2.ee\/wp-content\/uploads\/dynamic-rowerg-gray-pm5-600x600.jpg 600w, https:\/\/dvv.concept2.ee\/wp-content\/uploads\/dynamic-rowerg-gray-pm5-1200x1200.jpg 1200w, https:\/\/dvv.concept2.ee\/wp-content\/uploads\/dynamic-rowerg-gray-pm5-768x768.jpg 768w, https:\/\/dvv.concept2.ee\/wp-content\/uploads\/dynamic-rowerg-gray-pm5-1536x1536.jpg 1536w, https:\/\/dvv.concept2.ee\/wp-content\/uploads\/dynamic-rowerg-gray-pm5-2048x2048.jpg 2048w, https:\/\/dvv.concept2.ee\/wp-content\/uploads\/dynamic-rowerg-gray-pm5-100x100.jpg 100w\" sizes=\"auto, (max-width: 300px) 100vw, 300px\" \/>                                                              <\/div>\n              <div class=\"box-text text-left\" >\n                 <p><\/p>\n              <\/div>\n            <\/div>\n            <\/a>          <\/div>\n         <\/div><\/div>\n\t<div id=\"gap-627133987\" class=\"gap-element clearfix\" style=\"display:block; height:auto;\">\n\t\t\n<style>\n#gap-627133987 {\n  padding-top: 30px;\n}\n<\/style>\n\t<\/div>\n\t\n\t<div id=\"text-1244311110\" class=\"text hidden\">\n\t\t\n<a href=\"https:\/\/dvv.concept2.ee\/?post_type=product&#038;p=329\" class=\"button primary\"><span>U\u017esakyti<\/span><\/a>\n\t\t\t<\/div>\n\t\n\t\t<\/div>\n\t\t\t\t\t<\/div>\n\n\t\n<\/div>\n","protected":false},"excerpt":{"rendered":"","protected":false},"author":2,"featured_media":161,"parent":1191,"menu_order":0,"comment_status":"closed","ping_status":"closed","template":"","meta":{"footnotes":""},"class_list":["post-1069","page","type-page","status-publish","has-post-thumbnail","hentry"],"_links":{"self":[{"href":"https:\/\/dvv.concept2.ee\/lt\/wp-json\/wp\/v2\/pages\/1069","targetHints":{"allow":["GET"]}}],"collection":[{"href":"https:\/\/dvv.concept2.ee\/lt\/wp-json\/wp\/v2\/pages"}],"about":[{"href":"https:\/\/dvv.concept2.ee\/lt\/wp-json\/wp\/v2\/types\/page"}],"author":[{"embeddable":true,"href":"https:\/\/dvv.concept2.ee\/lt\/wp-json\/wp\/v2\/users\/2"}],"replies":[{"embeddable":true,"href":"https:\/\/dvv.concept2.ee\/lt\/wp-json\/wp\/v2\/comments?post=1069"}],"version-history":[{"count":0,"href":"https:\/\/dvv.concept2.ee\/lt\/wp-json\/wp\/v2\/pages\/1069\/revisions"}],"up":[{"embeddable":true,"href":"https:\/\/dvv.concept2.ee\/lt\/wp-json\/wp\/v2\/pages\/1191"}],"wp:featuredmedia":[{"embeddable":true,"href":"https:\/\/dvv.concept2.ee\/lt\/wp-json\/wp\/v2\/media\/161"}],"wp:attachment":[{"href":"https:\/\/dvv.concept2.ee\/lt\/wp-json\/wp\/v2\/media?parent=1069"}],"curies":[{"name":"wp","href":"https:\/\/api.w.org\/{rel}","templated":true}]}}