{"id":1076,"date":"2024-11-20T12:49:26","date_gmt":"2024-11-20T10:49:26","guid":{"rendered":"https:\/\/dvv.concept2.ee\/?page_id=1076"},"modified":"2025-03-20T14:37:25","modified_gmt":"2025-03-20T12:37:25","slug":"skierg","status":"publish","type":"page","link":"https:\/\/dvv.concept2.ee\/lt\/ivadas\/skierg\/","title":{"rendered":"SkiErg su monitorium \u0420\u041c5"},"content":{"rendered":"\n  <div class=\"banner has-hover hero has-parallax\" id=\"banner-1400424377\">\n          <div class=\"banner-inner fill\">\n        <div class=\"banner-bg fill\" data-parallax=\"-1\" data-parallax-container=\".banner\" data-parallax-background>\n            <img loading=\"lazy\" decoding=\"async\" width=\"1200\" height=\"600\" src=\"https:\/\/dvv.concept2.ee\/wp-content\/uploads\/banner-skierg.jpg\" class=\"bg attachment-original size-original\" alt=\"\" \/>                                    \n                    <\/div>\n\t\t\n        <div class=\"banner-layers container\">\n            <div class=\"fill banner-link\"><\/div>            \n   <div id=\"text-box-503913976\" class=\"text-box banner-layer x50 md-x50 lg-x50 y95 md-y95 lg-y95 res-text\">\n                                <div class=\"text-box-content text dark\">\n              \n              <div class=\"text-inner text-center\">\n                  \n<h1>SkiErg su monitorium \u0420\u041c5<\/h1>\n<p class=\"lead\" style=\"margin-top: .25em;\"><strong>\u0160\u012f treniruokl\u012f galima naudoti dviem skirtingais stiliais: vien\u017eingsniu pakaitiniu stiliumi arba su atsispyrimu dviem rankom<\/strong><\/p>\n              <\/div>\n           <\/div>\n                            \n<style>\n#text-box-503913976 {\n  width: 90%;\n}\n#text-box-503913976 .text-box-content {\n  font-size: 100%;\n}\n<\/style>\n    <\/div>\n \n        <\/div>\n      <\/div>\n\n            \n<style>\n#banner-1400424377 {\n  padding-top: 50%;\n  background-color: rgb(255,255,255);\n}\n<\/style>\n  <\/div>\n\n\n<div class=\"row col-middle\"  id=\"row-1086055282\">\n\n\t<div id=\"col-550718802\" class=\"col small-12 large-12\"  >\n\t\t\t\t<div class=\"col-inner\"  >\n\t\t\t\n\t\t\t\n<div class=\"row\"  id=\"row-1092295580\">\n\n\t<div id=\"col-833360913\" class=\"col small-12 large-12\"  >\n\t\t\t\t<div class=\"col-inner\"  >\n\t\t\t\n\t\t\t\n<p class=\"lead\">&#8222;Algselt murdmaasuusatajate treenimisvahendina loodud SkiErg on jalgade, keha ja k\u00e4te sujuvaks treenimiseks ka teistel spordialadel omaks v\u00f5etud. Sama hooratta ja j\u00f5udlusmonitoriga nagu RowErg pakub SkiErg ainulaadset treeningut, mis kasvatab teie j\u00f5udu ja vastupidavust. SkiErg sobib iga tasemega sportlastele ja harrastajatele ning on kergesti kohandatav ka neile, kellel on alakeha vigastusi. Komplektis on monitor PM5, nutitelefoni hoidik ja k\u00e4epideme konksud.&#8221;<\/p>\n\t\t<\/div>\n\t\t\t\t\t<\/div>\n\n\t\n<\/div>\n\t<div id=\"gap-1032457712\" class=\"gap-element clearfix\" style=\"display:block; height:auto;\">\n\t\t\n<style>\n#gap-1032457712 {\n  padding-top: 30px;\n}\n<\/style>\n\t<\/div>\n\t\n<div class=\"row row-collapse align-middle\"  id=\"row-1364281463\">\n\n\t<div id=\"col-1962392632\" class=\"col medium-6 small-12 large-6\"  >\n\t\t\t\t<div class=\"col-inner\"  >\n\t\t\t\n\t\t\t\n\t<div class=\"img has-hover x md-x lg-x y md-y lg-y\" id=\"image_1041941693\">\n\t\t\t\t\t\t\t\t<div class=\"img-inner dark\" >\n\t\t\t<img loading=\"lazy\" decoding=\"async\" width=\"600\" height=\"534\" src=\"https:\/\/dvv.concept2.ee\/wp-content\/uploads\/skierg-monitor-pm5-102-600x534.jpg\" class=\"attachment-medium size-medium\" alt=\"\" srcset=\"https:\/\/dvv.concept2.ee\/wp-content\/uploads\/skierg-monitor-pm5-102-600x534.jpg 600w, https:\/\/dvv.concept2.ee\/wp-content\/uploads\/skierg-monitor-pm5-102-768x683.jpg 768w, https:\/\/dvv.concept2.ee\/wp-content\/uploads\/skierg-monitor-pm5-102.jpg 1200w\" sizes=\"auto, (max-width: 600px) 100vw, 600px\" \/>\t\t\t\t\t\t\n\t\t\t\t\t<\/div>\n\t\t\t\t\t\t\t\t\n<style>\n#image_1041941693 {\n  width: 100%;\n}\n<\/style>\n\t<\/div>\n\t\n\t\t<\/div>\n\t\t\t\t\t<\/div>\n\n\t\n\n\t<div id=\"col-1200711553\" class=\"col cbtextright medium-6 small-12 large-6\"  >\n\t\t\t\t<div class=\"col-inner\"  >\n\t\t\t\n\t\t\t\n<h2>Monitorius PM5<\/h2>\n<p><a href=\"https:\/\/dvv.concept2.ee\/lt\/product\/skierg-su-monitorium-pm5-su-stovu\/\">PM5 monitorius<\/a>\u00a0SkiErg treniruokliui suteikia i\u0161skirtinumo lyginant su kitais slidin\u0117jimo treniruokliais:<\/p>\n<ul>\n<li>Lengva naudoti<\/li>\n<li>Suteikia galimyb\u0119 objektyviai steb\u0117ti savo treniruot\u0117s rezultatus<\/li>\n<li>Leid\u017eia steb\u0117ti pa\u017eang\u0105<\/li>\n<li>Suteikia galimyb\u0119 lyginti savo bei kit\u0173 rezultatus<\/li>\n<li>Lengva ir patogu i\u0161saugoti treniruo\u010di\u0173 rezultatus<\/li>\n<\/ul>\n\t\t<\/div>\n\t\t\t\t\t<\/div>\n\n\t\n<\/div>\n<div class=\"row row-collapse align-middle reverse\"  id=\"row-1032547932\">\n\n\t<div id=\"col-682627677\" class=\"col medium-6 small-12 large-6\"  >\n\t\t\t\t<div class=\"col-inner\"  >\n\t\t\t\n\t\t\t\n\t<div class=\"img has-hover x md-x lg-x y md-y lg-y\" id=\"image_1465908337\">\n\t\t\t\t\t\t\t\t<div class=\"img-inner dark\" >\n\t\t\t<img loading=\"lazy\" decoding=\"async\" width=\"600\" height=\"600\" src=\"https:\/\/dvv.concept2.ee\/wp-content\/uploads\/skierg-seinale-kinnitatud-ja-vabalt-kasutamiseks-600x600.jpg\" class=\"attachment-medium size-medium\" alt=\"\" srcset=\"https:\/\/dvv.concept2.ee\/wp-content\/uploads\/skierg-seinale-kinnitatud-ja-vabalt-kasutamiseks-600x600.jpg 600w, https:\/\/dvv.concept2.ee\/wp-content\/uploads\/skierg-seinale-kinnitatud-ja-vabalt-kasutamiseks-300x300.jpg 300w, https:\/\/dvv.concept2.ee\/wp-content\/uploads\/skierg-seinale-kinnitatud-ja-vabalt-kasutamiseks-768x768.jpg 768w, https:\/\/dvv.concept2.ee\/wp-content\/uploads\/skierg-seinale-kinnitatud-ja-vabalt-kasutamiseks-100x100.jpg 100w, https:\/\/dvv.concept2.ee\/wp-content\/uploads\/skierg-seinale-kinnitatud-ja-vabalt-kasutamiseks.jpg 1200w\" sizes=\"auto, (max-width: 600px) 100vw, 600px\" \/>\t\t\t\t\t\t\n\t\t\t\t\t<\/div>\n\t\t\t\t\t\t\t\t\n<style>\n#image_1465908337 {\n  width: 100%;\n}\n<\/style>\n\t<\/div>\n\t\n\t\t<\/div>\n\t\t\t\t\t<\/div>\n\n\t\n\n\t<div id=\"col-556907859\" class=\"col cbtextleft wide medium-6 small-12 large-6\"  >\n\t\t\t\t<div class=\"col-inner\"  >\n\t\t\t\n\t\t\t\n<h2>Tvirtinamas prie sienos arba mobilus variantas<\/h2>\n<p>Galimi 2 treniruoklio tvirtinimo b\u016bdai \u2013 tvirtinamas prie sienos arba specialiu stovu. Pirmasis tvirtinimo variantas leis maksimaliai sutaupyti vietos j\u016bs\u0173 patalpose, o tvirtinant specialiu stovu u\u017etikrinsite treniruoklio mobilum\u0105. Stovas turi integruotus ratukus bei neslystan\u010di\u0105 dang\u0105.\u00a0 Treniruoklio tvirtinimas tiek prie sienos, tiek specialiu stovu yra ypa\u010d lengvas \u2013 visk\u0105 ko gali prireikti rasite treniruoklio komplekte.<\/p>\n\t\t<\/div>\n\t\t\t\t\t<\/div>\n\n\t\n<\/div>\n\t<div id=\"gap-256941993\" class=\"gap-element clearfix\" style=\"display:block; height:auto;\">\n\t\t\n<style>\n#gap-256941993 {\n  padding-top: 30px;\n}\n<\/style>\n\t<\/div>\n\t\n<div class=\"row\"  id=\"row-1867517944\">\n\n\t<div id=\"col-2015059731\" class=\"col small-12 large-12\"  >\n\t\t\t\t<div class=\"col-inner\"  >\n\t\t\t\n\t\t\t\n<h2>Tvirtos virv\u0117s<\/h2>\n<p>SkiErg\u2019o traukimo mehanizmui naudojamos labai tvirtos virv\u0117s. Jos yra stipresn\u0117s u\u017e metalin\u012f tros\u0105 ir labai lengvos, o tai suteikia traukimo mehanizmui ilgaam\u017ei\u0161kumo bei tolygumo.<\/p>\n\t\t<\/div>\n\t\t\t\t\t<\/div>\n\n\t\n<\/div>\n\t<div id=\"gap-2047129379\" class=\"gap-element clearfix\" style=\"display:block; height:auto;\">\n\t\t\n<style>\n#gap-2047129379 {\n  padding-top: 30px;\n}\n<\/style>\n\t<\/div>\n\t\n<div class=\"row row-collapse align-middle\"  id=\"row-1483898168\">\n\n\t<div id=\"col-4353083\" class=\"col medium-6 small-12 large-6\"  >\n\t\t\t\t<div class=\"col-inner\"  >\n\t\t\t\n\t\t\t\n\t<div class=\"img has-hover x md-x lg-x y md-y lg-y\" id=\"image_577689822\">\n\t\t\t\t\t\t\t\t<div class=\"img-inner dark\" >\n\t\t\t<img loading=\"lazy\" decoding=\"async\" width=\"600\" height=\"492\" src=\"https:\/\/dvv.concept2.ee\/wp-content\/uploads\/skierg-flywheel-lfa3744-600x492.jpg\" class=\"attachment-medium size-medium\" alt=\"\" srcset=\"https:\/\/dvv.concept2.ee\/wp-content\/uploads\/skierg-flywheel-lfa3744-600x492.jpg 600w, https:\/\/dvv.concept2.ee\/wp-content\/uploads\/skierg-flywheel-lfa3744-768x630.jpg 768w, https:\/\/dvv.concept2.ee\/wp-content\/uploads\/skierg-flywheel-lfa3744.jpg 1200w\" sizes=\"auto, (max-width: 600px) 100vw, 600px\" \/>\t\t\t\t\t\t\n\t\t\t\t\t<\/div>\n\t\t\t\t\t\t\t\t\n<style>\n#image_577689822 {\n  width: 100%;\n}\n<\/style>\n\t<\/div>\n\t\n\t\t<\/div>\n\t\t\t\t\t<\/div>\n\n\t\n\n\t<div id=\"col-2142539028\" class=\"col cbtextright medium-6 small-12 large-6\"  >\n\t\t\t\t<div class=\"col-inner\"  >\n\t\t\t\n\t\t\t\n<h2>Smagratis ir sklend\u0117<\/h2>\n<p>SkiErg veikia oro paiprie\u0161inimo principu \u2013 kuo stipriau trauki, tuo didesn\u0117 apkrova. Spiralin\u0117s sklend\u0117s d\u0117ka galima reguliuoti oro padavimo kiek\u012f \u012f smagrat\u012f. Vartotojas (sportininkas) pats reguliuoja pasiprie\u0161inimo stiprum\u0105.<\/p>\n\t\t<\/div>\n\t\t\t\t\t<\/div>\n\n\t\n<\/div>\n<div class=\"row row-collapse align-middle reverse\"  id=\"row-254971168\">\n\n\t<div id=\"col-915025424\" class=\"col medium-6 small-12 large-6\"  >\n\t\t\t\t<div class=\"col-inner\"  >\n\t\t\t\n\t\t\t\n\t<div class=\"img has-hover x md-x lg-x y md-y lg-y\" id=\"image_1196637705\">\n\t\t\t\t\t\t\t\t<div class=\"img-inner dark\" >\n\t\t\t<img loading=\"lazy\" decoding=\"async\" width=\"600\" height=\"462\" src=\"https:\/\/dvv.concept2.ee\/wp-content\/uploads\/skierg-handles-1821-600x462.jpg\" class=\"attachment-medium size-medium\" alt=\"\" srcset=\"https:\/\/dvv.concept2.ee\/wp-content\/uploads\/skierg-handles-1821-600x462.jpg 600w, https:\/\/dvv.concept2.ee\/wp-content\/uploads\/skierg-handles-1821-768x591.jpg 768w, https:\/\/dvv.concept2.ee\/wp-content\/uploads\/skierg-handles-1821.jpg 1200w\" sizes=\"auto, (max-width: 600px) 100vw, 600px\" \/>\t\t\t\t\t\t\n\t\t\t\t\t<\/div>\n\t\t\t\t\t\t\t\t\n<style>\n#image_1196637705 {\n  width: 100%;\n}\n<\/style>\n\t<\/div>\n\t\n\t\t<\/div>\n\t\t\t\t\t<\/div>\n\n\t\n\n\t<div id=\"col-1645881488\" class=\"col cbtextleft wide medium-6 small-12 large-6\"  >\n\t\t\t\t<div class=\"col-inner\"  >\n\t\t\t\n\t\t\t\n<h2>Ergonomi\u0161kos rankenos<\/h2>\n<p>SkiErg turi ergonomi\u0161kas rankenas bei dir\u017eus.<\/p>\n\t\t<\/div>\n\t\t\t\t\t<\/div>\n\n\t\n<\/div>\n\t<div id=\"gap-2133017490\" class=\"gap-element clearfix\" style=\"display:block; height:auto;\">\n\t\t\n<style>\n#gap-2133017490 {\n  padding-top: 30px;\n}\n<\/style>\n\t<\/div>\n\t\n<div class=\"row\"  id=\"row-535522199\">\n\n\t<div id=\"col-189744342\" class=\"col small-12 large-12\"  >\n\t\t\t\t<div class=\"col-inner\"  >\n\t\t\t\n\t\t\t\n<h2>Treniruoklio konstrukcija yra labai patvari ir lengvai pri\u017ei\u016brima<\/h2>\n<p>Concept2 treniruokliai \u017einomi d\u0117l savo patvarumo ir paprastos konstrukcijos. SkiErg\u2019ai naudojami tiek slidn\u0117jimo centruose, tiek ir sporto klubuose, priva\u010diuose namuose, kariuomen\u0117s mokymo centruose visame pasaulyje.<\/p>\n<h2>Kas \u012feina \u012f komplekt\u0105?<\/h2>\n<p>\u012e komplekt\u0105 \u012feina:<\/p>\n<ul>\n<li>PM5 monitorius su naudojimosi instrukcija<\/li>\n<li>Treniruoklio surinkimo instrukcija ir tam reikalingi \u012frankiai<\/li>\n<\/ul>\n<h2>Papildomai galima u\u017esakyti<\/h2>\n<ul>\n<li>Stov\u0105 treniruoklio mobiliam naudojimui<\/li>\n<li>Pulso dir\u017eai, kurie veikia pagal ANT+ arba Bluetooth Smart tehnologijas.<\/li>\n<\/ul>\n\t\t<\/div>\n\t\t\t\t\t<\/div>\n\n\t\n<\/div>\n<div class=\"text-center\"><div class=\"is-divider divider clearfix\" style=\"max-width:100%;\"><\/div><\/div>\n<div class=\"row\"  id=\"row-1447086312\">\n\n\t<div id=\"col-138040355\" class=\"col medium-8 small-12 large-8\"  >\n\t\t\t\t<div class=\"col-inner\"  >\n\t\t\t\n\t\t\t\n<h2>I\u0161meros:<\/h2>\n<ul>\n<li>Auk\u0161tis &#8211; 212 cm<\/li>\n<li>Plotis &#8211; 52 cm<\/li>\n<li>Gylis &#8211; 41 cm<\/li>\n<\/ul>\n\t\t<\/div>\n\t\t\t\t\t<\/div>\n\n\t\n\n\t<div id=\"col-366631531\" class=\"col medium-4 small-12 large-4\"  >\n\t\t\t\t<div class=\"col-inner\"  >\n\t\t\t\n\t\t\t\n\t\t<\/div>\n\t\t\t\t\t<\/div>\n\n\t\n<\/div>\n<div class=\"text-center\"><div class=\"is-divider divider clearfix\" style=\"max-width:100%;\"><\/div><\/div>\n\n  \n    <div class=\"row large-columns-5 medium-columns-3 small-columns-2 slider row-slider slider-nav-reveal\"  data-flickity-options='{&quot;imagesLoaded&quot;: true, &quot;groupCells&quot;: &quot;100%&quot;, &quot;dragThreshold&quot; : 5, &quot;cellAlign&quot;: &quot;left&quot;,&quot;wrapAround&quot;: true,&quot;prevNextButtons&quot;: true,&quot;percentPosition&quot;: true,&quot;pageDots&quot;: false, &quot;rightToLeft&quot;: false, &quot;autoPlay&quot; : false}' >\n\n  <div class=\"gallery-col col\" data-animate=\"fadeInUp\">\n          <div class=\"col-inner\">\n            <a class=\"image-lightbox lightbox-gallery\" href=\"https:\/\/dvv.concept2.ee\/wp-content\/uploads\/skierg-training-paired-push-lfa0663-1200x799.jpg\" title=\"\">            <div class=\"box has-hover gallery-box box-none\">\n              <div class=\"box-image\" >\n                <img loading=\"lazy\" decoding=\"async\" width=\"300\" height=\"300\" src=\"https:\/\/dvv.concept2.ee\/wp-content\/uploads\/skierg-training-paired-push-lfa0663-300x300.jpg\" class=\"attachment-thumbnail size-thumbnail\" alt=\"\" ids=\"978,982,986,990,994\" style=\"none\" type=\"slider\" columns=\"5\" animate=\"fadeInUp\" image_size=\"thumbnail\" srcset=\"https:\/\/dvv.concept2.ee\/wp-content\/uploads\/skierg-training-paired-push-lfa0663-300x300.jpg 300w, https:\/\/dvv.concept2.ee\/wp-content\/uploads\/skierg-training-paired-push-lfa0663-100x100.jpg 100w\" sizes=\"auto, (max-width: 300px) 100vw, 300px\" \/>                                                              <\/div>\n              <div class=\"box-text text-left\" >\n                 <p><\/p>\n              <\/div>\n            <\/div>\n            <\/a>          <\/div>\n         <\/div><div class=\"gallery-col col\" data-animate=\"fadeInUp\">\n          <div class=\"col-inner\">\n            <a class=\"image-lightbox lightbox-gallery\" href=\"https:\/\/dvv.concept2.ee\/wp-content\/uploads\/skierg-training-intermittent-push-lfa0944-1200x799.jpg\" title=\"\">            <div class=\"box has-hover gallery-box box-none\">\n              <div class=\"box-image\" >\n                <img loading=\"lazy\" decoding=\"async\" width=\"300\" height=\"300\" src=\"https:\/\/dvv.concept2.ee\/wp-content\/uploads\/skierg-training-intermittent-push-lfa0944-300x300.jpg\" class=\"attachment-thumbnail size-thumbnail\" alt=\"\" ids=\"978,982,986,990,994\" style=\"none\" type=\"slider\" columns=\"5\" animate=\"fadeInUp\" image_size=\"thumbnail\" srcset=\"https:\/\/dvv.concept2.ee\/wp-content\/uploads\/skierg-training-intermittent-push-lfa0944-300x300.jpg 300w, https:\/\/dvv.concept2.ee\/wp-content\/uploads\/skierg-training-intermittent-push-lfa0944-100x100.jpg 100w\" sizes=\"auto, (max-width: 300px) 100vw, 300px\" \/>                                                              <\/div>\n              <div class=\"box-text text-left\" >\n                 <p><\/p>\n              <\/div>\n            <\/div>\n            <\/a>          <\/div>\n         <\/div><div class=\"gallery-col col\" data-animate=\"fadeInUp\">\n          <div class=\"col-inner\">\n            <a class=\"image-lightbox lightbox-gallery\" href=\"https:\/\/dvv.concept2.ee\/wp-content\/uploads\/skierg-training-in-gym-0039-1200x800.jpg\" title=\"\">            <div class=\"box has-hover gallery-box box-none\">\n              <div class=\"box-image\" >\n                <img loading=\"lazy\" decoding=\"async\" width=\"300\" height=\"300\" src=\"https:\/\/dvv.concept2.ee\/wp-content\/uploads\/skierg-training-in-gym-0039-300x300.jpg\" class=\"attachment-thumbnail size-thumbnail\" alt=\"\" ids=\"978,982,986,990,994\" style=\"none\" type=\"slider\" columns=\"5\" animate=\"fadeInUp\" image_size=\"thumbnail\" srcset=\"https:\/\/dvv.concept2.ee\/wp-content\/uploads\/skierg-training-in-gym-0039-300x300.jpg 300w, https:\/\/dvv.concept2.ee\/wp-content\/uploads\/skierg-training-in-gym-0039-100x100.jpg 100w\" sizes=\"auto, (max-width: 300px) 100vw, 300px\" \/>                                                              <\/div>\n              <div class=\"box-text text-left\" >\n                 <p><\/p>\n              <\/div>\n            <\/div>\n            <\/a>          <\/div>\n         <\/div><div class=\"gallery-col col\" data-animate=\"fadeInUp\">\n          <div class=\"col-inner\">\n            <a class=\"image-lightbox lightbox-gallery\" href=\"https:\/\/dvv.concept2.ee\/wp-content\/uploads\/skierg-monitor-pm5-and-smartphone-dsc07826-1200x1200.jpg\" title=\"\">            <div class=\"box has-hover gallery-box box-none\">\n              <div class=\"box-image\" >\n                <img loading=\"lazy\" decoding=\"async\" width=\"300\" height=\"300\" src=\"https:\/\/dvv.concept2.ee\/wp-content\/uploads\/skierg-monitor-pm5-and-smartphone-dsc07826-300x300.jpg\" class=\"attachment-thumbnail size-thumbnail\" alt=\"\" ids=\"978,982,986,990,994\" style=\"none\" type=\"slider\" columns=\"5\" animate=\"fadeInUp\" image_size=\"thumbnail\" srcset=\"https:\/\/dvv.concept2.ee\/wp-content\/uploads\/skierg-monitor-pm5-and-smartphone-dsc07826-300x300.jpg 300w, https:\/\/dvv.concept2.ee\/wp-content\/uploads\/skierg-monitor-pm5-and-smartphone-dsc07826-600x600.jpg 600w, https:\/\/dvv.concept2.ee\/wp-content\/uploads\/skierg-monitor-pm5-and-smartphone-dsc07826-1200x1200.jpg 1200w, https:\/\/dvv.concept2.ee\/wp-content\/uploads\/skierg-monitor-pm5-and-smartphone-dsc07826-768x768.jpg 768w, https:\/\/dvv.concept2.ee\/wp-content\/uploads\/skierg-monitor-pm5-and-smartphone-dsc07826-1536x1536.jpg 1536w, https:\/\/dvv.concept2.ee\/wp-content\/uploads\/skierg-monitor-pm5-and-smartphone-dsc07826-2048x2048.jpg 2048w, https:\/\/dvv.concept2.ee\/wp-content\/uploads\/skierg-monitor-pm5-and-smartphone-dsc07826-100x100.jpg 100w\" sizes=\"auto, (max-width: 300px) 100vw, 300px\" \/>                                                              <\/div>\n              <div class=\"box-text text-left\" >\n                 <p><\/p>\n              <\/div>\n            <\/div>\n            <\/a>          <\/div>\n         <\/div><div class=\"gallery-col col\" data-animate=\"fadeInUp\">\n          <div class=\"col-inner\">\n            <a class=\"image-lightbox lightbox-gallery\" href=\"https:\/\/dvv.concept2.ee\/wp-content\/uploads\/skierg-handles-0511-1200x1800.jpg\" title=\"\">            <div class=\"box has-hover gallery-box box-none\">\n              <div class=\"box-image\" >\n                <img loading=\"lazy\" decoding=\"async\" width=\"300\" height=\"300\" src=\"https:\/\/dvv.concept2.ee\/wp-content\/uploads\/skierg-handles-0511-300x300.jpg\" class=\"attachment-thumbnail size-thumbnail\" alt=\"\" ids=\"978,982,986,990,994\" style=\"none\" type=\"slider\" columns=\"5\" animate=\"fadeInUp\" image_size=\"thumbnail\" srcset=\"https:\/\/dvv.concept2.ee\/wp-content\/uploads\/skierg-handles-0511-300x300.jpg 300w, https:\/\/dvv.concept2.ee\/wp-content\/uploads\/skierg-handles-0511-100x100.jpg 100w\" sizes=\"auto, (max-width: 300px) 100vw, 300px\" \/>                                                              <\/div>\n              <div class=\"box-text text-left\" >\n                 <p><\/p>\n              <\/div>\n            <\/div>\n            <\/a>          <\/div>\n         <\/div><\/div>\n\t<div id=\"gap-1461843164\" class=\"gap-element clearfix\" style=\"display:block; height:auto;\">\n\t\t\n<style>\n#gap-1461843164 {\n  padding-top: 30px;\n}\n<\/style>\n\t<\/div>\n\t\n<a href=\"https:\/\/dvv.concept2.ee\/product\/skierg-monitoriga-pm5\/\" class=\"button primary\"><span>U\u017esakyti<\/span><\/a>\n<a href=\"https:\/\/dvv.concept2.ee\/rent\/uldtingimused\/\" class=\"button primary\"><span>I\u0161sinuomuok<\/span><\/a>\n\t\t<\/div>\n\t\t\t\t\t<\/div>\n\n\t\n<\/div>\n","protected":false},"excerpt":{"rendered":"","protected":false},"author":2,"featured_media":370,"parent":1191,"menu_order":0,"comment_status":"closed","ping_status":"closed","template":"","meta":{"footnotes":""},"class_list":["post-1076","page","type-page","status-publish","has-post-thumbnail","hentry"],"_links":{"self":[{"href":"https:\/\/dvv.concept2.ee\/lt\/wp-json\/wp\/v2\/pages\/1076","targetHints":{"allow":["GET"]}}],"collection":[{"href":"https:\/\/dvv.concept2.ee\/lt\/wp-json\/wp\/v2\/pages"}],"about":[{"href":"https:\/\/dvv.concept2.ee\/lt\/wp-json\/wp\/v2\/types\/page"}],"author":[{"embeddable":true,"href":"https:\/\/dvv.concept2.ee\/lt\/wp-json\/wp\/v2\/users\/2"}],"replies":[{"embeddable":true,"href":"https:\/\/dvv.concept2.ee\/lt\/wp-json\/wp\/v2\/comments?post=1076"}],"version-history":[{"count":0,"href":"https:\/\/dvv.concept2.ee\/lt\/wp-json\/wp\/v2\/pages\/1076\/revisions"}],"up":[{"embeddable":true,"href":"https:\/\/dvv.concept2.ee\/lt\/wp-json\/wp\/v2\/pages\/1191"}],"wp:featuredmedia":[{"embeddable":true,"href":"https:\/\/dvv.concept2.ee\/lt\/wp-json\/wp\/v2\/media\/370"}],"wp:attachment":[{"href":"https:\/\/dvv.concept2.ee\/lt\/wp-json\/wp\/v2\/media?parent=1076"}],"curies":[{"name":"wp","href":"https:\/\/api.w.org\/{rel}","templated":true}]}}