{"id":1090,"date":"2024-11-23T23:22:12","date_gmt":"2024-11-23T21:22:12","guid":{"rendered":"https:\/\/dvv.concept2.ee\/?page_id=1090"},"modified":"2025-03-20T14:39:01","modified_gmt":"2025-03-20T12:39:01","slug":"bikeerg","status":"publish","type":"page","link":"https:\/\/dvv.concept2.ee\/lt\/ivadas\/bikeerg\/","title":{"rendered":"BikeErg"},"content":{"rendered":"\n  <div class=\"banner has-hover hero has-parallax\" id=\"banner-13977451\">\n          <div class=\"banner-inner fill\">\n        <div class=\"banner-bg fill\" data-parallax=\"-1\" data-parallax-container=\".banner\" data-parallax-background>\n            <img loading=\"lazy\" decoding=\"async\" width=\"1200\" height=\"600\" src=\"https:\/\/dvv.concept2.ee\/wp-content\/uploads\/banner-bikeerg-69.jpg\" class=\"bg attachment-original size-original\" alt=\"\" \/>                                    \n                    <\/div>\n\t\t\n        <div class=\"banner-layers container\">\n            <div class=\"fill banner-link\"><\/div>            \n   <div id=\"text-box-766768574\" class=\"text-box banner-layer x50 md-x50 lg-x50 y95 md-y95 lg-y95 res-text\">\n                                <div class=\"text-box-content text dark\">\n              \n              <div class=\"text-inner text-center\">\n                  \n<h1>BikeErg<\/h1>\n              <\/div>\n           <\/div>\n                            \n<style>\n#text-box-766768574 {\n  width: 90%;\n}\n#text-box-766768574 .text-box-content {\n  font-size: 100%;\n}\n<\/style>\n    <\/div>\n \n        <\/div>\n      <\/div>\n\n            \n<style>\n#banner-13977451 {\n  padding-top: 50%;\n  background-color: rgb(255,255,255);\n}\n<\/style>\n  <\/div>\n\n\n<div class=\"row col-middle\"  id=\"row-64049118\">\n\n\t<div id=\"col-1224151794\" class=\"col small-12 large-12\"  >\n\t\t\t\t<div class=\"col-inner\"  >\n\t\t\t\n\t\t\t\n<div class=\"row\"  id=\"row-1961985294\">\n\n\t<div id=\"col-164247505\" class=\"col medium-8 small-12 large-8\"  >\n\t\t\t\t<div class=\"col-inner\"  >\n\t\t\t\n\t\t\t\n<p class=\"lead\">&#8222;Concept2 BikeErg&#8221; yra naujausias m\u016bs\u0173 sportini\u0173 ergometr\u0173 \u0161eimos gaminys. &#8222;BikeErg&#8221; turi tok\u012f pat\u012f smagrat\u012f ir monitori\u0173 kaip ir m\u016bs\u0173 &#8222;Concept2&#8221; u\u017edar\u0173 patalp\u0173 irklavimo treniruokliai bei &#8222;SkiErgs&#8221;, tod\u0117l dvira\u010dio mynimas dabar pasi\u017eymi tokiais prana\u0161umais ir funkcijomis, kurias anks\u010diau \u012fdieg\u0117me irklavimo bei slidin\u0117jimo treniruokliuose.<\/p>\n<p>Smagratis veikia nuo oro pasiprie\u0161inimo, tod\u0117l reaguodamas \u012f pasirinkt\u0105 greit\u012f, veikia tolygiai ir tyliai. Slopintuvas yra &#8222;pavar\u0173 d\u0117\u017e\u0117&#8221;, leid\u017eianti susireguliuoti pasiprie\u0161inimo lyg\u012f. Skirtingai nuo daugelio stacionari\u0173 dvira\u010di\u0173, &#8222;BikeErg&#8221; turi sankab\u0105, taigi, yra kaip tikras dviratis \u2013 kai nustojate minti, smagratis sukasi toliau.<\/p>\n<p>Modernus monitorius i\u0161 karto parodo treniruot\u0117s rezultatus, taip pat pateikia \u012fvairius pasirinkimus ir treniruotes. Monitorius yra sukalibruotas, tod\u0117l gal\u0117site palyginti savo ir kit\u0173 \u017emoni\u0173 laikus bei atstumus, taip pat steb\u0117ti savo pa\u017eang\u0105.<\/p>\n<p>&#8222;BikeErg&#8221; suk\u016br\u0117 kompanija, turinti daugiau kaip 40 met\u0173 patirties naujovi\u0161k\u0173, auk\u0161tos kokyb\u0117s produkt\u0173 gamyboje. Nepriklausomai nuo to, kokio tipo dvira\u010di\u0173 treniruo\u010di\u0173 u\u017edarose patalpose norite \u2013 ar siekiate \u012fgyti ger\u0105 sportin\u0119 form\u0105, ar norite geriau pasirodyti kitose savo lenktyn\u0117se \u2013 &#8222;Concept2 BikeErg&#8221; jums yra idealus prietaisas.<\/p>\n\t\t<\/div>\n\t\t\t\t\t<\/div>\n\n\t\n\n\t<div id=\"col-1039707773\" class=\"col medium-4 small-12 large-4\"  >\n\t\t\t\t<div class=\"col-inner\"  >\n\t\t\t\n\t\t\t\n\t<div class=\"img has-hover x md-x lg-x y md-y lg-y\" id=\"image_274752291\">\n\t\t\t\t\t\t<div data-animate=\"fadeInRight\">\t\t<div class=\"img-inner dark\" >\n\t\t\t<img loading=\"lazy\" decoding=\"async\" width=\"600\" height=\"900\" src=\"https:\/\/dvv.concept2.ee\/wp-content\/uploads\/bikeerg-with-tablet-118-600x900.jpg\" class=\"attachment-medium size-medium\" alt=\"\" srcset=\"https:\/\/dvv.concept2.ee\/wp-content\/uploads\/bikeerg-with-tablet-118-600x900.jpg 600w, https:\/\/dvv.concept2.ee\/wp-content\/uploads\/bikeerg-with-tablet-118-768x1152.jpg 768w, https:\/\/dvv.concept2.ee\/wp-content\/uploads\/bikeerg-with-tablet-118.jpg 900w\" sizes=\"auto, (max-width: 600px) 100vw, 600px\" \/>\t\t\t\t\t\t\n\t\t\t\t\t<\/div>\n\t\t<\/div>\t\t\t\t\t\t\n<style>\n#image_274752291 {\n  width: 100%;\n}\n<\/style>\n\t<\/div>\n\t\n\t\t<\/div>\n\t\t\t\t\t<\/div>\n\n\t\n<\/div>\n<div class=\"text-center\"><div class=\"is-divider divider clearfix\" style=\"max-width:100%;\"><\/div><\/div>\n<div class=\"row\"  id=\"row-1171765716\">\n\n\t<div id=\"col-1131786661\" class=\"col medium-8 small-12 large-8\"  >\n\t\t\t\t<div class=\"col-inner\"  >\n\t\t\t\n\t\t\t\n<h2>Savybes<\/h2>\n<h3>Monitorius PM5<\/h3>\n<p>Kiekviename &#8222;BikeErg&#8221; yra m\u016bs\u0173 pa\u017eangiausias monitorius PM5. Kiekvienu va\u017eiavimu efektyvusis PM5 pakartotinai pateikia lyginamuosius duomenis. PM5 leid\u017eia naudotis automatiniu &#8222;Just Ride&#8221; re\u017eimu arba leid\u017eia nusistatyti \u012fvairias treniruotes. Monitorius pateikia \u012fvairius duomenis, \u012fskaitant greit\u012f, vatus, ritm\u0105 (apsisukimus per minut\u0119) ir kalorijas bei automati\u0161kai i\u0161saugo \u0161i\u0105 informacij\u0105. Jei maitinimas negaunamas i\u0161 smagra\u010dio, PM5 naudoja 2 D elemento baterij\u0173 energij\u0105.<\/p>\n<h3>Prisijunkite<\/h3>\n<p>&#8222;BikeErg&#8221; PM5 monitorius turi ir &#8222;Bluetooth&#8221;, ir ANT+ belaid\u012f ry\u0161\u012f, tod\u0117l j\u012f galima prijungti prie daugelio \u0161irdies ritmo dir\u017e\u0173, k\u016bno rengybos prietais\u0173 ir program\u0173. Nemokama &#8222;<a href=\"http:\/\/www.concept2.com\/service\/software\/ergdata\" target=\"_blank\" rel=\"noopener\">Concept2 ErgData<\/a>&#8221;\u00a0programa padeda steb\u0117ti savo treniruotes ir gali b\u016bti sinchronizuota su &#8222;<a href=\"https:\/\/log.concept2.com\/\" target=\"_blank\" rel=\"noopener\">Concept2 Online Logbook<\/a>&#8222;.<\/p>\n<h3>Smagratis ir slopintuvas<\/h3>\n<p>Siekiant reaguojan\u010dio nepertraukiamo pasiprie\u0161inimo, &#8222;BikeErg&#8221; yra \u012frengtas tokios pa\u010dios konstrukcijos smagratis kaip ir m\u016bs\u0173 u\u017edar\u0173 patalp\u0173 irklavimo treniruokliuose bei &#8222;SkiErg&#8221;. Smagratis leid\u017eia vis\u0105 laik\u0105 pilnai kontroliuoti savo greit\u012f ir pasiprie\u0161inim\u0105. Slopintuvas leid\u017eia treniruot\u0117s metu greitai sureguliuoti oro sraut\u0105 \u012f smagrat\u012f. Tai pana\u0161u \u012f dvira\u010dio pavar\u0173 keitim\u0105. Slopintuvo atidarymas ir didesnio oro kiekio \u012fleidimas \u012f smagrat\u012f yra tarsi perjungimas \u012f didesn\u0119 pavar\u0105. Slopintuvo u\u017edarymas \u2013 tai &#8222;ma\u017eesn\u0117s pavaros \u012fjungimas&#8221;.<\/p>\n<h3>Reguliuojama s\u0117dyn\u0117 ir rankenos<\/h3>\n<p>Tiek s\u0117dyn\u0117s, tiek ranken\u0173 pad\u0117tis yra lengvai reguliuojama. Naudodamiesi m\u016bs\u0173 saugia ir patogia sistema be reketo mechanizmo galite nusistatyti s\u0117dyn\u0117s auk\u0161t\u012f. Priekin\u0119 ir galin\u0119 s\u0117dyn\u0117s pad\u0117t\u012f bei kamp\u0105 galima sureguliuoti individualiai. Rankenos juda auk\u0161tyn ir \u017eemyn, \u012f priek\u012f ir atgal, o pasirinkus vien\u0105 i\u0161 trij\u0173 skirting\u0173 ranken\u0173 mynimo variant\u0173, galite lengvai surasti sau patogiausi\u0105 nustatym\u0105.<\/p>\n<h3>Pritaikykite va\u017eiavim\u0105 dvira\u010diu sau<\/h3>\n<p>Norite va\u017eiuoti savo dvira\u010diu? &#8222;BikeErg&#8221; tinka daugelis standartini\u0173 dvira\u010dio dali\u0173, taigi, galite patogiai naudotis savo s\u0117dyne, rankenomis ir pedalais bei pajusti nuosavo dvira\u010dio privalumus.<\/p>\n<h3>Be grandin\u0117s<\/h3>\n<p>&#8222;BikeErg&#8221; vietoje grandin\u0117s yra panaudoti labai stipr\u016bs dir\u017eai su daug grioveli\u0173, tod\u0117l mynimas yra tylus. Dir\u017eai yra savaime \u012fsitempiantys, kas pailgina j\u0173 tarnavimo laik\u0105 ir suma\u017eina technin\u0117s prie\u017ei\u016bros i\u0161laidas.<\/p>\n\t\t<\/div>\n\t\t\t\t\t<\/div>\n\n\t\n\n\t<div id=\"col-1295349994\" class=\"col medium-4 small-12 large-4\"  >\n\t\t\t\t<div class=\"col-inner\"  >\n\t\t\t\n\t\t\t\n\t<div class=\"img has-hover x md-x lg-x y md-y lg-y\" id=\"image_1293326245\">\n\t\t\t\t\t\t<div data-animate=\"fadeInRight\">\t\t<div class=\"img-inner dark\" >\n\t\t\t<img loading=\"lazy\" decoding=\"async\" width=\"768\" height=\"768\" src=\"https:\/\/dvv.concept2.ee\/wp-content\/uploads\/performance-monitor-pm5-front-on-768x768.jpg\" class=\"attachment-medium_large size-medium_large\" alt=\"\" srcset=\"https:\/\/dvv.concept2.ee\/wp-content\/uploads\/performance-monitor-pm5-front-on-768x768.jpg 768w, https:\/\/dvv.concept2.ee\/wp-content\/uploads\/performance-monitor-pm5-front-on-600x600.jpg 600w, https:\/\/dvv.concept2.ee\/wp-content\/uploads\/performance-monitor-pm5-front-on-1200x1200.jpg 1200w, https:\/\/dvv.concept2.ee\/wp-content\/uploads\/performance-monitor-pm5-front-on-300x300.jpg 300w, https:\/\/dvv.concept2.ee\/wp-content\/uploads\/performance-monitor-pm5-front-on-1536x1536.jpg 1536w, https:\/\/dvv.concept2.ee\/wp-content\/uploads\/performance-monitor-pm5-front-on-2048x2048.jpg 2048w, https:\/\/dvv.concept2.ee\/wp-content\/uploads\/performance-monitor-pm5-front-on-100x100.jpg 100w\" sizes=\"auto, (max-width: 768px) 100vw, 768px\" \/>\t\t\t\t\t\t\n\t\t\t\t\t<\/div>\n\t\t<\/div>\t\t\t\t\t\t\n<style>\n#image_1293326245 {\n  width: 100%;\n}\n<\/style>\n\t<\/div>\n\t\n\t\t<\/div>\n\t\t\t\t\t<\/div>\n\n\t\n<\/div>\n<div class=\"text-center\"><div class=\"is-divider divider clearfix\" style=\"max-width:100%;\"><\/div><\/div>\n<div class=\"row\"  id=\"row-1637342352\">\n\n\t<div id=\"col-1665711501\" class=\"col medium-8 small-12 large-8\"  >\n\t\t\t\t<div class=\"col-inner\"  >\n\t\t\t\n\t\t\t\n<h2>I\u0161matavimai<\/h2>\n<ul>\n<li>Ilgis 122 cm, Plotis 61 cm<\/li>\n<li>Skriejikas 170 mm<\/li>\n<li>Svoris 26 kg<\/li>\n<\/ul>\n\t\t<\/div>\n\t\t\t\t\t<\/div>\n\n\t\n\n\t<div id=\"col-1643573359\" class=\"col medium-4 small-12 large-4\"  >\n\t\t\t\t<div class=\"col-inner\"  >\n\t\t\t\n\t\t\t\n\t\t<\/div>\n\t\t\t\t\t<\/div>\n\n\t\n<\/div>\n<div class=\"text-center\"><div class=\"is-divider divider clearfix\" style=\"max-width:100%;\"><\/div><\/div>\n\n  \n    <div class=\"row large-columns-5 medium-columns-3 small-columns-2 slider row-slider slider-nav-reveal\"  data-flickity-options='{&quot;imagesLoaded&quot;: true, &quot;groupCells&quot;: &quot;100%&quot;, &quot;dragThreshold&quot; : 5, &quot;cellAlign&quot;: &quot;left&quot;,&quot;wrapAround&quot;: true,&quot;prevNextButtons&quot;: true,&quot;percentPosition&quot;: true,&quot;pageDots&quot;: false, &quot;rightToLeft&quot;: false, &quot;autoPlay&quot; : false}' >\n\n  <div class=\"gallery-col col\" data-animate=\"fadeInUp\">\n          <div class=\"col-inner\">\n            <a class=\"image-lightbox lightbox-gallery\" href=\"https:\/\/dvv.concept2.ee\/wp-content\/uploads\/bikeerg-lfa3359-1200x799.jpg\" title=\"\">            <div class=\"box has-hover gallery-box box-none\">\n              <div class=\"box-image\" >\n                <img loading=\"lazy\" decoding=\"async\" width=\"300\" height=\"300\" src=\"https:\/\/dvv.concept2.ee\/wp-content\/uploads\/bikeerg-lfa3359-300x300.jpg\" class=\"attachment-thumbnail size-thumbnail\" alt=\"\" ids=\"926,930,934,938,942\" style=\"none\" type=\"slider\" columns=\"5\" animate=\"fadeInUp\" image_size=\"thumbnail\" srcset=\"https:\/\/dvv.concept2.ee\/wp-content\/uploads\/bikeerg-lfa3359-300x300.jpg 300w, https:\/\/dvv.concept2.ee\/wp-content\/uploads\/bikeerg-lfa3359-100x100.jpg 100w\" sizes=\"auto, (max-width: 300px) 100vw, 300px\" \/>                                                              <\/div>\n              <div class=\"box-text text-left\" >\n                 <p><\/p>\n              <\/div>\n            <\/div>\n            <\/a>          <\/div>\n         <\/div><div class=\"gallery-col col\" data-animate=\"fadeInUp\">\n          <div class=\"col-inner\">\n            <a class=\"image-lightbox lightbox-gallery\" href=\"https:\/\/dvv.concept2.ee\/wp-content\/uploads\/bikeerg-lfa3537-1200x800.jpg\" title=\"\">            <div class=\"box has-hover gallery-box box-none\">\n              <div class=\"box-image\" >\n                <img loading=\"lazy\" decoding=\"async\" width=\"300\" height=\"300\" src=\"https:\/\/dvv.concept2.ee\/wp-content\/uploads\/bikeerg-lfa3537-300x300.jpg\" class=\"attachment-thumbnail size-thumbnail\" alt=\"\" ids=\"926,930,934,938,942\" style=\"none\" type=\"slider\" columns=\"5\" animate=\"fadeInUp\" image_size=\"thumbnail\" srcset=\"https:\/\/dvv.concept2.ee\/wp-content\/uploads\/bikeerg-lfa3537-300x300.jpg 300w, https:\/\/dvv.concept2.ee\/wp-content\/uploads\/bikeerg-lfa3537-100x100.jpg 100w\" sizes=\"auto, (max-width: 300px) 100vw, 300px\" \/>                                                              <\/div>\n              <div class=\"box-text text-left\" >\n                 <p><\/p>\n              <\/div>\n            <\/div>\n            <\/a>          <\/div>\n         <\/div><div class=\"gallery-col col\" data-animate=\"fadeInUp\">\n          <div class=\"col-inner\">\n            <a class=\"image-lightbox lightbox-gallery\" href=\"https:\/\/dvv.concept2.ee\/wp-content\/uploads\/bikeerg-lfa3551_detail-1200x799.jpg\" title=\"\">            <div class=\"box has-hover gallery-box box-none\">\n              <div class=\"box-image\" >\n                <img loading=\"lazy\" decoding=\"async\" width=\"300\" height=\"300\" src=\"https:\/\/dvv.concept2.ee\/wp-content\/uploads\/bikeerg-lfa3551_detail-300x300.jpg\" class=\"attachment-thumbnail size-thumbnail\" alt=\"\" ids=\"926,930,934,938,942\" style=\"none\" type=\"slider\" columns=\"5\" animate=\"fadeInUp\" image_size=\"thumbnail\" srcset=\"https:\/\/dvv.concept2.ee\/wp-content\/uploads\/bikeerg-lfa3551_detail-300x300.jpg 300w, https:\/\/dvv.concept2.ee\/wp-content\/uploads\/bikeerg-lfa3551_detail-100x100.jpg 100w\" sizes=\"auto, (max-width: 300px) 100vw, 300px\" \/>                                                              <\/div>\n              <div class=\"box-text text-left\" >\n                 <p><\/p>\n              <\/div>\n            <\/div>\n            <\/a>          <\/div>\n         <\/div><div class=\"gallery-col col\" data-animate=\"fadeInUp\">\n          <div class=\"col-inner\">\n            <a class=\"image-lightbox lightbox-gallery\" href=\"https:\/\/dvv.concept2.ee\/wp-content\/uploads\/bikeerg-lfa3369_detail-1200x799.jpg\" title=\"\">            <div class=\"box has-hover gallery-box box-none\">\n              <div class=\"box-image\" >\n                <img loading=\"lazy\" decoding=\"async\" width=\"300\" height=\"300\" src=\"https:\/\/dvv.concept2.ee\/wp-content\/uploads\/bikeerg-lfa3369_detail-300x300.jpg\" class=\"attachment-thumbnail size-thumbnail\" alt=\"\" ids=\"926,930,934,938,942\" style=\"none\" type=\"slider\" columns=\"5\" animate=\"fadeInUp\" image_size=\"thumbnail\" srcset=\"https:\/\/dvv.concept2.ee\/wp-content\/uploads\/bikeerg-lfa3369_detail-300x300.jpg 300w, https:\/\/dvv.concept2.ee\/wp-content\/uploads\/bikeerg-lfa3369_detail-100x100.jpg 100w\" sizes=\"auto, (max-width: 300px) 100vw, 300px\" \/>                                                              <\/div>\n              <div class=\"box-text text-left\" >\n                 <p><\/p>\n              <\/div>\n            <\/div>\n            <\/a>          <\/div>\n         <\/div><div class=\"gallery-col col\" data-animate=\"fadeInUp\">\n          <div class=\"col-inner\">\n            <a class=\"image-lightbox lightbox-gallery\" href=\"https:\/\/dvv.concept2.ee\/wp-content\/uploads\/bikeerg-lfa3532-1200x799.jpg\" title=\"\">            <div class=\"box has-hover gallery-box box-none\">\n              <div class=\"box-image\" >\n                <img loading=\"lazy\" decoding=\"async\" width=\"300\" height=\"300\" src=\"https:\/\/dvv.concept2.ee\/wp-content\/uploads\/bikeerg-lfa3532-300x300.jpg\" class=\"attachment-thumbnail size-thumbnail\" alt=\"\" ids=\"926,930,934,938,942\" style=\"none\" type=\"slider\" columns=\"5\" animate=\"fadeInUp\" image_size=\"thumbnail\" srcset=\"https:\/\/dvv.concept2.ee\/wp-content\/uploads\/bikeerg-lfa3532-300x300.jpg 300w, https:\/\/dvv.concept2.ee\/wp-content\/uploads\/bikeerg-lfa3532-100x100.jpg 100w\" sizes=\"auto, (max-width: 300px) 100vw, 300px\" \/>                                                              <\/div>\n              <div class=\"box-text text-left\" >\n                 <p><\/p>\n              <\/div>\n            <\/div>\n            <\/a>          <\/div>\n         <\/div><\/div>\n\t<div id=\"gap-1334730767\" class=\"gap-element clearfix\" style=\"display:block; height:auto;\">\n\t\t\n<style>\n#gap-1334730767 {\n  padding-top: 30px;\n}\n<\/style>\n\t<\/div>\n\t\n<a href=\"https:\/\/dvv.concept2.ee\/product\/bikeerg\/\" class=\"button primary\"><span>U\u017esakyti<\/span><\/a>\n<a href=\"https:\/\/dvv.concept2.ee\/rent\/uldtingimused\/\" class=\"button primary\"><span>I\u0161sinuomuok<\/span><\/a>\n\t\t<\/div>\n\t\t\t\t\t<\/div>\n\n\t\n<\/div>\n","protected":false},"excerpt":{"rendered":"","protected":false},"author":2,"featured_media":463,"parent":1191,"menu_order":0,"comment_status":"closed","ping_status":"closed","template":"","meta":{"footnotes":""},"class_list":["post-1090","page","type-page","status-publish","has-post-thumbnail","hentry"],"_links":{"self":[{"href":"https:\/\/dvv.concept2.ee\/lt\/wp-json\/wp\/v2\/pages\/1090","targetHints":{"allow":["GET"]}}],"collection":[{"href":"https:\/\/dvv.concept2.ee\/lt\/wp-json\/wp\/v2\/pages"}],"about":[{"href":"https:\/\/dvv.concept2.ee\/lt\/wp-json\/wp\/v2\/types\/page"}],"author":[{"embeddable":true,"href":"https:\/\/dvv.concept2.ee\/lt\/wp-json\/wp\/v2\/users\/2"}],"replies":[{"embeddable":true,"href":"https:\/\/dvv.concept2.ee\/lt\/wp-json\/wp\/v2\/comments?post=1090"}],"version-history":[{"count":0,"href":"https:\/\/dvv.concept2.ee\/lt\/wp-json\/wp\/v2\/pages\/1090\/revisions"}],"up":[{"embeddable":true,"href":"https:\/\/dvv.concept2.ee\/lt\/wp-json\/wp\/v2\/pages\/1191"}],"wp:featuredmedia":[{"embeddable":true,"href":"https:\/\/dvv.concept2.ee\/lt\/wp-json\/wp\/v2\/media\/463"}],"wp:attachment":[{"href":"https:\/\/dvv.concept2.ee\/lt\/wp-json\/wp\/v2\/media?parent=1090"}],"curies":[{"name":"wp","href":"https:\/\/api.w.org\/{rel}","templated":true}]}}