{"id":1108,"date":"2024-12-12T14:16:19","date_gmt":"2024-12-12T12:16:19","guid":{"rendered":"https:\/\/dvv.concept2.ee\/?page_id=1108"},"modified":"2025-03-20T14:40:52","modified_gmt":"2025-03-20T12:40:52","slug":"monitorius-pm5","status":"publish","type":"page","link":"https:\/\/dvv.concept2.ee\/lt\/ivadas\/monitorius-pm5\/","title":{"rendered":"Monitorius PM5"},"content":{"rendered":"\n  <div class=\"banner has-hover hero has-parallax\" id=\"banner-336909509\">\n          <div class=\"banner-inner fill\">\n        <div class=\"banner-bg fill\" data-parallax=\"-2\" data-parallax-container=\".banner\" data-parallax-background>\n            <img loading=\"lazy\" decoding=\"async\" width=\"1200\" height=\"600\" src=\"https:\/\/dvv.concept2.ee\/wp-content\/uploads\/banner-performance-monitor-pm5-1820.jpg\" class=\"bg attachment-original size-original\" alt=\"\" \/>                                    \n                    <\/div>\n\t\t\n        <div class=\"banner-layers container\">\n            <div class=\"fill banner-link\"><\/div>            \n   <div id=\"text-box-1438212859\" class=\"text-box banner-layer x50 md-x50 lg-x50 y95 md-y95 lg-y95 res-text\">\n                                <div class=\"text-box-content text dark\">\n              \n              <div class=\"text-inner text-center\">\n                  \n<h1>Monitorius PM5<\/h1>\n              <\/div>\n           <\/div>\n                            \n<style>\n#text-box-1438212859 {\n  width: 90%;\n}\n#text-box-1438212859 .text-box-content {\n  font-size: 100%;\n}\n<\/style>\n    <\/div>\n \n        <\/div>\n      <\/div>\n\n            \n<style>\n#banner-336909509 {\n  padding-top: 50%;\n  background-color: rgb(255,255,255);\n}\n<\/style>\n  <\/div>\n\n\n<div class=\"row col-middle\"  id=\"row-1998325897\">\n\n\t<div id=\"col-1450255221\" class=\"col small-12 large-12\"  >\n\t\t\t\t<div class=\"col-inner\"  >\n\t\t\t\n\t\t\t\n<div class=\"row\"  id=\"row-83511196\">\n\n\t<div id=\"col-69063942\" class=\"col medium-8 small-12 large-8\"  >\n\t\t\t\t<div class=\"col-inner\"  >\n\t\t\t\n\t\t\t\n<h3>Funkcijos<\/h3>\n<p>PM5 yra naujausias Concept2 monitorius. Jame rasite tik geriausi\u0173 prie\u0161 tai buvusi\u0173 monitori\u0173 savybi\u0173 rinkin\u012f \u2013 funkcionalumas bei legvas naudojimas. Monitorius \u012fsijungia i\u0161karto, kai pradedate treniruot\u0119. Tam nereikia naudoti joki\u0173 mygtuk\u0173.<\/p>\n<h3>Duomenys ir ekranai<\/h3>\n<p>Treniruot\u0117s metu PM5 monitorius leid\u017eia pamatyti \u012fveikt\u0105 atstum\u0105, laik\u0105, greit\u012f, temp\u0105, sudegintas kalorijas arba vatus. Taip pat galima i\u0161sirinkti vien\u0105 i\u0161 5 ekrano vaizd\u0173: visi duomenys, j\u0117gos grafikas, prie\u0161ininko valtis arba slidininkas, vat\u0173 diagramos arba dideli u\u017era\u0161ai.<\/p>\n<p>PM5 motorius turi ekrano ap\u0161vietim\u0105. Jis \u012fsijungia automati\u0161kai, kai pradedate irkluoti ir veikia visos treniruot\u0117s metu.<\/p>\n\t\t<\/div>\n\t\t\t\t\t<\/div>\n\n\t\n\n\t<div id=\"col-1819228123\" class=\"col medium-4 small-12 large-4\"  >\n\t\t\t\t<div class=\"col-inner\"  >\n\t\t\t\n\t\t\t\n\t<div class=\"img has-hover x md-x lg-x y md-y lg-y\" id=\"image_1329542702\">\n\t\t\t\t\t\t<div data-animate=\"fadeInRight\">\t\t<div class=\"img-inner dark\" >\n\t\t\t<img loading=\"lazy\" decoding=\"async\" width=\"600\" height=\"600\" src=\"https:\/\/dvv.concept2.ee\/wp-content\/uploads\/performance-monitor-pm5-front-on-600x600.jpg\" class=\"attachment-medium size-medium\" alt=\"\" srcset=\"https:\/\/dvv.concept2.ee\/wp-content\/uploads\/performance-monitor-pm5-front-on-600x600.jpg 600w, https:\/\/dvv.concept2.ee\/wp-content\/uploads\/performance-monitor-pm5-front-on-1200x1200.jpg 1200w, https:\/\/dvv.concept2.ee\/wp-content\/uploads\/performance-monitor-pm5-front-on-300x300.jpg 300w, https:\/\/dvv.concept2.ee\/wp-content\/uploads\/performance-monitor-pm5-front-on-768x768.jpg 768w, https:\/\/dvv.concept2.ee\/wp-content\/uploads\/performance-monitor-pm5-front-on-1536x1536.jpg 1536w, https:\/\/dvv.concept2.ee\/wp-content\/uploads\/performance-monitor-pm5-front-on-2048x2048.jpg 2048w, https:\/\/dvv.concept2.ee\/wp-content\/uploads\/performance-monitor-pm5-front-on-100x100.jpg 100w\" sizes=\"auto, (max-width: 600px) 100vw, 600px\" \/>\t\t\t\t\t\t\n\t\t\t\t\t<\/div>\n\t\t<\/div>\t\t\t\t\t\t\n<style>\n#image_1329542702 {\n  width: 100%;\n}\n<\/style>\n\t<\/div>\n\t\n\t\t<\/div>\n\t\t\t\t\t<\/div>\n\n\t\n<\/div>\n<div class=\"row\"  id=\"row-131026226\">\n\n\t<div id=\"col-1125627143\" class=\"col small-12 large-12\"  >\n\t\t\t\t<div class=\"col-inner\"  >\n\t\t\t\n\t\t\t\n<h3>Belaidinis pulso stebejimas<\/h3>\n<p>PM5 monitorius turi ANT+ ja Bluetooth Smart duomen\u0173 perdavimo tehnologij\u0105. Tam, kad gal\u0117tum\u0117te pasinaudoti \u0161ia funkcija, Jums reikia pulsometro dir\u017eo, kuris veikt\u0173 pagal vien\u0105 i\u0161 pamin\u0117t\u0173 princip\u0173.<\/p>\n<h3>Treniruot\u0117s duomen\u0173 saugojimas<\/h3>\n<p>PM5 monitorius turi galimyb\u0119 i\u0161saugoti treniruo\u010di\u0173 rezultatus tiek vidin\u0117je, tiek i\u0161orin\u0117je atmintyje, naudojant USB atmintin\u0119 kort\u0117le. Taip pat USB atmintin\u0119 kort\u0117le suteikia galimyb\u0119 i\u0161saugoti savo m\u0117gstamiausias treniruotes ir palengvina duomen\u0173 perk\u0117lim\u0105 \u012f kompiuter\u012f. Naudojant nemokam\u0105 Concept2 Utility program\u0105, treniruo\u010di\u0173 duomenis galima \u012fkelti \u012f Concept2 logbook internetin\u0119 svetain\u0119 arba i\u0161saugoti kompiuteryje.<\/p>\n<p>Monitorius atpa\u017eysta tik FAT ir FAT32 USB flash formatus.<\/p>\n<h3>Maitinimas<\/h3>\n<p>PM5 monitorius naudoja dvi D tipo baterijas. Treniruot\u0117s metu monitorius naudoja generatoriaus energij\u0105, o tai prailgina baterij\u0173 gyvenim\u0105.<\/p>\n<h3>\u017daidimai<\/h3>\n<p>\u017daidimai skirti ne tik vaikams. Jei reikalinga papildoma motyvacija arba norisi pa\u012fvairinti kasdien\u0119 treniruot\u0119, rinktis galite i\u0161 4 \u017eaidim\u0173:\u00a0<em>Fish Game<\/em>\u00a0(\u017euvy\u010di\u0173 \u017eaidimas),\u00a0<em>Darts<\/em>\u00a0(dartai),\u00a0<em>Target Training<\/em>\u00a0(tikslin\u0117 treniruot\u0117) arba\u00a0<em>Biathlon<\/em>\u00a0(biatlonas).<\/p>\n\t<div class=\"img has-hover x md-x lg-x y md-y lg-y\" id=\"image_1634233986\">\n\t\t\t\t\t\t\t\t<div class=\"img-inner dark\" >\n\t\t\t<img loading=\"lazy\" decoding=\"async\" width=\"1000\" height=\"200\" src=\"https:\/\/dvv.concept2.ee\/wp-content\/uploads\/performance-monitor-pm5-games.jpg\" class=\"attachment-large size-large\" alt=\"\" srcset=\"https:\/\/dvv.concept2.ee\/wp-content\/uploads\/performance-monitor-pm5-games.jpg 1000w, https:\/\/dvv.concept2.ee\/wp-content\/uploads\/performance-monitor-pm5-games-600x120.jpg 600w, https:\/\/dvv.concept2.ee\/wp-content\/uploads\/performance-monitor-pm5-games-768x154.jpg 768w\" sizes=\"auto, (max-width: 1000px) 100vw, 1000px\" \/>\t\t\t\t\t\t\n\t\t\t\t\t<\/div>\n\t\t\t\t\t\t\t\t\n<style>\n#image_1634233986 {\n  width: 100%;\n}\n<\/style>\n\t<\/div>\n\t\n<h3>Var\u017eybos<\/h3>\n<p>PM5 monitoriaus tikslumas suteikia galimyb\u0119 vygdyti var\u017eybas. Tam atlikti galima naudoti tiek laidin\u012f, tiek belaid\u012f treniruokli\u0173 jungimo b\u016bd\u0105.<\/p>\n\t\t<\/div>\n\t\t\t\t\t<\/div>\n\n\t\n<\/div>\n<div class=\"text-center\"><div class=\"is-divider divider clearfix\" style=\"max-width:100%;\"><\/div><\/div>\n\n  \n    <div class=\"row hidden large-columns-5 medium-columns-3 small-columns-2 slider row-slider slider-nav-reveal\"  data-flickity-options='{&quot;imagesLoaded&quot;: true, &quot;groupCells&quot;: &quot;100%&quot;, &quot;dragThreshold&quot; : 5, &quot;cellAlign&quot;: &quot;left&quot;,&quot;wrapAround&quot;: true,&quot;prevNextButtons&quot;: true,&quot;percentPosition&quot;: true,&quot;pageDots&quot;: false, &quot;rightToLeft&quot;: false, &quot;autoPlay&quot; : false}' >\n\n  <div class=\"gallery-col col\" data-animate=\"fadeInUp\">\n          <div class=\"col-inner\">\n            <a class=\"image-lightbox lightbox-gallery\" href=\"https:\/\/dvv.concept2.ee\/wp-content\/uploads\/concept2-slide-01.jpg\" title=\"\">            <div class=\"box has-hover gallery-box box-none\">\n              <div class=\"box-image\" >\n                <img loading=\"lazy\" decoding=\"async\" width=\"300\" height=\"300\" src=\"https:\/\/dvv.concept2.ee\/wp-content\/uploads\/concept2-slide-01-300x300.jpg\" class=\"attachment-thumbnail size-thumbnail\" alt=\"\" ids=\"440,444,448,452,456\" style=\"none\" type=\"slider\" columns=\"5\" animate=\"fadeInUp\" image_size=\"thumbnail\" visibility=\"hidden\" srcset=\"https:\/\/dvv.concept2.ee\/wp-content\/uploads\/concept2-slide-01-300x300.jpg 300w, https:\/\/dvv.concept2.ee\/wp-content\/uploads\/concept2-slide-01-100x100.jpg 100w\" sizes=\"auto, (max-width: 300px) 100vw, 300px\" \/>                                                              <\/div>\n              <div class=\"box-text text-left\" >\n                 <p><\/p>\n              <\/div>\n            <\/div>\n            <\/a>          <\/div>\n         <\/div><div class=\"gallery-col col\" data-animate=\"fadeInUp\">\n          <div class=\"col-inner\">\n            <a class=\"image-lightbox lightbox-gallery\" href=\"https:\/\/dvv.concept2.ee\/wp-content\/uploads\/concept2-slide-02.jpg\" title=\"\">            <div class=\"box has-hover gallery-box box-none\">\n              <div class=\"box-image\" >\n                <img loading=\"lazy\" decoding=\"async\" width=\"300\" height=\"300\" src=\"https:\/\/dvv.concept2.ee\/wp-content\/uploads\/concept2-slide-02-300x300.jpg\" class=\"attachment-thumbnail size-thumbnail\" alt=\"\" ids=\"440,444,448,452,456\" style=\"none\" type=\"slider\" columns=\"5\" animate=\"fadeInUp\" image_size=\"thumbnail\" visibility=\"hidden\" srcset=\"https:\/\/dvv.concept2.ee\/wp-content\/uploads\/concept2-slide-02-300x300.jpg 300w, https:\/\/dvv.concept2.ee\/wp-content\/uploads\/concept2-slide-02-100x100.jpg 100w\" sizes=\"auto, (max-width: 300px) 100vw, 300px\" \/>                                                              <\/div>\n              <div class=\"box-text text-left\" >\n                 <p><\/p>\n              <\/div>\n            <\/div>\n            <\/a>          <\/div>\n         <\/div><div class=\"gallery-col col\" data-animate=\"fadeInUp\">\n          <div class=\"col-inner\">\n            <a class=\"image-lightbox lightbox-gallery\" href=\"https:\/\/dvv.concept2.ee\/wp-content\/uploads\/concept2-slide-03.jpg\" title=\"\">            <div class=\"box has-hover gallery-box box-none\">\n              <div class=\"box-image\" >\n                <img loading=\"lazy\" decoding=\"async\" width=\"300\" height=\"300\" src=\"https:\/\/dvv.concept2.ee\/wp-content\/uploads\/concept2-slide-03-300x300.jpg\" class=\"attachment-thumbnail size-thumbnail\" alt=\"\" ids=\"440,444,448,452,456\" style=\"none\" type=\"slider\" columns=\"5\" animate=\"fadeInUp\" image_size=\"thumbnail\" visibility=\"hidden\" srcset=\"https:\/\/dvv.concept2.ee\/wp-content\/uploads\/concept2-slide-03-300x300.jpg 300w, https:\/\/dvv.concept2.ee\/wp-content\/uploads\/concept2-slide-03-100x100.jpg 100w\" sizes=\"auto, (max-width: 300px) 100vw, 300px\" \/>                                                              <\/div>\n              <div class=\"box-text text-left\" >\n                 <p><\/p>\n              <\/div>\n            <\/div>\n            <\/a>          <\/div>\n         <\/div><div class=\"gallery-col col\" data-animate=\"fadeInUp\">\n          <div class=\"col-inner\">\n            <a class=\"image-lightbox lightbox-gallery\" href=\"https:\/\/dvv.concept2.ee\/wp-content\/uploads\/concept2-slide-05.jpg\" title=\"\">            <div class=\"box has-hover gallery-box box-none\">\n              <div class=\"box-image\" >\n                <img loading=\"lazy\" decoding=\"async\" width=\"300\" height=\"300\" src=\"https:\/\/dvv.concept2.ee\/wp-content\/uploads\/concept2-slide-05-300x300.jpg\" class=\"attachment-thumbnail size-thumbnail\" alt=\"\" ids=\"440,444,448,452,456\" style=\"none\" type=\"slider\" columns=\"5\" animate=\"fadeInUp\" image_size=\"thumbnail\" visibility=\"hidden\" srcset=\"https:\/\/dvv.concept2.ee\/wp-content\/uploads\/concept2-slide-05-300x300.jpg 300w, https:\/\/dvv.concept2.ee\/wp-content\/uploads\/concept2-slide-05-100x100.jpg 100w\" sizes=\"auto, (max-width: 300px) 100vw, 300px\" \/>                                                              <\/div>\n              <div class=\"box-text text-left\" >\n                 <p><\/p>\n              <\/div>\n            <\/div>\n            <\/a>          <\/div>\n         <\/div><div class=\"gallery-col col\" data-animate=\"fadeInUp\">\n          <div class=\"col-inner\">\n            <a class=\"image-lightbox lightbox-gallery\" href=\"https:\/\/dvv.concept2.ee\/wp-content\/uploads\/concept2-slide-06.jpg\" title=\"\">            <div class=\"box has-hover gallery-box box-none\">\n              <div class=\"box-image\" >\n                <img loading=\"lazy\" decoding=\"async\" width=\"300\" height=\"300\" src=\"https:\/\/dvv.concept2.ee\/wp-content\/uploads\/concept2-slide-06-300x300.jpg\" class=\"attachment-thumbnail size-thumbnail\" alt=\"\" ids=\"440,444,448,452,456\" style=\"none\" type=\"slider\" columns=\"5\" animate=\"fadeInUp\" image_size=\"thumbnail\" visibility=\"hidden\" srcset=\"https:\/\/dvv.concept2.ee\/wp-content\/uploads\/concept2-slide-06-300x300.jpg 300w, https:\/\/dvv.concept2.ee\/wp-content\/uploads\/concept2-slide-06-100x100.jpg 100w\" sizes=\"auto, (max-width: 300px) 100vw, 300px\" \/>                                                              <\/div>\n              <div class=\"box-text text-left\" >\n                 <p><\/p>\n              <\/div>\n            <\/div>\n            <\/a>          <\/div>\n         <\/div><\/div>\n\t<div id=\"gap-758426431\" class=\"gap-element clearfix\" style=\"display:block; height:auto;\">\n\t\t\n<style>\n#gap-758426431 {\n  padding-top: 30px;\n}\n<\/style>\n\t<\/div>\n\t\n<a href=\"https:\/\/dvv.concept2.ee\/product\/monitor-pm5\/\" class=\"button primary\"><span>U\u017esakyti<\/span><\/a>\n\t\t<\/div>\n\t\t\t\t\t<\/div>\n\n\t\n<\/div>\n","protected":false},"excerpt":{"rendered":"","protected":false},"author":2,"featured_media":585,"parent":1191,"menu_order":0,"comment_status":"closed","ping_status":"closed","template":"","meta":{"footnotes":""},"class_list":["post-1108","page","type-page","status-publish","has-post-thumbnail","hentry"],"_links":{"self":[{"href":"https:\/\/dvv.concept2.ee\/lt\/wp-json\/wp\/v2\/pages\/1108","targetHints":{"allow":["GET"]}}],"collection":[{"href":"https:\/\/dvv.concept2.ee\/lt\/wp-json\/wp\/v2\/pages"}],"about":[{"href":"https:\/\/dvv.concept2.ee\/lt\/wp-json\/wp\/v2\/types\/page"}],"author":[{"embeddable":true,"href":"https:\/\/dvv.concept2.ee\/lt\/wp-json\/wp\/v2\/users\/2"}],"replies":[{"embeddable":true,"href":"https:\/\/dvv.concept2.ee\/lt\/wp-json\/wp\/v2\/comments?post=1108"}],"version-history":[{"count":0,"href":"https:\/\/dvv.concept2.ee\/lt\/wp-json\/wp\/v2\/pages\/1108\/revisions"}],"up":[{"embeddable":true,"href":"https:\/\/dvv.concept2.ee\/lt\/wp-json\/wp\/v2\/pages\/1191"}],"wp:featuredmedia":[{"embeddable":true,"href":"https:\/\/dvv.concept2.ee\/lt\/wp-json\/wp\/v2\/media\/585"}],"wp:attachment":[{"href":"https:\/\/dvv.concept2.ee\/lt\/wp-json\/wp\/v2\/media?parent=1108"}],"curies":[{"name":"wp","href":"https:\/\/api.w.org\/{rel}","templated":true}]}}