{"id":1174,"date":"2024-11-11T10:08:37","date_gmt":"2024-11-11T08:08:37","guid":{"rendered":"https:\/\/dvv.concept2.ee\/?page_id=1174"},"modified":"2025-03-20T12:03:58","modified_gmt":"2025-03-20T10:03:58","slug":"rowerg-aukstas","status":"publish","type":"page","link":"https:\/\/dvv.concept2.ee\/lt\/ivadas\/rowerg-aukstas\/","title":{"rendered":"RowErg Auk\u0161tas"},"content":{"rendered":"\n  <div class=\"banner has-hover hero has-parallax\" id=\"banner-820868112\">\n          <div class=\"banner-inner fill\">\n        <div class=\"banner-bg fill\" data-parallax=\"-2\" data-parallax-container=\".banner\" data-parallax-background>\n            <img loading=\"lazy\" decoding=\"async\" width=\"1200\" height=\"600\" src=\"https:\/\/dvv.concept2.ee\/wp-content\/uploads\/banner-rowerg-high-indoors-lfa3215.jpg\" class=\"bg attachment-original size-original\" alt=\"\" \/>                                    \n                    <\/div>\n\t\t\n        <div class=\"banner-layers container\">\n            <div class=\"fill banner-link\"><\/div>            \n   <div id=\"text-box-885980190\" class=\"text-box banner-layer x50 md-x50 lg-x50 y95 md-y95 lg-y95 res-text\">\n                                <div class=\"text-box-content text dark\">\n              \n              <div class=\"text-inner text-center\">\n                  \n<h1>RowErg Auk\u0161tas<\/h1>\n              <\/div>\n           <\/div>\n                            \n<style>\n#text-box-885980190 {\n  width: 90%;\n}\n#text-box-885980190 .text-box-content {\n  font-size: 100%;\n}\n<\/style>\n    <\/div>\n \n        <\/div>\n      <\/div>\n\n            \n<style>\n#banner-820868112 {\n  padding-top: 50%;\n  background-color: rgb(255,255,255);\n}\n<\/style>\n  <\/div>\n\n\n<div class=\"row col-middle\"  id=\"row-1110301558\">\n\n\t<div id=\"col-78471854\" class=\"col small-12 large-12\"  >\n\t\t\t\t<div class=\"col-inner\"  >\n\t\t\t\n\t\t\t\n<div class=\"row\"  id=\"row-467447374\">\n\n\t<div id=\"col-879991983\" class=\"col medium-8 small-12 large-8\"  >\n\t\t\t\t<div class=\"col-inner\"  >\n\t\t\t\n\t\t\t\n<p class=\"lead\">Gaminant ergometrus prioritetas skiriamas kiekvienos detal\u0117s kokybei. Concept2 charakterizuojamas tvirtumu, ilgaam\u017ei\u0161kumu ir gera kaina. Tikslumas rezultat\u0173 i\u0161matavimo treniruot\u0117se, i\u0161skiria j\u012f i\u0161 daugumos konkurent\u0173. Puiki priemon\u0117 treniruot\u0117ms sporto klubams, taip pat ir namuose.<\/p>\n<p class=\"lead\">Concept2 daug met\u0173 laikomas geriausiu irklavimo treniruokliu. Puikus dizainas leid\u017eia kiekvienam m\u0117g\u0117jui, taip pat ir profesionalui imituoti irklavim\u0105 ant vandens ir treniruoti vis\u0105 k\u016bn\u0105 efektingai ir be problem\u0173.<\/p>\n<ul>\n<li>\u012e standartin\u0119 komplektacij\u0105 RowErg \u012feina monitorius PM5<\/li>\n<li>Pabigis pagamintas i\u0161 aliuminio ir padengtas ner\u016bdijan\u010diu plienu, tod\u0117l pasiektas lengvumas ir am\u017ei\u0161kumas. Lengvai juda s\u0117dyn\u0117l\u0117 ant ratuk\u0173, tai leid\u017eia nekliudomai \u012fd\u0117ti j\u0117g\u0105 \u012f yr\u012f ir koj\u0173 darb\u0105.<\/li>\n<li>Ergometr\u0105 galima lengvai i\u0161ardyti \u012f 2 dalis \u2013 patogiai transportuoti ir saugoti.<\/li>\n<li>Ergometrin\u0117 ranken\u0117l\u0117 led\u017eia irkluojant naturaliai laikyti rankas ir kojas.<\/li>\n<li>Oro kameros pritakymas suma\u017eina ventiliatoriaus triuk\u0161m\u0105 ir sudaro \u0161veln\u0173 judes\u012f bei irklavimo jausm\u0105 ant vandens;<\/li>\n<li>Spiruoklinis vo\u017etuvas kontroliuoja oro padavim\u0105 \u012f smagrat\u012f, o taip pat leid\u017eia sportuojan\u010diajam pasirinkti tarp lengvos \u201cgreitos\u201d valties ir didel\u0117s \u201cl\u0117tos\u201d valties. Oro pasiprie\u0161inimas reguliuojamas 10-ties pad\u0117\u010di\u0173 skal\u0117je;<\/li>\n<li>D\u0117l stabilumo ir patogumo sistema Flexfoot leid\u017eia sureguliuoti sutvirtinimus kojoms patogiai, nepriklausomai nuo koj\u0173 dyd\u017eio.<\/li>\n<li>Nikeliuota grandin\u0117 ma\u017eiau u\u017esiter\u0161ia ir reikalauja ma\u017eiau prie\u017ei\u016bros<\/li>\n<li>D\u0117l ratuk\u0173 ergometras lengvai juda stumiamas.<\/li>\n<li>Nereikia elektrinio maitinimo.<\/li>\n<\/ul>\n<p>\u00a0<\/p>\n\t\t<\/div>\n\t\t\t\t\t<\/div>\n\n\t\n\n\t<div id=\"col-1365561458\" class=\"col medium-4 small-12 large-4\"  >\n\t\t\t\t<div class=\"col-inner\"  >\n\t\t\t\n\t\t\t\n\t<div class=\"img has-hover x md-x lg-x y md-y lg-y\" id=\"image_591130619\">\n\t\t\t\t\t\t<div data-animate=\"fadeInRight\">\t\t<div class=\"img-inner dark\" >\n\t\t\t<img loading=\"lazy\" decoding=\"async\" width=\"600\" height=\"777\" src=\"https:\/\/dvv.concept2.ee\/wp-content\/uploads\/rowerg-high-storage-new-side-600x777.jpg\" class=\"attachment-medium size-medium\" alt=\"\" srcset=\"https:\/\/dvv.concept2.ee\/wp-content\/uploads\/rowerg-high-storage-new-side-600x777.jpg 600w, https:\/\/dvv.concept2.ee\/wp-content\/uploads\/rowerg-high-storage-new-side-768x994.jpg 768w, https:\/\/dvv.concept2.ee\/wp-content\/uploads\/rowerg-high-storage-new-side-1187x1536.jpg 1187w, https:\/\/dvv.concept2.ee\/wp-content\/uploads\/rowerg-high-storage-new-side.jpg 1200w\" sizes=\"auto, (max-width: 600px) 100vw, 600px\" \/>\t\t\t\t\t\t\n\t\t\t\t\t<\/div>\n\t\t<\/div>\t\t\t\t\t\t\n<style>\n#image_591130619 {\n  width: 100%;\n}\n<\/style>\n\t<\/div>\n\t\n\t\t<\/div>\n\t\t\t\t\t<\/div>\n\n\t\n<\/div>\n<div class=\"text-center\"><div class=\"is-divider divider clearfix\" style=\"max-width:100%;\"><\/div><\/div>\n<div class=\"row\"  id=\"row-1327445908\">\n\n\t<div id=\"col-1181880286\" class=\"col medium-8 small-12 large-8\"  >\n\t\t\t\t<div class=\"col-inner\"  >\n\t\t\t\n\t\t\t\n<h2>I\u0161meros ir svoris<\/h2>\n<ul>\n<li>Surinkto treniruoklio matmenys: ilgis 240 cm, plotis 60 cm, auk\u0161tis 90 cm;<\/li>\n<li>I\u0161ardyto treniruoklio matmenys: 90 cm x 72 cm x 135 cm;<\/li>\n<li>Plotas sand\u0117liavimui 60 cm \u0445 137 cm;<\/li>\n<li>Svoris: 26 kg.<\/li>\n<\/ul>\n<p>\u00a0<\/p>\n\t\t<\/div>\n\t\t\t\t\t<\/div>\n\n\t\n\n\t<div id=\"col-1912650945\" class=\"col medium-4 small-12 large-4\"  >\n\t\t\t\t<div class=\"col-inner\"  >\n\t\t\t\n\t\t\t\n\t\t<\/div>\n\t\t\t\t\t<\/div>\n\n\t\n<\/div>\n<div class=\"text-center\"><div class=\"is-divider divider clearfix\" style=\"max-width:100%;\"><\/div><\/div>\n\n  \n    <div class=\"row large-columns-5 medium-columns-3 small-columns-2 slider row-slider slider-nav-reveal\"  data-flickity-options='{&quot;imagesLoaded&quot;: true, &quot;groupCells&quot;: &quot;100%&quot;, &quot;dragThreshold&quot; : 5, &quot;cellAlign&quot;: &quot;left&quot;,&quot;wrapAround&quot;: true,&quot;prevNextButtons&quot;: true,&quot;percentPosition&quot;: true,&quot;pageDots&quot;: false, &quot;rightToLeft&quot;: false, &quot;autoPlay&quot; : false}' >\n\n  <div class=\"gallery-col col\" data-animate=\"fadeInUp\">\n          <div class=\"col-inner\">\n            <a class=\"image-lightbox lightbox-gallery\" href=\"https:\/\/dvv.concept2.ee\/wp-content\/uploads\/rowerg-high-storage-qh5a0886-1200x801.jpg\" title=\"\">            <div class=\"box has-hover gallery-box box-none\">\n              <div class=\"box-image\" >\n                <img loading=\"lazy\" decoding=\"async\" width=\"300\" height=\"300\" src=\"https:\/\/dvv.concept2.ee\/wp-content\/uploads\/rowerg-high-storage-qh5a0886-300x300.jpg\" class=\"attachment-thumbnail size-thumbnail\" alt=\"\" ids=\"966,970,950,974,958\" style=\"none\" type=\"slider\" columns=\"5\" animate=\"fadeInUp\" image_size=\"thumbnail\" srcset=\"https:\/\/dvv.concept2.ee\/wp-content\/uploads\/rowerg-high-storage-qh5a0886-300x300.jpg 300w, https:\/\/dvv.concept2.ee\/wp-content\/uploads\/rowerg-high-storage-qh5a0886-100x100.jpg 100w\" sizes=\"auto, (max-width: 300px) 100vw, 300px\" \/>                                                              <\/div>\n              <div class=\"box-text text-left\" >\n                 <p><\/p>\n              <\/div>\n            <\/div>\n            <\/a>          <\/div>\n         <\/div><div class=\"gallery-col col\" data-animate=\"fadeInUp\">\n          <div class=\"col-inner\">\n            <a class=\"image-lightbox lightbox-gallery\" href=\"https:\/\/dvv.concept2.ee\/wp-content\/uploads\/rowerg-high-assembly-qh5a0909-1200x801.jpg\" title=\"\">            <div class=\"box has-hover gallery-box box-none\">\n              <div class=\"box-image\" >\n                <img loading=\"lazy\" decoding=\"async\" width=\"300\" height=\"300\" src=\"https:\/\/dvv.concept2.ee\/wp-content\/uploads\/rowerg-high-assembly-qh5a0909-300x300.jpg\" class=\"attachment-thumbnail size-thumbnail\" alt=\"\" ids=\"966,970,950,974,958\" style=\"none\" type=\"slider\" columns=\"5\" animate=\"fadeInUp\" image_size=\"thumbnail\" srcset=\"https:\/\/dvv.concept2.ee\/wp-content\/uploads\/rowerg-high-assembly-qh5a0909-300x300.jpg 300w, https:\/\/dvv.concept2.ee\/wp-content\/uploads\/rowerg-high-assembly-qh5a0909-100x100.jpg 100w\" sizes=\"auto, (max-width: 300px) 100vw, 300px\" \/>                                                              <\/div>\n              <div class=\"box-text text-left\" >\n                 <p><\/p>\n              <\/div>\n            <\/div>\n            <\/a>          <\/div>\n         <\/div><div class=\"gallery-col col\" data-animate=\"fadeInUp\">\n          <div class=\"col-inner\">\n            <a class=\"image-lightbox lightbox-gallery\" href=\"https:\/\/dvv.concept2.ee\/wp-content\/uploads\/rowerg-with-smartphone-2755-1200x800.jpg\" title=\"\">            <div class=\"box has-hover gallery-box box-none\">\n              <div class=\"box-image\" >\n                <img loading=\"lazy\" decoding=\"async\" width=\"300\" height=\"300\" src=\"https:\/\/dvv.concept2.ee\/wp-content\/uploads\/rowerg-with-smartphone-2755-300x300.jpg\" class=\"attachment-thumbnail size-thumbnail\" alt=\"\" ids=\"966,970,950,974,958\" style=\"none\" type=\"slider\" columns=\"5\" animate=\"fadeInUp\" image_size=\"thumbnail\" srcset=\"https:\/\/dvv.concept2.ee\/wp-content\/uploads\/rowerg-with-smartphone-2755-300x300.jpg 300w, https:\/\/dvv.concept2.ee\/wp-content\/uploads\/rowerg-with-smartphone-2755-100x100.jpg 100w\" sizes=\"auto, (max-width: 300px) 100vw, 300px\" \/>                                                              <\/div>\n              <div class=\"box-text text-left\" >\n                 <p><\/p>\n              <\/div>\n            <\/div>\n            <\/a>          <\/div>\n         <\/div><div class=\"gallery-col col\" data-animate=\"fadeInUp\">\n          <div class=\"col-inner\">\n            <a class=\"image-lightbox lightbox-gallery\" href=\"https:\/\/dvv.concept2.ee\/wp-content\/uploads\/rowerg-with-tablet-2703-1200x801.jpg\" title=\"\">            <div class=\"box has-hover gallery-box box-none\">\n              <div class=\"box-image\" >\n                <img loading=\"lazy\" decoding=\"async\" width=\"300\" height=\"300\" src=\"https:\/\/dvv.concept2.ee\/wp-content\/uploads\/rowerg-with-tablet-2703-300x300.jpg\" class=\"attachment-thumbnail size-thumbnail\" alt=\"\" ids=\"966,970,950,974,958\" style=\"none\" type=\"slider\" columns=\"5\" animate=\"fadeInUp\" image_size=\"thumbnail\" srcset=\"https:\/\/dvv.concept2.ee\/wp-content\/uploads\/rowerg-with-tablet-2703-300x300.jpg 300w, https:\/\/dvv.concept2.ee\/wp-content\/uploads\/rowerg-with-tablet-2703-100x100.jpg 100w\" sizes=\"auto, (max-width: 300px) 100vw, 300px\" \/>                                                              <\/div>\n              <div class=\"box-text text-left\" >\n                 <p><\/p>\n              <\/div>\n            <\/div>\n            <\/a>          <\/div>\n         <\/div><div class=\"gallery-col col\" data-animate=\"fadeInUp\">\n          <div class=\"col-inner\">\n            <a class=\"image-lightbox lightbox-gallery\" href=\"https:\/\/dvv.concept2.ee\/wp-content\/uploads\/rowerg-standard-flywheel-0396-1200x800.jpg\" title=\"\">            <div class=\"box has-hover gallery-box box-none\">\n              <div class=\"box-image\" >\n                <img loading=\"lazy\" decoding=\"async\" width=\"300\" height=\"300\" src=\"https:\/\/dvv.concept2.ee\/wp-content\/uploads\/rowerg-standard-flywheel-0396-300x300.jpg\" class=\"attachment-thumbnail size-thumbnail\" alt=\"\" ids=\"966,970,950,974,958\" style=\"none\" type=\"slider\" columns=\"5\" animate=\"fadeInUp\" image_size=\"thumbnail\" srcset=\"https:\/\/dvv.concept2.ee\/wp-content\/uploads\/rowerg-standard-flywheel-0396-300x300.jpg 300w, https:\/\/dvv.concept2.ee\/wp-content\/uploads\/rowerg-standard-flywheel-0396-100x100.jpg 100w\" sizes=\"auto, (max-width: 300px) 100vw, 300px\" \/>                                                              <\/div>\n              <div class=\"box-text text-left\" >\n                 <p><\/p>\n              <\/div>\n            <\/div>\n            <\/a>          <\/div>\n         <\/div><\/div>\n\t<div id=\"gap-1957123545\" class=\"gap-element clearfix\" style=\"display:block; height:auto;\">\n\t\t\n<style>\n#gap-1957123545 {\n  padding-top: 30px;\n}\n<\/style>\n\t<\/div>\n\t\n<a href=\"https:\/\/dvv.concept2.ee\/product\/rowerg-korgem\/\" class=\"button primary\"><span>U\u017esakyti<\/span><\/a>\n<a href=\"https:\/\/dvv.concept2.ee\/rent\/uldtingimused\/\" class=\"button primary\"><span>I\u0161sinuomuok<\/span><\/a>\n\t\t<\/div>\n\t\t\t\t\t<\/div>\n\n\t\n<\/div>\n","protected":false},"excerpt":{"rendered":"","protected":false},"author":1,"featured_media":365,"parent":1191,"menu_order":0,"comment_status":"closed","ping_status":"closed","template":"","meta":{"footnotes":""},"class_list":["post-1174","page","type-page","status-publish","has-post-thumbnail","hentry"],"_links":{"self":[{"href":"https:\/\/dvv.concept2.ee\/lt\/wp-json\/wp\/v2\/pages\/1174","targetHints":{"allow":["GET"]}}],"collection":[{"href":"https:\/\/dvv.concept2.ee\/lt\/wp-json\/wp\/v2\/pages"}],"about":[{"href":"https:\/\/dvv.concept2.ee\/lt\/wp-json\/wp\/v2\/types\/page"}],"author":[{"embeddable":true,"href":"https:\/\/dvv.concept2.ee\/lt\/wp-json\/wp\/v2\/users\/1"}],"replies":[{"embeddable":true,"href":"https:\/\/dvv.concept2.ee\/lt\/wp-json\/wp\/v2\/comments?post=1174"}],"version-history":[{"count":0,"href":"https:\/\/dvv.concept2.ee\/lt\/wp-json\/wp\/v2\/pages\/1174\/revisions"}],"up":[{"embeddable":true,"href":"https:\/\/dvv.concept2.ee\/lt\/wp-json\/wp\/v2\/pages\/1191"}],"wp:featuredmedia":[{"embeddable":true,"href":"https:\/\/dvv.concept2.ee\/lt\/wp-json\/wp\/v2\/media\/365"}],"wp:attachment":[{"href":"https:\/\/dvv.concept2.ee\/lt\/wp-json\/wp\/v2\/media?parent=1174"}],"curies":[{"name":"wp","href":"https:\/\/api.w.org\/{rel}","templated":true}]}}