{"id":1199,"date":"2025-02-21T12:21:59","date_gmt":"2025-02-21T10:21:59","guid":{"rendered":"https:\/\/dvv.concept2.ee\/?page_id=1199"},"modified":"2025-03-14T11:05:39","modified_gmt":"2025-03-14T09:05:39","slug":"concept2-nuoma","status":"publish","type":"page","link":"https:\/\/dvv.concept2.ee\/lt\/nuoma\/concept2-nuoma\/","title":{"rendered":"Concept2 nuoma"},"content":{"rendered":"\n  <div class=\"banner has-hover hero has-parallax\" id=\"banner-627065284\">\n          <div class=\"banner-inner fill\">\n        <div class=\"banner-bg fill\" data-parallax=\"-2\" data-parallax-container=\".banner\" data-parallax-background>\n            <img loading=\"lazy\" decoding=\"async\" width=\"1200\" height=\"600\" src=\"https:\/\/dvv.concept2.ee\/wp-content\/uploads\/banner-rent-3-ergs-223.jpg\" class=\"bg attachment-original size-original\" alt=\"\" \/>                                    \n                    <\/div>\n\t\t\n        <div class=\"banner-layers container\">\n            <div class=\"fill banner-link\"><\/div>            \n   <div id=\"text-box-95263087\" class=\"text-box banner-layer x50 md-x50 lg-x50 y95 md-y95 lg-y95 res-text\">\n                                <div class=\"text-box-content text dark\">\n              \n              <div class=\"text-inner text-center\">\n                  \n<h1>Concept2 nuoma<\/h1>\n              <\/div>\n           <\/div>\n                            \n<style>\n#text-box-95263087 {\n  width: 90%;\n}\n#text-box-95263087 .text-box-content {\n  font-size: 100%;\n}\n<\/style>\n    <\/div>\n \n        <\/div>\n      <\/div>\n\n            \n<style>\n#banner-627065284 {\n  padding-top: 50%;\n  background-color: rgb(255,255,255);\n}\n<\/style>\n  <\/div>\n\n\n<div class=\"row col-middle\"  id=\"row-51205102\">\n\n\t<div id=\"col-1318026620\" class=\"col small-12 large-12\"  >\n\t\t\t\t<div class=\"col-inner\"  >\n\t\t\t\n\t\t\t\n<div class=\"row\"  id=\"row-830391762\">\n\n\t<div id=\"col-1071998137\" class=\"col medium-8 small-12 large-8\"  >\n\t\t\t\t<div class=\"col-inner\"  >\n\t\t\t\n\t\t\t\n<h2>Nuomos kainos<\/h2>\n\n<table>\n<tr>\n<td><a href=\"\/lt\/ivadas\/rowerg-standard\/\">Concept2 Irklavimo treniruoklis Modelis D su monitorium PM3\/PM5 &gt;&gt;<\/a> &nbsp; &nbsp; <\/td>\n<td class=\"txtright\"><strong>55<\/strong> EUR\/m\u0117n<\/td>\n<\/tr>\n<tr>\n<td><a href=\"\/lt\/product\/ergometro-kilimelis\/\">Ergometro kilim\u0117lis &gt;&gt;<\/a><\/td>\n<td class=\"txtright\"><strong>5<\/strong> EUR\/m\u0117n<\/td>\n<\/tr>\n<tr>\n<td><a href=\"\/lt\/product\/wattbike-pro\/\">Wattbike Pro &gt;&gt;<\/a><\/td>\n<td class=\"txtright\"><strong>90<\/strong> EUR\/m\u0117n<\/td>\n<\/tr>\n<tr>\n<td><a href=\"\/lt\/ivadas\/bikeerg\/\">Concept2 BikeErg &gt;&gt;<\/a><\/td>\n<td class=\"txtright\"><strong>60<\/strong> EUR\/m\u0117n<\/td>\n<\/tr>\n<tr>\n<td><a href=\"\/lt\/ivadas\/skierg-su-monitorium-\u0440\u043c5\/\">Concept2 SkiErg su stovu &gt;&gt;<\/a><\/td>\n<td class=\"txtright\"><strong>58<\/strong> EUR\/m\u0117n<\/td>\n<\/tr>\n<\/table>\n\n<div class=\"content-inner\">\n<h2>Nuomos salygos:<\/h2>\n<ul>\n<li>Minimal\u016bs nomos periodas \u2013 3 m\u0117nesius.<\/li>\n<li>Nuomos mok\u0117sti mok\u0117jimas: trij\u0173 men\u0117si\u0173 nuomos mokestis sumokamas avans\u0173 pagal Nuomotoju i\u0161ra\u0161yt\u0105 s\u0105skait\u0105 fakt\u016br\u0105. Nuomojant daugiau nei 3 m\u0117nesius sumokama avans\u0173 tik u\u017e viena pratesta m\u0117nesi pagal Nuomotoju i\u0161ra\u0161yt\u0105 s\u0105skait\u0105 fakt\u016br\u0105. Wattbike atveju dveju men\u0117si\u0173 nuomos mokestis sumokamas avans\u0173 pagal Nuomotoju i\u0161ra\u0161yt\u0105 s\u0105skait\u0105 fakt\u016br\u0105.<\/li>\n<li>RowErg pristatymas Vilniaus, Kauno, \u0160iauli\u0173, Paneve\u017eio bei Klaip\u0117dos miestose \u2013 20 EUR, kitose miestose pagal susitarim\u0105, atsiemimas 20 EUR<\/li>\n<li>BikeErg, SkiErg pristatymas Vilniaus, Kauno, \u0160iauli\u0173, Paneve\u017eio bei Klaip\u0117dos miestose \u2013 40 EUR, kitose miestose pagal susitarim\u0105, atsiemimas 40 EUR<\/li>\n<li>Wattbike pristatymas Vilniaus, Kauno, \u0160iauli\u0173, Paneve\u017eio bei Klaip\u0117dos miestose \u2013 70 EUR, kitose miestose pagal susitarim\u0105, atsiemimas 70 EUR<\/li>\n<li>\u012e kain\u0105 \u012fskai\u010diotas PVM.<\/li>\n<\/ul>\n<\/div>\n<div class=\"text-center\"><div class=\"is-divider divider clearfix\" style=\"max-width:100%;\"><\/div><\/div>\n<a href=\"#rendi\" class=\"button primary\" >\n\t\t<span>Esita rentimise avaldus<\/span>\n\t<\/a>\n\n\n\t<div id=\"rendi\"\n\t     class=\"lightbox-by-id lightbox-content mfp-hide lightbox-white \"\n\t     style=\"max-width:480px ;padding:20px\">\n\t\t\n\n<div class=\"wpcf7 no-js\" id=\"wpcf7-f839-o1\" lang=\"et\" dir=\"ltr\" data-wpcf7-id=\"839\">\n<div class=\"screen-reader-response\"><p role=\"status\" aria-live=\"polite\" aria-atomic=\"true\"><\/p> <ul><\/ul><\/div>\n<form action=\"\/lt\/wp-json\/wp\/v2\/pages\/1199#wpcf7-f839-o1\" method=\"post\" class=\"wpcf7-form init\" aria-label=\"Contact form\" novalidate=\"novalidate\" data-status=\"init\">\n<fieldset class=\"hidden-fields-container\"><input type=\"hidden\" name=\"_wpcf7\" value=\"839\" \/><input type=\"hidden\" name=\"_wpcf7_version\" value=\"6.1.5\" \/><input type=\"hidden\" name=\"_wpcf7_locale\" value=\"et\" \/><input type=\"hidden\" name=\"_wpcf7_unit_tag\" value=\"wpcf7-f839-o1\" \/><input type=\"hidden\" name=\"_wpcf7_container_post\" value=\"0\" \/><input type=\"hidden\" name=\"_wpcf7_posted_data_hash\" value=\"\" \/><input type=\"hidden\" name=\"_wpcf7cf_hidden_group_fields\" value=\"[]\" \/><input type=\"hidden\" name=\"_wpcf7cf_hidden_groups\" value=\"[]\" \/><input type=\"hidden\" name=\"_wpcf7cf_visible_groups\" value=\"[]\" \/><input type=\"hidden\" name=\"_wpcf7cf_repeaters\" value=\"[]\" \/><input type=\"hidden\" name=\"_wpcf7cf_steps\" value=\"{}\" \/><input type=\"hidden\" name=\"_wpcf7cf_options\" value=\"{&quot;form_id&quot;:839,&quot;conditions&quot;:[{&quot;then_field&quot;:&quot;delivery-selected&quot;,&quot;and_rules&quot;:[{&quot;if_field&quot;:&quot;tarne&quot;,&quot;operator&quot;:&quot;equals&quot;,&quot;if_value&quot;:&quot;Tellin rentijalt&quot;}]}],&quot;settings&quot;:{&quot;animation&quot;:&quot;yes&quot;,&quot;animation_intime&quot;:200,&quot;animation_outtime&quot;:200,&quot;conditions_ui&quot;:&quot;normal&quot;,&quot;notice_dismissed&quot;:false}}\" \/>\n<\/fieldset>\n<div class=\"wpcf7-turnstile cf-turnstile\" data-sitekey=\"0x4AAAAAACyd3bvexrm8wKN9\" data-response-field-name=\"_wpcf7_turnstile_response\"><\/div>\n\n<p><label> Oma nimi *<br \/>\n<span class=\"wpcf7-form-control-wrap\" data-name=\"your-name\"><input size=\"40\" maxlength=\"400\" class=\"wpcf7-form-control wpcf7-text wpcf7-validates-as-required\" autocomplete=\"name\" aria-required=\"true\" aria-invalid=\"false\" value=\"\" type=\"text\" name=\"your-name\" \/><\/span> <\/label>\n<\/p>\n<p><label> E-post *<br \/>\n<span class=\"wpcf7-form-control-wrap\" data-name=\"your-email\"><input size=\"40\" maxlength=\"400\" class=\"wpcf7-form-control wpcf7-email wpcf7-validates-as-required wpcf7-text wpcf7-validates-as-email\" autocomplete=\"email\" aria-required=\"true\" aria-invalid=\"false\" value=\"\" type=\"email\" name=\"your-email\" \/><\/span> <\/label>\n<\/p>\n<p><label> Telefon *<br \/>\n<span class=\"wpcf7-form-control-wrap\" data-name=\"your-phone\"><input size=\"40\" maxlength=\"400\" class=\"wpcf7-form-control wpcf7-tel wpcf7-validates-as-required wpcf7-text wpcf7-validates-as-tel\" autocomplete=\"phone\" aria-required=\"true\" aria-invalid=\"false\" value=\"\" type=\"tel\" name=\"your-phone\" \/><\/span> <\/label>\n<\/p>\n<p><span id=\"wpcf7-69de38f898564-wrapper\" class=\"wpcf7-form-control-wrap your-homepage-wrap\" ><input type=\"hidden\" name=\"your-homepage-time-start\" value=\"1776171256\"><input type=\"hidden\" name=\"your-homepage-time-check\" value=\"5\"><input id=\"wpcf7-69de38f898564-field\"  class=\"wpcf7-form-control wpcf7-text\" type=\"text\" name=\"your-homepage\" value=\"\" size=\"40\" tabindex=\"-1\" autocomplete=\"new-password\" \/><\/span>\n<\/p>\n<p><label> Renditav toode * <\/label>\n<\/p>\n<div data-wpcf7-group-id=\"toode\" id=\"toode-groups\" tabindex=\"1\" class=\"wpcf7-field-groups \">\n\t<div class=\"wpcf7-field-group\">\n\t\t<div class=\"rent-product\">\n\t\t\t<p><span class=\"wpcf7-form-control-wrap\" data-name=\"menu-rent-product\"><select class=\"wpcf7-form-control wpcf7-select wpcf7-validates-as-required\" aria-required=\"true\" aria-invalid=\"false\" name=\"menu-rent-product\"><option value=\"\">&#8212;Palun tee valik&#8212;<\/option><option value=\"RowErg mudel D PM3\/PM5\">RowErg mudel D PM3\/PM5<\/option><option value=\"Ergomeetri alusmatt\">Ergomeetri alusmatt<\/option><option value=\"Wattbike Pro\">Wattbike Pro<\/option><option value=\"BikeErg\">BikeErg<\/option><option value=\"SkiErg koos alusega\">SkiErg koos alusega<\/option><\/select><\/span>\n\t\t\t<\/p>\n\t\t\t<div class=\"rent-product-count\">\n\t\t\t\t<p>&nbsp; &nbsp;kogus: &nbsp;<span class=\"wpcf7-form-control-wrap\" data-name=\"menu-rent-product-count\"><select class=\"wpcf7-form-control wpcf7-select\" aria-invalid=\"false\" name=\"menu-rent-product-count\"><option value=\"1\">1<\/option><option value=\"2\">2<\/option><option value=\"3\">3<\/option><option value=\"4\">4<\/option><option value=\"5\">5<\/option><\/select><\/span>\n\t\t\t\t<\/p>\n\t\t\t<\/div><!-- .rent-product-count -->\n\t\t<\/div><!-- .rent-product -->\n\t\t<p>Lisaks veel m\u00f5ni toode?\n\t\t<\/p>\n\t\t<p><button type='button' class='wpcf7-field-group-remove '>-<\/button><button type='button' class='wpcf7-field-group-add '>+<\/button><input type=\"hidden\" class=\"wpcf7-field-group-count\" name=\"_wpcf7_groups_count[toode]\" value=\"1\" \/>\n\t\t<\/p>\n\t<\/div>\n<\/div>\n<p>&nbsp;\n<\/p>\n<p><label> Tarne <\/label><br \/>\n<span class=\"wpcf7-form-control-wrap\" data-name=\"tarne\"><span class=\"wpcf7-form-control wpcf7-radio\"><span class=\"wpcf7-list-item first\"><input type=\"radio\" name=\"tarne\" value=\"Korraldan ise\" checked=\"checked\" \/><span class=\"wpcf7-list-item-label\">Korraldan ise<\/span><\/span><span class=\"wpcf7-list-item last\"><input type=\"radio\" name=\"tarne\" value=\"Tellin rentijalt\" \/><span class=\"wpcf7-list-item-label\">Tellin rentijalt<\/span><\/span><\/span><\/span>\n<\/p>\n<div data-id=\"delivery-selected\" data-orig_data_id=\"delivery-selected\"  class=\"\" data-class=\"wpcf7cf_group\">\n\t<p><label>Aadress:<br \/>\n<span class=\"wpcf7-form-control-wrap\" data-name=\"address\"><input size=\"40\" maxlength=\"400\" class=\"wpcf7-form-control wpcf7-text wpcf7-validates-as-required\" aria-required=\"true\" aria-invalid=\"false\" value=\"\" type=\"text\" name=\"address\" \/><\/span> <\/label>\n\t<\/p>\n<\/div>\n<p>&nbsp;\n<\/p>\n<p><label> Lisainfo (valikuline)<br \/>\n<span class=\"wpcf7-form-control-wrap\" data-name=\"your-message\"><textarea cols=\"40\" rows=\"10\" maxlength=\"2000\" class=\"wpcf7-form-control wpcf7-textarea\" aria-invalid=\"false\" name=\"your-message\"><\/textarea><\/span> <\/label>\n<\/p>\n<p><input class=\"wpcf7-form-control wpcf7-submit has-spinner\" type=\"submit\" value=\"Saada\" \/>\n<\/p><div class=\"wpcf7-response-output\" aria-hidden=\"true\"><\/div>\n<\/form>\n<\/div>\n\n\t<\/div>\n\t\n\t\n\n<div class=\"text-center\"><div class=\"is-divider divider clearfix\" style=\"max-width:100%;\"><\/div><\/div>\n\t\t<\/div>\n\t\t\t\t\t<\/div>\n\n\t\n\n\t<div id=\"col-850809457\" class=\"col medium-4 small-12 large-4\"  data-animate=\"fadeInDown\">\n\t\t\t\t<div class=\"col-inner\"  >\n\t\t\t\n\t\t\t\n\t\t<\/div>\n\t\t\t\t\t<\/div>\n\n\t\n<\/div>\n\t\t<\/div>\n\t\t\t\t\t<\/div>\n\n\t\n<\/div>\n","protected":false},"excerpt":{"rendered":"","protected":false},"author":1,"featured_media":848,"parent":1196,"menu_order":0,"comment_status":"closed","ping_status":"closed","template":"","meta":{"footnotes":""},"class_list":["post-1199","page","type-page","status-publish","has-post-thumbnail","hentry"],"_links":{"self":[{"href":"https:\/\/dvv.concept2.ee\/lt\/wp-json\/wp\/v2\/pages\/1199","targetHints":{"allow":["GET"]}}],"collection":[{"href":"https:\/\/dvv.concept2.ee\/lt\/wp-json\/wp\/v2\/pages"}],"about":[{"href":"https:\/\/dvv.concept2.ee\/lt\/wp-json\/wp\/v2\/types\/page"}],"author":[{"embeddable":true,"href":"https:\/\/dvv.concept2.ee\/lt\/wp-json\/wp\/v2\/users\/1"}],"replies":[{"embeddable":true,"href":"https:\/\/dvv.concept2.ee\/lt\/wp-json\/wp\/v2\/comments?post=1199"}],"version-history":[{"count":0,"href":"https:\/\/dvv.concept2.ee\/lt\/wp-json\/wp\/v2\/pages\/1199\/revisions"}],"up":[{"embeddable":true,"href":"https:\/\/dvv.concept2.ee\/lt\/wp-json\/wp\/v2\/pages\/1196"}],"wp:featuredmedia":[{"embeddable":true,"href":"https:\/\/dvv.concept2.ee\/lt\/wp-json\/wp\/v2\/media\/848"}],"wp:attachment":[{"href":"https:\/\/dvv.concept2.ee\/lt\/wp-json\/wp\/v2\/media?parent=1199"}],"curies":[{"name":"wp","href":"https:\/\/api.w.org\/{rel}","templated":true}]}}