{"id":1233,"date":"2025-01-19T11:33:49","date_gmt":"2025-01-19T09:33:49","guid":{"rendered":"https:\/\/dvv.concept2.ee\/?page_id=1233"},"modified":"2025-03-15T23:03:02","modified_gmt":"2025-03-15T21:03:02","slug":"garantija-ir-prieziura","status":"publish","type":"page","link":"https:\/\/dvv.concept2.ee\/lt\/ivadas\/garantija-ir-prieziura\/","title":{"rendered":"Garantija ir prie\u017ei\u016bra"},"content":{"rendered":"\n  <div class=\"banner has-hover hero has-parallax\" id=\"banner-1688966454\">\n          <div class=\"banner-inner fill\">\n        <div class=\"banner-bg fill\" data-parallax=\"-2\" data-parallax-container=\".banner\" data-parallax-background>\n            <img loading=\"lazy\" decoding=\"async\" width=\"1200\" height=\"300\" src=\"https:\/\/dvv.concept2.ee\/wp-content\/uploads\/banner-low-03.jpg\" class=\"bg attachment-original size-original\" alt=\"\" \/>                                    \n                    <\/div>\n\t\t\n        <div class=\"banner-layers container\">\n            <div class=\"fill banner-link\"><\/div>            \n   <div id=\"text-box-286960527\" class=\"text-box banner-layer x50 md-x50 lg-x50 y50 md-y50 lg-y50 res-text\">\n                                <div class=\"text-box-content text dark\">\n              \n              <div class=\"text-inner text-center\">\n                  \n<h1>Garantija ir prie\u017ei\u016bra<\/h1>\n              <\/div>\n           <\/div>\n                            \n<style>\n#text-box-286960527 {\n  width: 90%;\n}\n#text-box-286960527 .text-box-content {\n  font-size: 100%;\n}\n<\/style>\n    <\/div>\n \n        <\/div>\n      <\/div>\n\n            \n<style>\n#banner-1688966454 {\n  padding-top: 15%;\n  background-color: rgb(255,255,255);\n}\n<\/style>\n  <\/div>\n\n\n<div class=\"row col-middle\"  id=\"row-276926650\">\n\n\t<div id=\"col-1728485474\" class=\"col small-12 large-12\"  >\n\t\t\t\t<div class=\"col-inner\"  >\n\t\t\t\n\t\t\t\n<div class=\"row\"  id=\"row-1099623128\">\n\n\t<div id=\"col-347521438\" class=\"col medium-8 small-12 large-8\"  >\n\t\t\t\t<div class=\"col-inner\"  >\n\t\t\t\n\t\t\t\n<h2>Concept2 produkcijos garantin\u0117 informacija<\/h2>\n<h3>Concept2 treniruokliams<\/h3>\n<p>RowErg, BikeErg, SkiErg yra suteikiama dviej\u0173 met\u0173 garantija (judantys dalys, sedyne, rolikai, grandin\u0117 bei monitories), r\u0117mams \u2013 penkeri\u0173 met\u0173.<\/p>\n<h3>Concept2 irklai<\/h3>\n<p>Concept2 irklams yra suteikiama dviej\u0173 met\u0173 garantija.<\/p>\n<p>Daugiau informacijos apie garantija rasite \u010dia: <a href=\"https:\/\/www.concept2.com\/support\/product-warranties\" target=\"_blank\" rel=\"noopener\">www.concept2.com\/support\/product-warranties<\/a><\/p>\n<div class=\"text-center\"><div class=\"is-divider divider clearfix\" style=\"max-width:100%;\"><\/div><\/div>\n<h2>Aptarnavimas<\/h2>\n<p>D\u0117l garantin\u0117s informacijos ir pogarantinio aptarnavimo skambinkite +370-647 11970 arba ra\u0161ykite el. pa\u0161tu <a href=\"mailto:concept2.ltu@gmail.com\">concept2.ltu@gmail.com<\/a><\/p>\n\t\t<\/div>\n\t\t\t\t\t<\/div>\n\n\t\n\n\t<div id=\"col-870897233\" class=\"col medium-4 small-12 large-4\"  >\n\t\t\t\t<div class=\"col-inner\"  >\n\t\t\t\n\t\t\t\n\t<div class=\"img has-hover x md-x lg-x y md-y lg-y\" id=\"image_213386523\">\n\t\t\t\t\t\t<div data-animate=\"fadeInRight\">\t\t<div class=\"img-inner dark\" >\n\t\t\t<img loading=\"lazy\" decoding=\"async\" width=\"600\" height=\"600\" src=\"https:\/\/dvv.concept2.ee\/wp-content\/uploads\/performance-monitor-pm5-front-on-600x600.jpg\" class=\"attachment-medium size-medium\" alt=\"\" srcset=\"https:\/\/dvv.concept2.ee\/wp-content\/uploads\/performance-monitor-pm5-front-on-600x600.jpg 600w, https:\/\/dvv.concept2.ee\/wp-content\/uploads\/performance-monitor-pm5-front-on-1200x1200.jpg 1200w, https:\/\/dvv.concept2.ee\/wp-content\/uploads\/performance-monitor-pm5-front-on-300x300.jpg 300w, https:\/\/dvv.concept2.ee\/wp-content\/uploads\/performance-monitor-pm5-front-on-768x768.jpg 768w, https:\/\/dvv.concept2.ee\/wp-content\/uploads\/performance-monitor-pm5-front-on-1536x1536.jpg 1536w, https:\/\/dvv.concept2.ee\/wp-content\/uploads\/performance-monitor-pm5-front-on-2048x2048.jpg 2048w, https:\/\/dvv.concept2.ee\/wp-content\/uploads\/performance-monitor-pm5-front-on-100x100.jpg 100w\" sizes=\"auto, (max-width: 600px) 100vw, 600px\" \/>\t\t\t\t\t\t\n\t\t\t\t\t<\/div>\n\t\t<\/div>\t\t\t\t\t\t\n<style>\n#image_213386523 {\n  width: 100%;\n}\n<\/style>\n\t<\/div>\n\t\n\t\t<\/div>\n\t\t\t\t\t<\/div>\n\n\t\n<\/div>\n<div class=\"row\"  id=\"row-1960782253\">\n\n\t<div id=\"col-1632051488\" class=\"col small-12 large-12\"  >\n\t\t\t\t<div class=\"col-inner\"  >\n\t\t\t\n\t\t\t\n\t<div id=\"gap-1514051311\" class=\"gap-element clearfix\" style=\"display:block; height:auto;\">\n\t\t\n<style>\n#gap-1514051311 {\n  padding-top: 30px;\n}\n<\/style>\n\t<\/div>\n\t\n\t\t<\/div>\n\t\t\t\t\t<\/div>\n\n\t\n<\/div>\n\t\t<\/div>\n\t\t\t\t\t<\/div>\n\n\t\n<\/div>\n","protected":false},"excerpt":{"rendered":"","protected":false},"author":1,"featured_media":898,"parent":1191,"menu_order":0,"comment_status":"closed","ping_status":"closed","template":"","meta":{"footnotes":""},"class_list":["post-1233","page","type-page","status-publish","has-post-thumbnail","hentry"],"_links":{"self":[{"href":"https:\/\/dvv.concept2.ee\/lt\/wp-json\/wp\/v2\/pages\/1233","targetHints":{"allow":["GET"]}}],"collection":[{"href":"https:\/\/dvv.concept2.ee\/lt\/wp-json\/wp\/v2\/pages"}],"about":[{"href":"https:\/\/dvv.concept2.ee\/lt\/wp-json\/wp\/v2\/types\/page"}],"author":[{"embeddable":true,"href":"https:\/\/dvv.concept2.ee\/lt\/wp-json\/wp\/v2\/users\/1"}],"replies":[{"embeddable":true,"href":"https:\/\/dvv.concept2.ee\/lt\/wp-json\/wp\/v2\/comments?post=1233"}],"version-history":[{"count":0,"href":"https:\/\/dvv.concept2.ee\/lt\/wp-json\/wp\/v2\/pages\/1233\/revisions"}],"up":[{"embeddable":true,"href":"https:\/\/dvv.concept2.ee\/lt\/wp-json\/wp\/v2\/pages\/1191"}],"wp:featuredmedia":[{"embeddable":true,"href":"https:\/\/dvv.concept2.ee\/lt\/wp-json\/wp\/v2\/media\/898"}],"wp:attachment":[{"href":"https:\/\/dvv.concept2.ee\/lt\/wp-json\/wp\/v2\/media?parent=1233"}],"curies":[{"name":"wp","href":"https:\/\/api.w.org\/{rel}","templated":true}]}}