{"id":1078,"date":"2024-11-21T19:14:51","date_gmt":"2024-11-21T17:14:51","guid":{"rendered":"https:\/\/dvv.concept2.ee\/product\/skierg-monitoriga-pm5-koos-alusega-vabaks-kasutamiseks\/"},"modified":"2025-03-20T15:19:54","modified_gmt":"2025-03-20T13:19:54","slug":"skierg-su-monitorium-pm5-su-stovu","status":"publish","type":"product","link":"https:\/\/dvv.concept2.ee\/lt\/product\/skierg-su-monitorium-pm5-su-stovu\/","title":{"rendered":"Slidin\u0117jimo treniruoklis Concept2 SkiErg su monitorium PM5 su stovu"},"content":{"rendered":"<div class=\"toode-tekst\">\n<ul>\n<li>\u0160\u012f treniruokl\u012f galima naudoti dviem skirtingais stiliais: vien\u017eingsniu pakaitiniu stiliumi arba su atsispyrimu dviem rankom<\/li>\n<li>Automatinis \u012fjungimas<\/li>\n<li>Tiksli atsekamoji treniruo\u010di\u0173 sistema<\/li>\n<li>Monitoriaus ekrane galima atvaizduoti 5 skirtingus parodymus<\/li>\n<li>Galimyb\u0117 naudoti USB &#8222;flash&#8221; disk\u0105 treniruo\u010di\u0173 rezultat\u0173 saugojimui<\/li>\n<li>Galimyb\u0117 perkelti duomenis \u012f komputer\u012f<\/li>\n<li>\u0160irdies susitraukim\u0173 da\u017enio skai\u010diavimo sistemos ANT+ ir Bluethooth Smart<\/li>\n<li>Akumoliatorin\u0117s baterijos pasikrauna irkluojant<\/li>\n<li>Galymib\u0117 var\u017eytis naudojantis bevieliu ry\u0161iu<\/li>\n<li>I\u0161matavimai: Auk\u0161tis &#8211; 2,12 m ; Plotis &#8211; 0,52 m ; Gylis &#8211; 0,41 m<\/li>\n<\/ul>\n<\/div>\n<a href=\"https:\/\/dvv.concept2.ee\/tutvustus\/skierg\/\" class=\"button primary\"><span>Su\u017einoti daugiau<\/span><\/a>\r\n\n<a href=\"https:\/\/dvv.concept2.ee\/rent\/uldtingimused\/\" class=\"button primary\"><span>I\u0161sinuomuok<\/span><\/a>\n","protected":false},"excerpt":{"rendered":"<p>\u0160\u012f treniruokl\u012f galima naudoti dviem skirtingais stiliais: vien\u017eingsniu pakaitiniu stiliumi arba su atsispyrimu dviem rankom Automatinis \u012fjungimas Tiksli atsekamoji treniruo\u010di\u0173 sistema Monitoriaus ekrane galima atvaizduoti 5 skirtingus parodymus Galimyb\u0117 naudoti USB &#8222;flash&#8221; disk\u0105 treniruo\u010di\u0173 rezultat\u0173 saugojimui Galimyb\u0117 perkelti duomenis \u012f komputer\u012f \u0160irdies susitraukim\u0173 da\u017enio skai\u010diavimo sistemos ANT+ ir Bluethooth Smart Akumoliatorin\u0117s baterijos pasikrauna irkluojant Galymib\u0117 [&#8230;]\n","protected":false},"featured_media":423,"template":"","meta":[],"product_brand":[],"product_cat":[53],"product_tag":[],"class_list":{"0":"post-1078","1":"product","2":"type-product","3":"status-publish","4":"has-post-thumbnail","6":"product_cat-skierg","7":"product_shipping_class-k5-k4-k3-lt","9":"first","10":"instock","11":"shipping-taxable","12":"purchasable","13":"product-type-simple"},"_links":{"self":[{"href":"https:\/\/dvv.concept2.ee\/lt\/wp-json\/wp\/v2\/product\/1078","targetHints":{"allow":["GET"]}}],"collection":[{"href":"https:\/\/dvv.concept2.ee\/lt\/wp-json\/wp\/v2\/product"}],"about":[{"href":"https:\/\/dvv.concept2.ee\/lt\/wp-json\/wp\/v2\/types\/product"}],"wp:featuredmedia":[{"embeddable":true,"href":"https:\/\/dvv.concept2.ee\/lt\/wp-json\/wp\/v2\/media\/423"}],"wp:attachment":[{"href":"https:\/\/dvv.concept2.ee\/lt\/wp-json\/wp\/v2\/media?parent=1078"}],"wp:term":[{"taxonomy":"product_brand","embeddable":true,"href":"https:\/\/dvv.concept2.ee\/lt\/wp-json\/wp\/v2\/product_brand?post=1078"},{"taxonomy":"product_cat","embeddable":true,"href":"https:\/\/dvv.concept2.ee\/lt\/wp-json\/wp\/v2\/product_cat?post=1078"},{"taxonomy":"product_tag","embeddable":true,"href":"https:\/\/dvv.concept2.ee\/lt\/wp-json\/wp\/v2\/product_tag?post=1078"}],"curies":[{"name":"wp","href":"https:\/\/api.w.org\/{rel}","templated":true}]}}