{"id":1093,"date":"2024-11-26T12:18:38","date_gmt":"2024-11-26T10:18:38","guid":{"rendered":"https:\/\/dvv.concept2.ee\/product\/bikeerg\/"},"modified":"2025-04-06T09:34:25","modified_gmt":"2025-04-06T06:34:25","slug":"bikeerg","status":"publish","type":"product","link":"https:\/\/dvv.concept2.ee\/lt\/product\/bikeerg\/","title":{"rendered":"BikeErg"},"content":{"rendered":"<ul>\n<li>PM5 Monitor<\/li>\n<li>Bluetooth ja ANT+ \u00fchilduvus<\/li>\n<li>Hooratas ja tuuleklapp<\/li>\n<li>Reguleeritav sadul ja juhtraud<\/li>\n<li>Kerge kohandatavus<\/li>\n<li>Rihm\u00fclekanne<\/li>\n<\/ul>\n<hr \/>\n<h3>M\u00f5\u00f5tmed ja kaal<\/h3>\n<ul>\n<li>Pikkus 122 cm<\/li>\n<li>Laius 61 cm<\/li>\n<li>V\u00e4nda pikkus 170 mm<\/li>\n<li>Kaal 26 kg<\/li>\n<\/ul>\n<hr \/>\n<a href=\"https:\/\/dvv.concept2.ee\/tutvustus\/bikeerg\/\" class=\"button primary\"><span>Su\u017einoti daugiau<\/span><\/a>\r\n\n<a href=\"https:\/\/dvv.concept2.ee\/rent\/uldtingimused\/\" class=\"button primary\"><span>I\u0161sinuomuok<\/span><\/a>\n","protected":false},"excerpt":{"rendered":"<p>PM5 Monitor Bluetooth ja ANT+ \u00fchilduvus Hooratas ja tuuleklapp Reguleeritav sadul ja juhtraud Kerge kohandatavus Rihm\u00fclekanne M\u00f5\u00f5tmed ja kaal Pikkus 122 cm Laius 61 cm V\u00e4nda pikkus 170 mm Kaal 26 kg<\/p>\n","protected":false},"featured_media":472,"template":"","meta":[],"product_brand":[],"product_cat":[56],"product_tag":[],"class_list":{"0":"post-1093","1":"product","2":"type-product","3":"status-publish","4":"has-post-thumbnail","6":"product_cat-bikeerg","7":"product_shipping_class-k6-bikeerg-lt","9":"first","10":"instock","11":"shipping-taxable","12":"purchasable","13":"product-type-simple"},"_links":{"self":[{"href":"https:\/\/dvv.concept2.ee\/lt\/wp-json\/wp\/v2\/product\/1093","targetHints":{"allow":["GET"]}}],"collection":[{"href":"https:\/\/dvv.concept2.ee\/lt\/wp-json\/wp\/v2\/product"}],"about":[{"href":"https:\/\/dvv.concept2.ee\/lt\/wp-json\/wp\/v2\/types\/product"}],"wp:featuredmedia":[{"embeddable":true,"href":"https:\/\/dvv.concept2.ee\/lt\/wp-json\/wp\/v2\/media\/472"}],"wp:attachment":[{"href":"https:\/\/dvv.concept2.ee\/lt\/wp-json\/wp\/v2\/media?parent=1093"}],"wp:term":[{"taxonomy":"product_brand","embeddable":true,"href":"https:\/\/dvv.concept2.ee\/lt\/wp-json\/wp\/v2\/product_brand?post=1093"},{"taxonomy":"product_cat","embeddable":true,"href":"https:\/\/dvv.concept2.ee\/lt\/wp-json\/wp\/v2\/product_cat?post=1093"},{"taxonomy":"product_tag","embeddable":true,"href":"https:\/\/dvv.concept2.ee\/lt\/wp-json\/wp\/v2\/product_tag?post=1093"}],"curies":[{"name":"wp","href":"https:\/\/api.w.org\/{rel}","templated":true}]}}