{"id":1094,"date":"2024-12-02T21:03:39","date_gmt":"2024-12-02T19:03:39","guid":{"rendered":"https:\/\/dvv.concept2.ee\/product\/bikeerg-dviracio-treniruoklio-kilimelis\/"},"modified":"2025-03-11T16:40:29","modified_gmt":"2025-03-11T14:40:29","slug":"bikeerg-dviracio-treniruoklio-kilimelis","status":"publish","type":"product","link":"https:\/\/dvv.concept2.ee\/lt\/product\/bikeerg-dviracio-treniruoklio-kilimelis\/","title":{"rendered":"BikeErg dvira\u010dio treniruoklio kilim\u0117lis"},"content":{"rendered":"<ul>\n<li>Naudojamas apsaugoti grindis ir kad treniruoklis neslidin\u0117t\u0173<\/li>\n<li>Matmenys: Ilgis 150cm; plotis 80cm; storis 0,4cm<\/li>\n<li>Med\u017eiaga: elastin\u0117 guma<\/li>\n<\/ul>\n","protected":false},"excerpt":{"rendered":"<p>Naudojamas apsaugoti grindis ir kad treniruoklis neslidin\u0117t\u0173 Matmenys: Ilgis 150cm; plotis 80cm; storis 0,4cm Med\u017eiaga: elastin\u0117 guma<\/p>\n","protected":false},"featured_media":507,"template":"","meta":[],"product_brand":[],"product_cat":[56,60,62],"product_tag":[],"class_list":{"0":"post-1094","1":"product","2":"type-product","3":"status-publish","4":"has-post-thumbnail","6":"product_cat-bikeerg","7":"product_cat-wattbike","8":"product_cat-priedai","9":"product_shipping_class-k2-alusmatid-jt-kuni-5kg-lt","11":"first","12":"instock","13":"shipping-taxable","14":"purchasable","15":"product-type-simple"},"_links":{"self":[{"href":"https:\/\/dvv.concept2.ee\/lt\/wp-json\/wp\/v2\/product\/1094","targetHints":{"allow":["GET"]}}],"collection":[{"href":"https:\/\/dvv.concept2.ee\/lt\/wp-json\/wp\/v2\/product"}],"about":[{"href":"https:\/\/dvv.concept2.ee\/lt\/wp-json\/wp\/v2\/types\/product"}],"wp:featuredmedia":[{"embeddable":true,"href":"https:\/\/dvv.concept2.ee\/lt\/wp-json\/wp\/v2\/media\/507"}],"wp:attachment":[{"href":"https:\/\/dvv.concept2.ee\/lt\/wp-json\/wp\/v2\/media?parent=1094"}],"wp:term":[{"taxonomy":"product_brand","embeddable":true,"href":"https:\/\/dvv.concept2.ee\/lt\/wp-json\/wp\/v2\/product_brand?post=1094"},{"taxonomy":"product_cat","embeddable":true,"href":"https:\/\/dvv.concept2.ee\/lt\/wp-json\/wp\/v2\/product_cat?post=1094"},{"taxonomy":"product_tag","embeddable":true,"href":"https:\/\/dvv.concept2.ee\/lt\/wp-json\/wp\/v2\/product_tag?post=1094"}],"curies":[{"name":"wp","href":"https:\/\/api.w.org\/{rel}","templated":true}]}}