{"id":1104,"date":"2024-12-12T13:27:11","date_gmt":"2024-12-12T11:27:11","guid":{"rendered":"https:\/\/dvv.concept2.ee\/?post_type=product&#038;p=1104"},"modified":"2025-03-20T15:33:05","modified_gmt":"2025-03-20T13:33:05","slug":"monitorius-pm5","status":"publish","type":"product","link":"https:\/\/dvv.concept2.ee\/lt\/product\/monitorius-pm5\/","title":{"rendered":"Monitorius PM5"},"content":{"rendered":"<h2>Funkcijos<\/h2>\n<p>PM5 yra naujausias Concept2 monitorius. Jame rasite tik geriausi\u0173 prie\u0161 tai buvusi\u0173 monitori\u0173 savybi\u0173 rinkin\u012f \u2013 funkcionalumas bei legvas naudojimas. Monitorius \u012fsijungia i\u0161karto, kai pradedate treniruot\u0119. Tam nereikia naudoti joki\u0173 mygtuk\u0173.<\/p>\n<a href=\"https:\/\/dvv.concept2.ee\/tutvustus\/monitor-pm5\/\" class=\"button primary\"><span>Su\u017einoti daugiau<\/span><\/a>\r\n\n","protected":false},"excerpt":{"rendered":"<p>Funkcijos PM5 yra naujausias Concept2 monitorius. Jame rasite tik geriausi\u0173 prie\u0161 tai buvusi\u0173 monitori\u0173 savybi\u0173 rinkin\u012f \u2013 funkcionalumas bei legvas naudojimas. Monitorius \u012fsijungia i\u0161karto, kai pradedate treniruot\u0119. Tam nereikia naudoti joki\u0173 mygtuk\u0173.<\/p>\n","protected":false},"featured_media":572,"template":"","meta":[],"product_brand":[],"product_cat":[62],"product_tag":[],"class_list":{"0":"post-1104","1":"product","2":"type-product","3":"status-publish","4":"has-post-thumbnail","6":"product_cat-priedai","7":"product_shipping_class-k1-pakiautomaat-lt","9":"first","10":"instock","11":"shipping-taxable","12":"purchasable","13":"product-type-simple"},"_links":{"self":[{"href":"https:\/\/dvv.concept2.ee\/lt\/wp-json\/wp\/v2\/product\/1104","targetHints":{"allow":["GET"]}}],"collection":[{"href":"https:\/\/dvv.concept2.ee\/lt\/wp-json\/wp\/v2\/product"}],"about":[{"href":"https:\/\/dvv.concept2.ee\/lt\/wp-json\/wp\/v2\/types\/product"}],"wp:featuredmedia":[{"embeddable":true,"href":"https:\/\/dvv.concept2.ee\/lt\/wp-json\/wp\/v2\/media\/572"}],"wp:attachment":[{"href":"https:\/\/dvv.concept2.ee\/lt\/wp-json\/wp\/v2\/media?parent=1104"}],"wp:term":[{"taxonomy":"product_brand","embeddable":true,"href":"https:\/\/dvv.concept2.ee\/lt\/wp-json\/wp\/v2\/product_brand?post=1104"},{"taxonomy":"product_cat","embeddable":true,"href":"https:\/\/dvv.concept2.ee\/lt\/wp-json\/wp\/v2\/product_cat?post=1104"},{"taxonomy":"product_tag","embeddable":true,"href":"https:\/\/dvv.concept2.ee\/lt\/wp-json\/wp\/v2\/product_tag?post=1104"}],"curies":[{"name":"wp","href":"https:\/\/api.w.org\/{rel}","templated":true}]}}