{"id":1125,"date":"2024-12-12T21:48:03","date_gmt":"2024-12-12T19:48:03","guid":{"rendered":"https:\/\/dvv.concept2.ee\/?post_type=product&#038;p=1125"},"modified":"2025-03-11T13:33:56","modified_gmt":"2025-03-11T11:33:56","slug":"ergometro-uzvalkalas-modelis-e","status":"publish","type":"product","link":"https:\/\/dvv.concept2.ee\/lt\/product\/ergometro-uzvalkalas-modelis-e\/","title":{"rendered":"Ergometro u\u017evalkalas (Modelis E)"},"content":{"rendered":"<p>Naudojamas apsaugoti ergometr\u0105 nuo saul\u0117s ir dulki\u0173.<\/p>\n","protected":false},"excerpt":{"rendered":"<p>Naudojamas apsaugoti ergometr\u0105 nuo saul\u0117s ir dulki\u0173.<\/p>\n","protected":false},"featured_media":622,"template":"","meta":[],"product_brand":[],"product_cat":[62],"product_tag":[],"class_list":{"0":"post-1125","1":"product","2":"type-product","3":"status-publish","4":"has-post-thumbnail","6":"product_cat-priedai","7":"product_shipping_class-k1-pakiautomaat-lt","9":"first","10":"instock","11":"shipping-taxable","12":"purchasable","13":"product-type-simple"},"_links":{"self":[{"href":"https:\/\/dvv.concept2.ee\/lt\/wp-json\/wp\/v2\/product\/1125","targetHints":{"allow":["GET"]}}],"collection":[{"href":"https:\/\/dvv.concept2.ee\/lt\/wp-json\/wp\/v2\/product"}],"about":[{"href":"https:\/\/dvv.concept2.ee\/lt\/wp-json\/wp\/v2\/types\/product"}],"wp:featuredmedia":[{"embeddable":true,"href":"https:\/\/dvv.concept2.ee\/lt\/wp-json\/wp\/v2\/media\/622"}],"wp:attachment":[{"href":"https:\/\/dvv.concept2.ee\/lt\/wp-json\/wp\/v2\/media?parent=1125"}],"wp:term":[{"taxonomy":"product_brand","embeddable":true,"href":"https:\/\/dvv.concept2.ee\/lt\/wp-json\/wp\/v2\/product_brand?post=1125"},{"taxonomy":"product_cat","embeddable":true,"href":"https:\/\/dvv.concept2.ee\/lt\/wp-json\/wp\/v2\/product_cat?post=1125"},{"taxonomy":"product_tag","embeddable":true,"href":"https:\/\/dvv.concept2.ee\/lt\/wp-json\/wp\/v2\/product_tag?post=1125"}],"curies":[{"name":"wp","href":"https:\/\/api.w.org\/{rel}","templated":true}]}}