{"id":1128,"date":"2024-12-13T13:28:11","date_gmt":"2024-12-13T11:28:11","guid":{"rendered":"https:\/\/dvv.concept2.ee\/?post_type=product&#038;p=1128"},"modified":"2025-03-11T13:39:33","modified_gmt":"2025-03-11T11:39:33","slug":"log-kortele-rowerg","status":"publish","type":"product","link":"https:\/\/dvv.concept2.ee\/lt\/product\/log-kortele-rowerg\/","title":{"rendered":"LOG kortel\u0117 RowErg"},"content":{"rendered":"<p>Treniruo\u010di\u0173 i\u0161saugojimui. Leid\u017eia i\u0161saugoti iki penki\u0173 naudotoj\u0173 trenoruo\u010di\u0173 duomen\u0173.<br \/>\nMonitoriam PM3 Ir PM4.<\/p>\n","protected":false},"excerpt":{"rendered":"<p>Treniruo\u010di\u0173 i\u0161saugojimui. Leid\u017eia i\u0161saugoti iki penki\u0173 naudotoj\u0173 trenoruo\u010di\u0173 duomen\u0173. Monitoriam PM3 Ir PM4.<\/p>\n","protected":false},"featured_media":631,"template":"","meta":[],"product_brand":[],"product_cat":[62],"product_tag":[],"class_list":{"0":"post-1128","1":"product","2":"type-product","3":"status-publish","4":"has-post-thumbnail","6":"product_cat-priedai","7":"product_shipping_class-k1-pakiautomaat-lt","9":"first","10":"instock","11":"shipping-taxable","12":"purchasable","13":"product-type-simple"},"_links":{"self":[{"href":"https:\/\/dvv.concept2.ee\/lt\/wp-json\/wp\/v2\/product\/1128","targetHints":{"allow":["GET"]}}],"collection":[{"href":"https:\/\/dvv.concept2.ee\/lt\/wp-json\/wp\/v2\/product"}],"about":[{"href":"https:\/\/dvv.concept2.ee\/lt\/wp-json\/wp\/v2\/types\/product"}],"wp:featuredmedia":[{"embeddable":true,"href":"https:\/\/dvv.concept2.ee\/lt\/wp-json\/wp\/v2\/media\/631"}],"wp:attachment":[{"href":"https:\/\/dvv.concept2.ee\/lt\/wp-json\/wp\/v2\/media?parent=1128"}],"wp:term":[{"taxonomy":"product_brand","embeddable":true,"href":"https:\/\/dvv.concept2.ee\/lt\/wp-json\/wp\/v2\/product_brand?post=1128"},{"taxonomy":"product_cat","embeddable":true,"href":"https:\/\/dvv.concept2.ee\/lt\/wp-json\/wp\/v2\/product_cat?post=1128"},{"taxonomy":"product_tag","embeddable":true,"href":"https:\/\/dvv.concept2.ee\/lt\/wp-json\/wp\/v2\/product_tag?post=1128"}],"curies":[{"name":"wp","href":"https:\/\/api.w.org\/{rel}","templated":true}]}}