{"id":1140,"date":"2024-12-13T13:58:25","date_gmt":"2024-12-13T11:58:25","guid":{"rendered":"https:\/\/dvv.concept2.ee\/?post_type=product&#038;p=1140"},"modified":"2025-03-11T14:25:34","modified_gmt":"2025-03-11T12:25:34","slug":"sujungimo-komplektas-android-irenginiams","status":"publish","type":"product","link":"https:\/\/dvv.concept2.ee\/lt\/product\/sujungimo-komplektas-android-irenginiams\/","title":{"rendered":"Sujungimo komplektas Android \u012frenginiams"},"content":{"rendered":"<p>Sujungimo komplektas Android \u012frenginiams skirtas PM3 ir PM4 monitori\u0173 sujungimui su \u201eAndroid\u201c \u012frengini\u0173, kad b\u016bt\u0173 galima naudoti \u201eErgData\u201c programin\u0119 \u012frang\u0105. Komplekte yra laidas i\u0161maniojo telefono stovo sujungimui su PM4 ir PM4 monitoriais. I\u0161maniojo telefono stovas statomas tiesiai ant PM monitoriaus. Tai u\u017etikrina patogu EtgData program\u0117les naudojim\u0105 treniruot\u0117s met\u0173. Stovo matmenys: gylis &#8211; 1,5 cm x plotis &#8211; 13,2 cm.<\/p>\n<p>D\u0117mesio! Susipa\u017einkite su tinkamu Android \u012frengini\u0173 s\u0105ra\u0161\u0173 prie\u0161 perkant: <a href=\"https:\/\/www.concept2.com\/support\/software\" target=\"_blank\" rel=\"noopener\">www.concept2.com\/support\/software<\/a><\/p>\n","protected":false},"excerpt":{"rendered":"<p>Sujungimo komplektas Android \u012frenginiams skirtas PM3 ir PM4 monitori\u0173 sujungimui su \u201eAndroid\u201c \u012frengini\u0173, kad b\u016bt\u0173 galima naudoti \u201eErgData\u201c programin\u0119 \u012frang\u0105. Komplekte yra laidas i\u0161maniojo telefono stovo sujungimui su PM4 ir PM4 monitoriais. I\u0161maniojo telefono stovas statomas tiesiai ant PM monitoriaus. Tai u\u017etikrina patogu EtgData program\u0117les naudojim\u0105 treniruot\u0117s met\u0173. Stovo matmenys: gylis &#8211; 1,5 cm x [&#8230;]\n","protected":false},"featured_media":659,"template":"","meta":[],"product_brand":[],"product_cat":[62],"product_tag":[],"class_list":{"0":"post-1140","1":"product","2":"type-product","3":"status-publish","4":"has-post-thumbnail","6":"product_cat-priedai","7":"product_shipping_class-k1-pakiautomaat-lt","9":"first","10":"instock","11":"shipping-taxable","12":"purchasable","13":"product-type-simple"},"_links":{"self":[{"href":"https:\/\/dvv.concept2.ee\/lt\/wp-json\/wp\/v2\/product\/1140","targetHints":{"allow":["GET"]}}],"collection":[{"href":"https:\/\/dvv.concept2.ee\/lt\/wp-json\/wp\/v2\/product"}],"about":[{"href":"https:\/\/dvv.concept2.ee\/lt\/wp-json\/wp\/v2\/types\/product"}],"wp:featuredmedia":[{"embeddable":true,"href":"https:\/\/dvv.concept2.ee\/lt\/wp-json\/wp\/v2\/media\/659"}],"wp:attachment":[{"href":"https:\/\/dvv.concept2.ee\/lt\/wp-json\/wp\/v2\/media?parent=1140"}],"wp:term":[{"taxonomy":"product_brand","embeddable":true,"href":"https:\/\/dvv.concept2.ee\/lt\/wp-json\/wp\/v2\/product_brand?post=1140"},{"taxonomy":"product_cat","embeddable":true,"href":"https:\/\/dvv.concept2.ee\/lt\/wp-json\/wp\/v2\/product_cat?post=1140"},{"taxonomy":"product_tag","embeddable":true,"href":"https:\/\/dvv.concept2.ee\/lt\/wp-json\/wp\/v2\/product_tag?post=1140"}],"curies":[{"name":"wp","href":"https:\/\/api.w.org\/{rel}","templated":true}]}}