{"id":1142,"date":"2024-12-13T15:09:30","date_gmt":"2024-12-13T13:09:30","guid":{"rendered":"https:\/\/dvv.concept2.ee\/?post_type=product&#038;p=1142"},"modified":"2025-03-11T14:36:38","modified_gmt":"2025-03-11T12:36:38","slug":"universalus-ismaniuju-irenginiu-laikiklis-telefonams-ir-plansetems-2","status":"publish","type":"product","link":"https:\/\/dvv.concept2.ee\/lt\/product\/universalus-ismaniuju-irenginiu-laikiklis-telefonams-ir-plansetems-2\/","title":{"rendered":"Universalus i\u0161mani\u0173j\u0173 \u012frengini\u0173 laikiklis telefonams ir plan\u0161et\u0117ms (RowErg)"},"content":{"rendered":"<p>Modeliams C ir D \/ RowErg su PM5 monitoriumi<\/p>\n","protected":false},"excerpt":{"rendered":"<p>Modeliams C ir D \/ RowErg su PM5 monitoriumi<\/p>\n","protected":false},"featured_media":664,"template":"","meta":[],"product_brand":[],"product_cat":[62],"product_tag":[],"class_list":{"0":"post-1142","1":"product","2":"type-product","3":"status-publish","4":"has-post-thumbnail","6":"product_cat-priedai","7":"product_shipping_class-k1-pakiautomaat-lt","9":"first","10":"instock","11":"shipping-taxable","12":"purchasable","13":"product-type-simple"},"_links":{"self":[{"href":"https:\/\/dvv.concept2.ee\/lt\/wp-json\/wp\/v2\/product\/1142","targetHints":{"allow":["GET"]}}],"collection":[{"href":"https:\/\/dvv.concept2.ee\/lt\/wp-json\/wp\/v2\/product"}],"about":[{"href":"https:\/\/dvv.concept2.ee\/lt\/wp-json\/wp\/v2\/types\/product"}],"wp:featuredmedia":[{"embeddable":true,"href":"https:\/\/dvv.concept2.ee\/lt\/wp-json\/wp\/v2\/media\/664"}],"wp:attachment":[{"href":"https:\/\/dvv.concept2.ee\/lt\/wp-json\/wp\/v2\/media?parent=1142"}],"wp:term":[{"taxonomy":"product_brand","embeddable":true,"href":"https:\/\/dvv.concept2.ee\/lt\/wp-json\/wp\/v2\/product_brand?post=1142"},{"taxonomy":"product_cat","embeddable":true,"href":"https:\/\/dvv.concept2.ee\/lt\/wp-json\/wp\/v2\/product_cat?post=1142"},{"taxonomy":"product_tag","embeddable":true,"href":"https:\/\/dvv.concept2.ee\/lt\/wp-json\/wp\/v2\/product_tag?post=1142"}],"curies":[{"name":"wp","href":"https:\/\/api.w.org\/{rel}","templated":true}]}}