{"id":1147,"date":"2024-12-16T10:58:56","date_gmt":"2024-12-16T08:58:56","guid":{"rendered":"https:\/\/dvv.concept2.ee\/?post_type=product&#038;p=1147"},"modified":"2025-03-11T16:00:53","modified_gmt":"2025-03-11T14:00:53","slug":"polar-verity-sense-optinis-sirdies-ritmo-jutiklis","status":"publish","type":"product","link":"https:\/\/dvv.concept2.ee\/lt\/product\/polar-verity-sense-optinis-sirdies-ritmo-jutiklis\/","title":{"rendered":"Polar Verity Sense optinis \u0161irdies ritmo jutiklis"},"content":{"rendered":"<p>Polar Verity Sense yra optinis \u0161irdies ritmo monitorius, suteikiantis maksimali\u0105 jud\u0117jimo laisv\u0119 ir \u012fvairius b\u016bdus per\u017ei\u016br\u0117ti bei \u012fra\u0161yti treniruotes. Bluetooth\u00ae, ANT+ ir vidin\u0117 atmintis leid\u017eia prijungti Polar Verity Sense prie sportinio laikrod\u017eio ar programos ir steb\u0117ti treniruo\u010di\u0173 eig\u0105 realiuoju laiku arba i\u0161saugoti treniruotes vidin\u0117je atmintyje ir jas per\u017ei\u016br\u0117ti v\u0117liau.<\/p>\n","protected":false},"excerpt":{"rendered":"<p>Polar Verity Sense yra optinis \u0161irdies ritmo monitorius, suteikiantis maksimali\u0105 jud\u0117jimo laisv\u0119 ir \u012fvairius b\u016bdus per\u017ei\u016br\u0117ti bei \u012fra\u0161yti treniruotes. Bluetooth\u00ae, ANT+ ir vidin\u0117 atmintis leid\u017eia prijungti Polar Verity Sense prie sportinio laikrod\u017eio ar programos ir steb\u0117ti treniruo\u010di\u0173 eig\u0105 realiuoju laiku arba i\u0161saugoti treniruotes vidin\u0117je atmintyje ir jas per\u017ei\u016br\u0117ti v\u0117liau.<\/p>\n","protected":false},"featured_media":682,"template":"","meta":[],"product_brand":[],"product_cat":[62],"product_tag":[],"class_list":{"0":"post-1147","1":"product","2":"type-product","3":"status-publish","4":"has-post-thumbnail","6":"product_cat-priedai","7":"product_shipping_class-k1-pakiautomaat-lt","9":"first","10":"instock","11":"shipping-taxable","12":"purchasable","13":"product-type-simple"},"_links":{"self":[{"href":"https:\/\/dvv.concept2.ee\/lt\/wp-json\/wp\/v2\/product\/1147","targetHints":{"allow":["GET"]}}],"collection":[{"href":"https:\/\/dvv.concept2.ee\/lt\/wp-json\/wp\/v2\/product"}],"about":[{"href":"https:\/\/dvv.concept2.ee\/lt\/wp-json\/wp\/v2\/types\/product"}],"wp:featuredmedia":[{"embeddable":true,"href":"https:\/\/dvv.concept2.ee\/lt\/wp-json\/wp\/v2\/media\/682"}],"wp:attachment":[{"href":"https:\/\/dvv.concept2.ee\/lt\/wp-json\/wp\/v2\/media?parent=1147"}],"wp:term":[{"taxonomy":"product_brand","embeddable":true,"href":"https:\/\/dvv.concept2.ee\/lt\/wp-json\/wp\/v2\/product_brand?post=1147"},{"taxonomy":"product_cat","embeddable":true,"href":"https:\/\/dvv.concept2.ee\/lt\/wp-json\/wp\/v2\/product_cat?post=1147"},{"taxonomy":"product_tag","embeddable":true,"href":"https:\/\/dvv.concept2.ee\/lt\/wp-json\/wp\/v2\/product_tag?post=1147"}],"curies":[{"name":"wp","href":"https:\/\/api.w.org\/{rel}","templated":true}]}}