{"id":1156,"date":"2024-11-13T17:41:38","date_gmt":"2024-11-13T15:41:38","guid":{"rendered":"https:\/\/dvv.concept2.ee\/?post_type=product&#038;p=1156"},"modified":"2025-03-20T15:18:32","modified_gmt":"2025-03-20T13:18:32","slug":"ergometro-kilimelis","status":"publish","type":"product","link":"https:\/\/dvv.concept2.ee\/lt\/product\/ergometro-kilimelis\/","title":{"rendered":"Ergometro kilim\u0117lis"},"content":{"rendered":"<ul>\n<li>Naudojamas apsaugoti grindis ir kad treniruoklis neslidin\u0117t\u0173.<\/li>\n<li>Matmenys: Ilgis 250cm; plotis 80cm; storis 0,4cm.<\/li>\n<li>Med\u017eiaga: elastin\u0117 guma.<\/li>\n<\/ul>\n<a href=\"https:\/\/dvv.concept2.ee\/rent\/uldtingimused\/\" class=\"button primary\"><span>I\u0161sinuomuok<\/span><\/a>\n","protected":false},"excerpt":{"rendered":"<p>Naudojamas apsaugoti grindis ir kad treniruoklis neslidin\u0117t\u0173. Matmenys: Ilgis 250cm; plotis 80cm; storis 0,4cm. Med\u017eiaga: elastin\u0117 guma.<\/p>\n","protected":false},"featured_media":333,"template":"","meta":[],"product_brand":[],"product_cat":[50,62],"product_tag":[],"class_list":{"0":"post-1156","1":"product","2":"type-product","3":"status-publish","4":"has-post-thumbnail","6":"product_cat-rowerg","7":"product_cat-priedai","8":"product_shipping_class-k2-alusmatid-jt-kuni-5kg-lt","10":"first","11":"instock","12":"shipping-taxable","13":"purchasable","14":"product-type-simple"},"_links":{"self":[{"href":"https:\/\/dvv.concept2.ee\/lt\/wp-json\/wp\/v2\/product\/1156","targetHints":{"allow":["GET"]}}],"collection":[{"href":"https:\/\/dvv.concept2.ee\/lt\/wp-json\/wp\/v2\/product"}],"about":[{"href":"https:\/\/dvv.concept2.ee\/lt\/wp-json\/wp\/v2\/types\/product"}],"wp:featuredmedia":[{"embeddable":true,"href":"https:\/\/dvv.concept2.ee\/lt\/wp-json\/wp\/v2\/media\/333"}],"wp:attachment":[{"href":"https:\/\/dvv.concept2.ee\/lt\/wp-json\/wp\/v2\/media?parent=1156"}],"wp:term":[{"taxonomy":"product_brand","embeddable":true,"href":"https:\/\/dvv.concept2.ee\/lt\/wp-json\/wp\/v2\/product_brand?post=1156"},{"taxonomy":"product_cat","embeddable":true,"href":"https:\/\/dvv.concept2.ee\/lt\/wp-json\/wp\/v2\/product_cat?post=1156"},{"taxonomy":"product_tag","embeddable":true,"href":"https:\/\/dvv.concept2.ee\/lt\/wp-json\/wp\/v2\/product_tag?post=1156"}],"curies":[{"name":"wp","href":"https:\/\/api.w.org\/{rel}","templated":true}]}}