{"id":1164,"date":"2024-12-18T14:44:47","date_gmt":"2024-12-18T12:44:47","guid":{"rendered":"https:\/\/dvv.concept2.ee\/?post_type=product&#038;p=1164"},"modified":"2025-03-11T21:07:13","modified_gmt":"2025-03-11T19:07:13","slug":"bikeerg-plus","status":"publish","type":"product","link":"https:\/\/dvv.concept2.ee\/lt\/product\/bikeerg-plus\/","title":{"rendered":"BikeErg Plus"},"content":{"rendered":"<ul>\n<li>BikeErg su monitoriumi PM5<\/li>\n<li>Dvira\u010dio treniruoklio kilim\u0117lis<\/li>\n<li>Polar pulso dir\u017eas HRS H10 Bluetooth Smart M-XXL<\/li>\n<\/ul>\n","protected":false},"excerpt":{"rendered":"<p>BikeErg su monitoriumi PM5 Dvira\u010dio treniruoklio kilim\u0117lis Polar pulso dir\u017eas HRS H10 Bluetooth Smart M-XXL<\/p>\n","protected":false},"featured_media":762,"template":"","meta":[],"product_brand":[],"product_cat":[64],"product_tag":[],"class_list":{"0":"post-1164","1":"product","2":"type-product","3":"status-publish","4":"has-post-thumbnail","6":"product_cat-rinkiniai","7":"product_shipping_class-k09-bikeerg-plus-k6-k2-lt","9":"first","10":"instock","11":"shipping-taxable","12":"purchasable","13":"product-type-simple"},"_links":{"self":[{"href":"https:\/\/dvv.concept2.ee\/lt\/wp-json\/wp\/v2\/product\/1164","targetHints":{"allow":["GET"]}}],"collection":[{"href":"https:\/\/dvv.concept2.ee\/lt\/wp-json\/wp\/v2\/product"}],"about":[{"href":"https:\/\/dvv.concept2.ee\/lt\/wp-json\/wp\/v2\/types\/product"}],"wp:featuredmedia":[{"embeddable":true,"href":"https:\/\/dvv.concept2.ee\/lt\/wp-json\/wp\/v2\/media\/762"}],"wp:attachment":[{"href":"https:\/\/dvv.concept2.ee\/lt\/wp-json\/wp\/v2\/media?parent=1164"}],"wp:term":[{"taxonomy":"product_brand","embeddable":true,"href":"https:\/\/dvv.concept2.ee\/lt\/wp-json\/wp\/v2\/product_brand?post=1164"},{"taxonomy":"product_cat","embeddable":true,"href":"https:\/\/dvv.concept2.ee\/lt\/wp-json\/wp\/v2\/product_cat?post=1164"},{"taxonomy":"product_tag","embeddable":true,"href":"https:\/\/dvv.concept2.ee\/lt\/wp-json\/wp\/v2\/product_tag?post=1164"}],"curies":[{"name":"wp","href":"https:\/\/api.w.org\/{rel}","templated":true}]}}