{"id":1170,"date":"2024-11-11T16:27:26","date_gmt":"2024-11-11T14:27:26","guid":{"rendered":"https:\/\/dvv.concept2.ee\/?post_type=product&#038;p=1170"},"modified":"2025-03-20T15:08:02","modified_gmt":"2025-03-20T13:08:02","slug":"rowerg-aukstas","status":"publish","type":"product","link":"https:\/\/dvv.concept2.ee\/lt\/product\/rowerg-aukstas\/","title":{"rendered":"RowErg Auk\u0161tas"},"content":{"rendered":"<ul>\n<li>Automatinis \u012fjungimas<\/li>\n<li>Tiksli atsekamoji treniruo\u010di\u0173 sistema<\/li>\n<li>Monitoriaus ekrane galima atvaizduoti 5 skirtingus parodymus<\/li>\n<li>Galimyb\u0117 naudoti USB &#8222;flash&#8221; disk\u0105 treniruo\u010di\u0173 rezultat\u0173\u00a0saugojimui<\/li>\n<li>Galimyb\u0117 perkelti duomenis \u012f komputer\u012f<\/li>\n<li>Universalus laikiklis i\u0161maniajam telefonui ir plan\u0161etei<\/li>\n<li>\u0160irdies susitraukim\u0173 da\u017enio skai\u010diavimo sistemos ANT+ ir Bluethooth Smart<\/li>\n<li>Akumoliatorin\u0117s baterijos pasikrauna irkluojant<\/li>\n<li>Galymib\u0117 var\u017eytis naudojantis bevieliu ry\u0161iu.<\/li>\n<li>S\u0117dyn\u0117s auk\u0161tis 51 cm<\/li>\n<li>Ilgis 240 cm; plotis 60 cm, svoris 31 kg<\/li>\n<li>Patalpos ilgis reikalingas treniruokliui 285 cm<\/li>\n<\/ul>\n<a href=\"https:\/\/dvv.concept2.ee\/tutvustus\/rowerg-korgem\/\" class=\"button primary\"><span>Su\u017einoti daugiau<\/span><\/a>\r\n\n","protected":false},"excerpt":{"rendered":"<p>Automatinis \u012fjungimas Tiksli atsekamoji treniruo\u010di\u0173 sistema Monitoriaus ekrane galima atvaizduoti 5 skirtingus parodymus Galimyb\u0117 naudoti USB &#8222;flash&#8221; disk\u0105 treniruo\u010di\u0173 rezultat\u0173\u00a0saugojimui Galimyb\u0117 perkelti duomenis \u012f komputer\u012f Universalus laikiklis i\u0161maniajam telefonui ir plan\u0161etei \u0160irdies susitraukim\u0173 da\u017enio skai\u010diavimo sistemos ANT+ ir Bluethooth Smart Akumoliatorin\u0117s baterijos pasikrauna irkluojant Galymib\u0117 var\u017eytis naudojantis bevieliu ry\u0161iu. S\u0117dyn\u0117s auk\u0161tis 51 cm Ilgis 240 [&#8230;]\n","protected":false},"featured_media":257,"template":"","meta":[],"product_brand":[],"product_cat":[50],"product_tag":[],"class_list":{"0":"post-1170","1":"product","2":"type-product","3":"status-publish","4":"has-post-thumbnail","6":"product_cat-rowerg","7":"product_shipping_class-k5-k4-k3-lt","9":"first","10":"instock","11":"shipping-taxable","12":"purchasable","13":"product-type-simple"},"_links":{"self":[{"href":"https:\/\/dvv.concept2.ee\/lt\/wp-json\/wp\/v2\/product\/1170","targetHints":{"allow":["GET"]}}],"collection":[{"href":"https:\/\/dvv.concept2.ee\/lt\/wp-json\/wp\/v2\/product"}],"about":[{"href":"https:\/\/dvv.concept2.ee\/lt\/wp-json\/wp\/v2\/types\/product"}],"wp:featuredmedia":[{"embeddable":true,"href":"https:\/\/dvv.concept2.ee\/lt\/wp-json\/wp\/v2\/media\/257"}],"wp:attachment":[{"href":"https:\/\/dvv.concept2.ee\/lt\/wp-json\/wp\/v2\/media?parent=1170"}],"wp:term":[{"taxonomy":"product_brand","embeddable":true,"href":"https:\/\/dvv.concept2.ee\/lt\/wp-json\/wp\/v2\/product_brand?post=1170"},{"taxonomy":"product_cat","embeddable":true,"href":"https:\/\/dvv.concept2.ee\/lt\/wp-json\/wp\/v2\/product_cat?post=1170"},{"taxonomy":"product_tag","embeddable":true,"href":"https:\/\/dvv.concept2.ee\/lt\/wp-json\/wp\/v2\/product_tag?post=1170"}],"curies":[{"name":"wp","href":"https:\/\/api.w.org\/{rel}","templated":true}]}}