{"id":1172,"date":"2024-12-28T22:22:08","date_gmt":"2024-12-28T20:22:08","guid":{"rendered":"https:\/\/dvv.concept2.ee\/?post_type=product&#038;p=1172"},"modified":"2025-03-12T10:52:54","modified_gmt":"2025-03-12T08:52:54","slug":"plansetes-ir-ismaniojo-telefono-laikiklis","status":"publish","type":"product","link":"https:\/\/dvv.concept2.ee\/lt\/product\/plansetes-ir-ismaniojo-telefono-laikiklis\/","title":{"rendered":"Plan\u0161et\u0117s ir i\u0161maniojo telefono laikiklis"},"content":{"rendered":"","protected":false},"excerpt":{"rendered":"","protected":false},"featured_media":789,"template":"","meta":[],"product_brand":[],"product_cat":[60],"product_tag":[],"class_list":{"0":"post-1172","1":"product","2":"type-product","3":"status-publish","4":"has-post-thumbnail","6":"product_cat-wattbike","7":"product_shipping_class-k1-pakiautomaat-lt","9":"first","10":"instock","11":"shipping-taxable","12":"purchasable","13":"product-type-simple"},"_links":{"self":[{"href":"https:\/\/dvv.concept2.ee\/lt\/wp-json\/wp\/v2\/product\/1172","targetHints":{"allow":["GET"]}}],"collection":[{"href":"https:\/\/dvv.concept2.ee\/lt\/wp-json\/wp\/v2\/product"}],"about":[{"href":"https:\/\/dvv.concept2.ee\/lt\/wp-json\/wp\/v2\/types\/product"}],"wp:featuredmedia":[{"embeddable":true,"href":"https:\/\/dvv.concept2.ee\/lt\/wp-json\/wp\/v2\/media\/789"}],"wp:attachment":[{"href":"https:\/\/dvv.concept2.ee\/lt\/wp-json\/wp\/v2\/media?parent=1172"}],"wp:term":[{"taxonomy":"product_brand","embeddable":true,"href":"https:\/\/dvv.concept2.ee\/lt\/wp-json\/wp\/v2\/product_brand?post=1172"},{"taxonomy":"product_cat","embeddable":true,"href":"https:\/\/dvv.concept2.ee\/lt\/wp-json\/wp\/v2\/product_cat?post=1172"},{"taxonomy":"product_tag","embeddable":true,"href":"https:\/\/dvv.concept2.ee\/lt\/wp-json\/wp\/v2\/product_tag?post=1172"}],"curies":[{"name":"wp","href":"https:\/\/api.w.org\/{rel}","templated":true}]}}