{"id":1265,"date":"2024-12-02T21:18:37","date_gmt":"2024-12-02T19:18:37","guid":{"rendered":"https:\/\/dvv.concept2.ee\/?post_type=product&#038;p=1265"},"modified":"2025-03-16T09:35:26","modified_gmt":"2025-03-16T07:35:26","slug":"universalus-ismaniuju-irenginiu-laikiklis-telefonams-ir-plansetems","status":"publish","type":"product","link":"https:\/\/dvv.concept2.ee\/lt\/product\/universalus-ismaniuju-irenginiu-laikiklis-telefonams-ir-plansetems\/","title":{"rendered":"Universalus i\u0161mani\u0173j\u0173 \u012frengini\u0173 laikiklis telefonams ir plan\u0161et\u0117ms"},"content":{"rendered":"","protected":false},"excerpt":{"rendered":"","protected":false},"featured_media":533,"template":"","meta":[],"product_brand":[],"product_cat":[56,62],"product_tag":[],"class_list":{"0":"post-1265","1":"product","2":"type-product","3":"status-publish","4":"has-post-thumbnail","6":"product_cat-bikeerg","7":"product_cat-priedai","8":"product_shipping_class-k1-pakiautomaat-lt","10":"first","11":"instock","12":"shipping-taxable","13":"purchasable","14":"product-type-simple"},"_links":{"self":[{"href":"https:\/\/dvv.concept2.ee\/lt\/wp-json\/wp\/v2\/product\/1265","targetHints":{"allow":["GET"]}}],"collection":[{"href":"https:\/\/dvv.concept2.ee\/lt\/wp-json\/wp\/v2\/product"}],"about":[{"href":"https:\/\/dvv.concept2.ee\/lt\/wp-json\/wp\/v2\/types\/product"}],"wp:featuredmedia":[{"embeddable":true,"href":"https:\/\/dvv.concept2.ee\/lt\/wp-json\/wp\/v2\/media\/533"}],"wp:attachment":[{"href":"https:\/\/dvv.concept2.ee\/lt\/wp-json\/wp\/v2\/media?parent=1265"}],"wp:term":[{"taxonomy":"product_brand","embeddable":true,"href":"https:\/\/dvv.concept2.ee\/lt\/wp-json\/wp\/v2\/product_brand?post=1265"},{"taxonomy":"product_cat","embeddable":true,"href":"https:\/\/dvv.concept2.ee\/lt\/wp-json\/wp\/v2\/product_cat?post=1265"},{"taxonomy":"product_tag","embeddable":true,"href":"https:\/\/dvv.concept2.ee\/lt\/wp-json\/wp\/v2\/product_tag?post=1265"}],"curies":[{"name":"wp","href":"https:\/\/api.w.org\/{rel}","templated":true}]}}