{"id":1025,"date":"2024-11-10T19:18:21","date_gmt":"2024-11-10T17:18:21","guid":{"rendered":"https:\/\/dvv.concept2.ee\/?page_id=1025"},"modified":"2025-03-19T09:22:42","modified_gmt":"2025-03-19T07:22:42","slug":"rowerg-standard","status":"publish","type":"page","link":"https:\/\/dvv.concept2.ee\/lv\/ievads\/rowerg-standard\/","title":{"rendered":"RowErg Standard"},"content":{"rendered":"\n  <div class=\"banner has-hover hero has-parallax\" id=\"banner-606947431\">\n          <div class=\"banner-inner fill\">\n        <div class=\"banner-bg fill\" data-parallax=\"-2\" data-parallax-container=\".banner\" data-parallax-background>\n            <img loading=\"lazy\" decoding=\"async\" width=\"1200\" height=\"600\" src=\"https:\/\/dvv.concept2.ee\/wp-content\/uploads\/banner-rowerg-standard-outdoors-ste-3.jpg\" class=\"bg attachment-original size-original\" alt=\"\" \/>                                    \n                    <\/div>\n\t\t\n        <div class=\"banner-layers container\">\n            <div class=\"fill banner-link\"><\/div>            \n   <div id=\"text-box-33337138\" class=\"text-box banner-layer x50 md-x50 lg-x50 y95 md-y95 lg-y95 res-text\">\n                                <div class=\"text-box-content text dark\">\n              \n              <div class=\"text-inner text-center\">\n                  \n<h1>RowErg Standard<\/h1>\n              <\/div>\n           <\/div>\n                            \n<style>\n#text-box-33337138 {\n  width: 90%;\n}\n#text-box-33337138 .text-box-content {\n  font-size: 100%;\n}\n<\/style>\n    <\/div>\n \n        <\/div>\n      <\/div>\n\n            \n<style>\n#banner-606947431 {\n  padding-top: 50%;\n  background-color: rgb(255,255,255);\n}\n<\/style>\n  <\/div>\n\n\n<div class=\"row col-middle\"  id=\"row-1718685097\">\n\n\t<div id=\"col-859726271\" class=\"col small-12 large-12\"  >\n\t\t\t\t<div class=\"col-inner\"  >\n\t\t\t\n\t\t\t\n<div class=\"row\"  id=\"row-1264748512\">\n\n\t<div id=\"col-1308606444\" class=\"col medium-8 small-12 large-8\"  >\n\t\t\t\t<div class=\"col-inner\"  >\n\t\t\t\n\t\t\t\n<p class=\"lead\">Izgatavojot da\u017e\u0101du versiju ergometrus priorit\u0101te tiek v\u0113rsta uz katras deta\u013cas kvalit\u0101ti. Concept2 raksturo dro\u0161\u012bba, iztur\u012bba un sapr\u0101t\u012bga cena. P\u0101r\u0113jo konkurentu vid\u016b to izce\u013c prec\u012bzi treni\u0146u rezult\u0101tu m\u0113r\u012bjumi. K\u0101 rezult\u0101t\u0101 tas ir lielisks treni\u0146u l\u012bdzeklis, kur\u0161 ir der\u012bgs k\u0101 sporta klubiem t\u0101 ar\u012b lieto\u0161anai m\u0101jas apst\u0101k\u013cos.<\/p>\n<p class=\"lead\">Concept2 ilgu gadu garum\u0101 skait\u0101s lab\u0101kais air\u0113\u0161anas trena\u017eieris. Unik\u0101lais dizains un lieto\u0161anas iesp\u0113jas \u013cauj katram, k\u0101 amatierim t\u0101 profesion\u0101lim imit\u0113t air\u0113\u0161anu uz \u016bdens un tren\u0113t visu \u0137ermeni dro\u0161i un efekt\u012bvi.<\/p>\n<ul>\n<li>Standarta RowErg komplekt\u0101cij\u0101 ietilpst PM5 monitors<\/li>\n<li>Monosliede izgatavota no alum\u012bnija un p\u0101rkl\u0101ta ar ner\u016bs\u0113jo\u0161u t\u0113raudu, k\u0101 rezult\u0101t\u0101 ieg\u016bts vieglums un iztur\u012bba. Uz gult\u0146iem eso\u0161ais s\u0113deklis \u013cauj pl\u016bsto\u0161i kustoties bez ierobe\u017eojuma ielikt k\u0101ju k\u0101ju sp\u0113ku katr\u0101 \u012brien\u0101.<\/li>\n<li>Lab\u0101kai transport\u0113\u0161anai un glab\u0101\u0161anai ergometru var viegli un \u0113rti sadal\u012bt 2 da\u013c\u0101s<\/li>\n<li>Ergonomiskais rokturis air\u0113jot nodro\u0161ina dabisku roku st\u0101vokli<\/li>\n<li>Izveidot\u0101 gaisa kamera samazina l\u012bdz minimumam ventilatora troksni un nodro\u0161ina pl\u016bsto\u0161u kust\u012bbu un saj\u016btu k\u0101 air\u0113jot sac\u012bk\u0161u laiv\u0101 uz \u016bdens.<\/li>\n<li>Spir\u0101lveid\u012bgais gaisa v\u0101rsts kontrol\u0113 gaisa pl\u016bsmu, kura tiek padota uz spararatu, k\u0101 ar\u012b at\u013cauj lietot\u0101jam izv\u0113l\u0113ties starp vieglu un \u201e\u0101tru\u201d laivu vai smagu un \u201el\u0113nu\u201d laivu. Gaisa pretest\u012bbu ir iesp\u0113jams regul\u0113t izmantojot 10 l\u012bme\u0146u sviru.<\/li>\n<li>Lai sasniegtu visliel\u0101ko stabilit\u0101ti un \u0113rt\u012bbas speci\u0101la k\u0101ju atspaidu sist\u0113ma FLEXFOOT at\u013cauj k\u0101ju stiprin\u0101jumus noregul\u0113t max \u0113rti neatkar\u012bgi no apavu izm\u0113ra.<\/li>\n<li>\u0136\u0113des ni\u0137e\u013ca p\u0101rkl\u0101jums prasa maz\u0101ku kop\u0161anu<\/li>\n<li>Pateicoties ieb\u016bv\u0113tiem ritenti\u0146iem ergometru ir viegli p\u0101rvietot<\/li>\n<li>Nav vajadz\u012bga elektroapg\u0101de<\/li>\n<\/ul>\n\t\t<\/div>\n\t\t\t\t\t<\/div>\n\n\t\n\n\t<div id=\"col-1555252438\" class=\"col medium-4 small-12 large-4\"  >\n\t\t\t\t<div class=\"col-inner\"  >\n\t\t\t\n\t\t\t\n\t<div class=\"img has-hover x md-x lg-x y md-y lg-y\" id=\"image_989162198\">\n\t\t\t\t\t\t<div data-animate=\"fadeInRight\">\t\t<div class=\"img-inner dark\" >\n\t\t\t<img loading=\"lazy\" decoding=\"async\" width=\"600\" height=\"953\" src=\"https:\/\/dvv.concept2.ee\/wp-content\/uploads\/rowerg-standard-newarm-storage-side-600x953.jpg\" class=\"attachment-medium size-medium\" alt=\"\" srcset=\"https:\/\/dvv.concept2.ee\/wp-content\/uploads\/rowerg-standard-newarm-storage-side-600x953.jpg 600w, https:\/\/dvv.concept2.ee\/wp-content\/uploads\/rowerg-standard-newarm-storage-side-1133x1800.jpg 1133w, https:\/\/dvv.concept2.ee\/wp-content\/uploads\/rowerg-standard-newarm-storage-side-768x1220.jpg 768w, https:\/\/dvv.concept2.ee\/wp-content\/uploads\/rowerg-standard-newarm-storage-side-967x1536.jpg 967w, https:\/\/dvv.concept2.ee\/wp-content\/uploads\/rowerg-standard-newarm-storage-side.jpg 1200w\" sizes=\"auto, (max-width: 600px) 100vw, 600px\" \/>\t\t\t\t\t\t\n\t\t\t\t\t<\/div>\n\t\t<\/div>\t\t\t\t\t\t\n<style>\n#image_989162198 {\n  width: 100%;\n}\n<\/style>\n\t<\/div>\n\t\n\t\t<\/div>\n\t\t\t\t\t<\/div>\n\n\t\n<\/div>\n<div class=\"text-center\"><div class=\"is-divider divider clearfix\" style=\"max-width:100%;\"><\/div><\/div>\n<div class=\"row\"  id=\"row-2030320706\">\n\n\t<div id=\"col-737635432\" class=\"col medium-8 small-12 large-8\"  >\n\t\t\t\t<div class=\"col-inner\"  >\n\t\t\t\n\t\t\t\n<h2>Izm\u0113ri un svars<\/h2>\n<ul>\n<li>Salikt\u0101 veid\u0101 \u2013 garums 240 cm, platums 60 cm, augstums 90 cm<\/li>\n<li>Izjaukt\u0101 veid\u0101 \u2013 90 cm x 72 cm x 135 cm<\/li>\n<li>Telpa uzglab\u0101\u0161anai salikt\u0101 veid\u0101 \u2013 60 cm x 137 cm<\/li>\n<li>Svars \u2013 26 kg<\/li>\n<\/ul>\n\t\t<\/div>\n\t\t\t\t\t<\/div>\n\n\t\n\n\t<div id=\"col-1078990280\" class=\"col medium-4 small-12 large-4\"  >\n\t\t\t\t<div class=\"col-inner\"  >\n\t\t\t\n\t\t\t\n\t\t<\/div>\n\t\t\t\t\t<\/div>\n\n\t\n<\/div>\n<div class=\"text-center\"><div class=\"is-divider divider clearfix\" style=\"max-width:100%;\"><\/div><\/div>\n\n  \n    <div class=\"row large-columns-5 medium-columns-3 small-columns-2 slider row-slider slider-nav-reveal\"  data-flickity-options='{&quot;imagesLoaded&quot;: true, &quot;groupCells&quot;: &quot;100%&quot;, &quot;dragThreshold&quot; : 5, &quot;cellAlign&quot;: &quot;left&quot;,&quot;wrapAround&quot;: true,&quot;prevNextButtons&quot;: true,&quot;percentPosition&quot;: true,&quot;pageDots&quot;: false, &quot;rightToLeft&quot;: false, &quot;autoPlay&quot; : false}' >\n\n  <div class=\"gallery-col col\" data-animate=\"fadeInUp\">\n          <div class=\"col-inner\">\n            <a class=\"image-lightbox lightbox-gallery\" href=\"https:\/\/dvv.concept2.ee\/wp-content\/uploads\/rowerg-assembly-7-1200x800.jpg\" title=\"\">            <div class=\"box has-hover gallery-box box-none\">\n              <div class=\"box-image\" >\n                <img loading=\"lazy\" decoding=\"async\" width=\"300\" height=\"300\" src=\"https:\/\/dvv.concept2.ee\/wp-content\/uploads\/rowerg-assembly-7-300x300.jpg\" class=\"attachment-thumbnail size-thumbnail\" alt=\"\" ids=\"946,950,954,958,962\" style=\"none\" type=\"slider\" columns=\"5\" animate=\"fadeInUp\" image_size=\"thumbnail\" srcset=\"https:\/\/dvv.concept2.ee\/wp-content\/uploads\/rowerg-assembly-7-300x300.jpg 300w, https:\/\/dvv.concept2.ee\/wp-content\/uploads\/rowerg-assembly-7-100x100.jpg 100w\" sizes=\"auto, (max-width: 300px) 100vw, 300px\" \/>                                                              <\/div>\n              <div class=\"box-text text-left\" >\n                 <p><\/p>\n              <\/div>\n            <\/div>\n            <\/a>          <\/div>\n         <\/div><div class=\"gallery-col col\" data-animate=\"fadeInUp\">\n          <div class=\"col-inner\">\n            <a class=\"image-lightbox lightbox-gallery\" href=\"https:\/\/dvv.concept2.ee\/wp-content\/uploads\/rowerg-with-smartphone-2755-1200x800.jpg\" title=\"\">            <div class=\"box has-hover gallery-box box-none\">\n              <div class=\"box-image\" >\n                <img loading=\"lazy\" decoding=\"async\" width=\"300\" height=\"300\" src=\"https:\/\/dvv.concept2.ee\/wp-content\/uploads\/rowerg-with-smartphone-2755-300x300.jpg\" class=\"attachment-thumbnail size-thumbnail\" alt=\"\" ids=\"946,950,954,958,962\" style=\"none\" type=\"slider\" columns=\"5\" animate=\"fadeInUp\" image_size=\"thumbnail\" srcset=\"https:\/\/dvv.concept2.ee\/wp-content\/uploads\/rowerg-with-smartphone-2755-300x300.jpg 300w, https:\/\/dvv.concept2.ee\/wp-content\/uploads\/rowerg-with-smartphone-2755-100x100.jpg 100w\" sizes=\"auto, (max-width: 300px) 100vw, 300px\" \/>                                                              <\/div>\n              <div class=\"box-text text-left\" >\n                 <p><\/p>\n              <\/div>\n            <\/div>\n            <\/a>          <\/div>\n         <\/div><div class=\"gallery-col col\" data-animate=\"fadeInUp\">\n          <div class=\"col-inner\">\n            <a class=\"image-lightbox lightbox-gallery\" href=\"https:\/\/dvv.concept2.ee\/wp-content\/uploads\/rowerg-handle-0401-1200x800.jpg\" title=\"\">            <div class=\"box has-hover gallery-box box-none\">\n              <div class=\"box-image\" >\n                <img loading=\"lazy\" decoding=\"async\" width=\"300\" height=\"300\" src=\"https:\/\/dvv.concept2.ee\/wp-content\/uploads\/rowerg-handle-0401-300x300.jpg\" class=\"attachment-thumbnail size-thumbnail\" alt=\"\" ids=\"946,950,954,958,962\" style=\"none\" type=\"slider\" columns=\"5\" animate=\"fadeInUp\" image_size=\"thumbnail\" srcset=\"https:\/\/dvv.concept2.ee\/wp-content\/uploads\/rowerg-handle-0401-300x300.jpg 300w, https:\/\/dvv.concept2.ee\/wp-content\/uploads\/rowerg-handle-0401-100x100.jpg 100w\" sizes=\"auto, (max-width: 300px) 100vw, 300px\" \/>                                                              <\/div>\n              <div class=\"box-text text-left\" >\n                 <p><\/p>\n              <\/div>\n            <\/div>\n            <\/a>          <\/div>\n         <\/div><div class=\"gallery-col col\" data-animate=\"fadeInUp\">\n          <div class=\"col-inner\">\n            <a class=\"image-lightbox lightbox-gallery\" href=\"https:\/\/dvv.concept2.ee\/wp-content\/uploads\/rowerg-standard-flywheel-0396-1200x800.jpg\" title=\"\">            <div class=\"box has-hover gallery-box box-none\">\n              <div class=\"box-image\" >\n                <img loading=\"lazy\" decoding=\"async\" width=\"300\" height=\"300\" src=\"https:\/\/dvv.concept2.ee\/wp-content\/uploads\/rowerg-standard-flywheel-0396-300x300.jpg\" class=\"attachment-thumbnail size-thumbnail\" alt=\"\" ids=\"946,950,954,958,962\" style=\"none\" type=\"slider\" columns=\"5\" animate=\"fadeInUp\" image_size=\"thumbnail\" srcset=\"https:\/\/dvv.concept2.ee\/wp-content\/uploads\/rowerg-standard-flywheel-0396-300x300.jpg 300w, https:\/\/dvv.concept2.ee\/wp-content\/uploads\/rowerg-standard-flywheel-0396-100x100.jpg 100w\" sizes=\"auto, (max-width: 300px) 100vw, 300px\" \/>                                                              <\/div>\n              <div class=\"box-text text-left\" >\n                 <p><\/p>\n              <\/div>\n            <\/div>\n            <\/a>          <\/div>\n         <\/div><div class=\"gallery-col col\" data-animate=\"fadeInUp\">\n          <div class=\"col-inner\">\n            <a class=\"image-lightbox lightbox-gallery\" href=\"https:\/\/dvv.concept2.ee\/wp-content\/uploads\/rowerg-standard-seat-0423-1200x800.jpg\" title=\"\">            <div class=\"box has-hover gallery-box box-none\">\n              <div class=\"box-image\" >\n                <img loading=\"lazy\" decoding=\"async\" width=\"300\" height=\"300\" src=\"https:\/\/dvv.concept2.ee\/wp-content\/uploads\/rowerg-standard-seat-0423-300x300.jpg\" class=\"attachment-thumbnail size-thumbnail\" alt=\"\" ids=\"946,950,954,958,962\" style=\"none\" type=\"slider\" columns=\"5\" animate=\"fadeInUp\" image_size=\"thumbnail\" srcset=\"https:\/\/dvv.concept2.ee\/wp-content\/uploads\/rowerg-standard-seat-0423-300x300.jpg 300w, https:\/\/dvv.concept2.ee\/wp-content\/uploads\/rowerg-standard-seat-0423-100x100.jpg 100w\" sizes=\"auto, (max-width: 300px) 100vw, 300px\" \/>                                                              <\/div>\n              <div class=\"box-text text-left\" >\n                 <p><\/p>\n              <\/div>\n            <\/div>\n            <\/a>          <\/div>\n         <\/div><\/div>\n\t<div id=\"gap-2090490138\" class=\"gap-element clearfix\" style=\"display:block; height:auto;\">\n\t\t\n<style>\n#gap-2090490138 {\n  padding-top: 30px;\n}\n<\/style>\n\t<\/div>\n\t\n<a href=\"https:\/\/dvv.concept2.ee\/product\/rowerg-standard\/\" class=\"button primary\"><span>Pas\u016bt\u012bt no e-veikala<\/span><\/a>\n\t\t<\/div>\n\t\t\t\t\t<\/div>\n\n\t\n<\/div>\n","protected":false},"excerpt":{"rendered":"","protected":false},"author":1,"featured_media":360,"parent":1190,"menu_order":0,"comment_status":"closed","ping_status":"closed","template":"","meta":{"footnotes":""},"class_list":["post-1025","page","type-page","status-publish","has-post-thumbnail","hentry"],"_links":{"self":[{"href":"https:\/\/dvv.concept2.ee\/lv\/wp-json\/wp\/v2\/pages\/1025","targetHints":{"allow":["GET"]}}],"collection":[{"href":"https:\/\/dvv.concept2.ee\/lv\/wp-json\/wp\/v2\/pages"}],"about":[{"href":"https:\/\/dvv.concept2.ee\/lv\/wp-json\/wp\/v2\/types\/page"}],"author":[{"embeddable":true,"href":"https:\/\/dvv.concept2.ee\/lv\/wp-json\/wp\/v2\/users\/1"}],"replies":[{"embeddable":true,"href":"https:\/\/dvv.concept2.ee\/lv\/wp-json\/wp\/v2\/comments?post=1025"}],"version-history":[{"count":0,"href":"https:\/\/dvv.concept2.ee\/lv\/wp-json\/wp\/v2\/pages\/1025\/revisions"}],"up":[{"embeddable":true,"href":"https:\/\/dvv.concept2.ee\/lv\/wp-json\/wp\/v2\/pages\/1190"}],"wp:featuredmedia":[{"embeddable":true,"href":"https:\/\/dvv.concept2.ee\/lv\/wp-json\/wp\/v2\/media\/360"}],"wp:attachment":[{"href":"https:\/\/dvv.concept2.ee\/lv\/wp-json\/wp\/v2\/media?parent=1025"}],"curies":[{"name":"wp","href":"https:\/\/api.w.org\/{rel}","templated":true}]}}