{"id":1043,"date":"2023-12-28T17:39:04","date_gmt":"2023-12-28T15:39:04","guid":{"rendered":"https:\/\/dvv.concept2.ee\/?page_id=1043"},"modified":"2025-02-28T15:52:12","modified_gmt":"2025-02-28T13:52:12","slug":"isikuandmete-tootlemise-pohimotted","status":"publish","type":"page","link":"https:\/\/dvv.concept2.ee\/lv\/isikuandmete-tootlemise-pohimotted\/","title":{"rendered":"Isikuandmete t\u00f6\u00f6tlemise p\u00f5him\u00f5tted"},"content":{"rendered":"<div class=\"row align-center\"  id=\"row-1904961872\">\r\n\r\n\n\t<div id=\"col-244297066\" class=\"col medium-9 small-12 large-9\"  >\n\t\t\t\t<div class=\"col-inner\"  >\n\t\t\t\n\t\t\t\r\n\r\n<h1>Isikuandmete t\u00f6\u00f6tlemise p\u00f5him\u00f5tted<\/h1>\r\n<ol>\r\n<li>\r\n<h2>\u00dclds\u00e4tted<\/h2>\r\n<ul>\r\n<li>K\u00e4esolevates isikuandmete t\u00f6\u00f6tlemise p\u00f5him\u00f5tetes (edaspidi: <em>p\u00f5him\u00f5tted<\/em>) on s\u00e4testatud, kuidas Penteer O\u00dc isikuandmeid t\u00f6\u00f6tleb ja millised on andmesubjekti \u00f5igused seoses isikuandmete t\u00f6\u00f6tlemisega.<\/li>\r\n<li>Isikuandmete t\u00f6\u00f6tlemist Penteer O\u00dc poolt reguleerivad EL isikuandmete kaitse \u00fcldm\u00e4\u00e4rus (EL m\u00e4\u00e4rus nr 2016\/679) ning muud asjakohased \u00f5igusaktid.<\/li>\r\n<\/ul>\r\n<\/li>\r\n<\/ol>\r\n<ol start=\"2\">\r\n<li>\r\n<h2>Isikuandmete t\u00f6\u00f6tlemise eesm\u00e4rk<\/h2>\r\n<ul>\r\n<li>Penteer O\u00dc t\u00f6\u00f6tleb isikuandmeid ainult enda \u00f5igusp\u00e4raste eesm\u00e4rkide saavutamiseks koosk\u00f5las EL isikuandmete kaitse \u00fcldm\u00e4\u00e4rusega ning ainult ulatuses, mis on nimetatud eesm\u00e4rkide saavutamiseks vajalik.<\/li>\r\n<li>Penteer O\u00dc t\u00f6\u00f6tleb isikuandmeid j\u00e4rgmiste eesm\u00e4rkide saavutamiseks:\r\n<ul>\r\n<li>Lepingute s\u00f5lmimiseks ja t\u00e4itmiseks (so spordivahendite m\u00fc\u00fck ja \u00fc\u00fcrile andmine), mille k\u00e4igus teostatakse mh j\u00e4rgmiseid toiminguid: lepingu s\u00f5lmimise kohta otsuse tegemine, lepingute ettevalmistus ja s\u00f5lmimine, isikuandmete sisestus Penteer O\u00dc infos\u00fcsteemi, arvete esitamine ja arveldus, kliendisuhtlus;<\/li>\r\n<li>Penteer O\u00dc \u00f5igustatud huvide kaitseks, sh lepingute alusel Penteer O\u00dc ees tekkinud v\u00f5lgnevuste sissen\u00f5udmine kohtuv\u00e4liselt ja kohtu kaudu;<\/li>\r\n<li>Penteer O\u00dc raamatupidamiseks ja auditeerimiseks.<\/li>\r\n<\/ul>\r\n<\/li>\r\n<li>Juhul kui andmesubjekt keeldub Penteer O\u00dc-le isikuandmeid edastamast, siis ei ole Penteer O\u00dc-l v\u00f5imalik andmesubjektiga lepingut s\u00f5lmida.<\/li>\r\n<\/ul>\r\n<\/li>\r\n<\/ol>\r\n<ol start=\"3\">\r\n<li>\r\n<h2>Andmesubjekt ja t\u00f6\u00f6deldavate isikuandmete liigid<\/h2>\r\n<ul>\r\n<li>Andmesubjektideks on Penteer O\u00dc kliendid ja lepingu s\u00f5lmimise (so spordivahendite ost ja \u00fc\u00fcrile v\u00f5tmine) sooviga Penteer O\u00dc poole p\u00f6\u00f6rdunud isikud.<\/li>\r\n<li>Penteer O\u00dc t\u00f6\u00f6tleb allj\u00e4rgnevaid isikuandmeid:\r\n<ul>\r\n<li>Isiku tuvastamise andmed, so nimi, isikukood, s\u00fcnniaeg, isikut t\u00f5endava dokumendi andmed;<\/li>\r\n<li>Kontaktandmed, so aadress, e-post, telefon;<\/li>\r\n<li>Andmed maksek\u00e4itumise osas.<\/li>\r\n<\/ul>\r\n<\/li>\r\n<\/ul>\r\n<\/li>\r\n<\/ol>\r\n<ol start=\"4\">\r\n<li>\r\n<h2>Isikuandmete allikad ja alused<\/h2>\r\n<ul>\r\n<li>Isikuandmete allikaks on andmesubjekti enda poolt esitatav teave ja Penteer O\u00dc poolt v\u00e4listest allikatest kogutav teave, sh avalikest registritest ja avalikult k\u00e4ttesaadav teave.<\/li>\r\n<li>Isikuandmete t\u00f6\u00f6tlemise \u00f5iguslikuks aluseks on Penteer O\u00dc ja andmesubjekti vahel s\u00f5lmitud leping, andmesubjekti sooviavaldus\/p\u00f6\u00f6rdumine Penteer O\u00dc poole lepingu s\u00f5lmimiseks ja Penteer O\u00dc \u00f5igustatud huvi (vt p\u00f5him\u00f5tete punkti 2.2).<\/li>\r\n<li>Penteer O\u00dc \u00f5igustatud huvi anal\u00fc\u00fcsiga tutvumiseks on andmesubjektil v\u00f5imalik saata p\u00e4ring Penteer O\u00dc-le e-posti teel: <a href=\"mailto:penteer@concept2.ee\">penteer@concept2.ee<\/a><\/li>\r\n<\/ul>\r\n<\/li>\r\n<\/ol>\r\n<ol start=\"5\">\r\n<li>\r\n<h2>Isikuandmete edastamine<\/h2>\r\n<ul>\r\n<li>Enne isikuandmete edastamist kolmandale isikule veendub Penteer O\u00dc, et isikul, kellele andmeid edastatakse, on andmete saamiseks \u00f5iguslik alus.<\/li>\r\n<li>Penteer O\u00dc v\u00f5ib edastada isikuandmeid j\u00e4rgmistele isikutele:\r\n<ul>\r\n<li>Andmesubjektile endale v\u00f5i tema volitatud\/seaduslikule esindajale;<\/li>\r\n<li>Andmesubjekti kohustusi (Penteer O\u00dc ees) tagavale isikule, sh k\u00e4endajale ja pantijale;<\/li>\r\n<li>Ametiasutustele (sh \u00f5iguskaitseorganid, Andmekaitse Inspektsioon jm);<\/li>\r\n<li>Volitatud t\u00f6\u00f6tlejatele, sh isikutele, kes on seotud Penteer O\u00dc-ga s\u00f5lmitud lepingute t\u00e4itmisega v\u00f5i Penteer O\u00dc-le teenuste osutamisega (sh makse-, side-, \u00f5igusabi- ja\/v\u00f5i IT-teenuste osutaja, audiitor jm);<\/li>\r\n<li>Kohtutele, kohtut\u00e4ituritele, pankrotihalduritele.<\/li>\r\n<li>Krediidi- ja finantsasutustele;<\/li>\r\n<li>Makseh\u00e4ireregistrid.<\/li>\r\n<\/ul>\r\n<\/li>\r\n<li>Isikuandmete edastamine v\u00e4lisriiki toimub vaid eeldusel, et selleks on olemas \u00f5iguslik alus ning tingimusel, et rakendatakse asjakohaseid kaitsemeetmeid.<\/li>\r\n<\/ul>\r\n<\/li>\r\n<\/ol>\r\n<ol start=\"6\">\r\n<li>\r\n<h2>Andmesubjekti \u00f5igused<\/h2>\r\n<ul>\r\n<li>Andmesubjektil on seoses teda puudutavate isikuandmete t\u00f6\u00f6tlemisega mh j\u00e4rgmised \u00f5igused:\r\n<ul>\r\n<li>saada teavet ja tutvuda enda kohta kogutud isikuandmetega;<\/li>\r\n<li>taotleda oma isikuandmete parandamist, kui need on eba\u00f5iged v\u00f5i puudulikud;<\/li>\r\n<li>taotleda oma isikuandmete kustutamist EL isikuandmete kaitse \u00fcldm\u00e4\u00e4ruses ja seaduses s\u00e4testatud alustel;<\/li>\r\n<li>n\u00f5uda isikuandmete t\u00f6\u00f6tlemise piiramist v\u00f5i l\u00f5petamist, kui isikuandmeid t\u00f6\u00f6deldakse \u00f5igusvastaselt, st ilma \u00f5igusliku aluseta;<\/li>\r\n<li>n\u00f5uda isikuandmete \u00fclekandmist teisele andmet\u00f6\u00f6tlejale;<\/li>\r\n<li>esitada vastuv\u00e4iteid oma isikuandmete t\u00f6\u00f6tlemise osas ja\/v\u00f5i kaebusi andmekaitseasutusele v\u00f5i kohtule, kui andmesubjekt leiab, et tema isikuandmete t\u00f6\u00f6tlemine on ebaseaduslik.<\/li>\r\n<\/ul>\r\n<\/li>\r\n<\/ul>\r\n<\/li>\r\n<\/ol>\r\n<ol start=\"7\">\r\n<li>\r\n<h2>Isikuandmete kaitse ja s\u00e4ilitamine<\/h2>\r\n<ul>\r\n<li>Isikuandmete kaitseks rakendab Penteer O\u00dc asjakohaseid ning efektiivseid organisatsioonilisi, f\u00fc\u00fcsilisi ja infotehnoloogilisi meetmeid. Penteer O\u00dc t\u00f6\u00f6tajad on nendega s\u00f5lmitud t\u00f6\u00f6lepingute alusel kohustatud hoidma neile t\u00f6\u00f6\u00fclesannete t\u00e4itmise k\u00e4igus teatavaks saanud isikuandmeid konfidentsiaalsena. Konfidentsiaalsuskohustus on t\u00e4htajatu. Samad n\u00f5uded kehtivad ka k\u00f5ikide Penteer O\u00dc partnerite osas.<\/li>\r\n<li>Penteer O\u00dc t\u00f6\u00f6tleb isikuandmeid vaid niikaua, kuni see on vajalik isikuandmete t\u00f6\u00f6tlemise eesm\u00e4rkide saavutamiseks, Penteer O\u00dc \u00f5igustatud huvide t\u00e4itmiseks v\u00f5i kuni seadus selleks Penteer O\u00dc-t kohustab. \u00dcldjuhul ei s\u00e4ilitata isikuandmeid kauem, kui n\u00f5ude tavap\u00e4rane aegumist\u00e4htaeg (so kolm aastat). Kui s\u00e4ilitusperiood on l\u00f5ppenud, siis kustutab ja\/v\u00f5i h\u00e4vitab Penteer O\u00dc isikuandmed v\u00f5i muudab need anon\u00fc\u00fcmseks.<\/li>\r\n<\/ul>\r\n<\/li>\r\n<\/ol>\r\n<ol start=\"8\">\r\n<li>\r\n<h2>P\u00e4ringu, taotluse ja kaebuse edastamine<\/h2>\r\n<ul>\r\n<li>Andmesubjekt saab seoses Penteer O\u00dc poolt tema isikuandmete t\u00f6\u00f6tlemisega Penteer O\u00dc-ga \u00fchendust v\u00f5tta e-posti teel: <a href=\"mailto:penteer@concept2.ee\">penteer@concept2.ee<\/a><\/li>\r\n<li>Penteer O\u00dc vastab andmesubjekti p\u00e4ringule, taotlusele v\u00f5i kaebusele esimesel v\u00f5imalusel, kuid mitte hiljem kui \u00fche kuu jooksul p\u00e4ringu, taotluse v\u00f5i kaebuse saamisest. Juhul kui andmesubjektile vastamisega seoses on vaja asjaolusid p\u00f5hjalikumalt t\u00e4psustada v\u00f5i kontrollida, siis v\u00f5ib Penteer O\u00dc vastamise t\u00e4htaega pikendada kahe kuu v\u00f5rra, teavitades sellest eelnevalt andmesubjekti.<\/li>\r\n<li>Andmesubjektil on \u00f5igus esitada oma isikuandmete t\u00f6\u00f6tlemise kohta kaebus Penteer O\u00dc-le, Andmekaitse Inspektsioonile (veebileht http:\/\/www.aki.ee\/) v\u00f5i p\u00e4devale kohtule, kui andmesubjekt leiab, et isikuandmete t\u00f6\u00f6tlemine Penteer O\u00dc poolt on ebaseaduslik.<\/li>\r\n<\/ul>\r\n<\/li>\r\n<\/ol>\r\n<ol start=\"9\">\r\n<li>\r\n<h2>P\u00f5him\u00f5tete k\u00e4ttesaadavus ja muutmine<\/h2>\r\n<ul>\r\n<li>P\u00f5him\u00f5tted on k\u00e4ttesaadavad Penteer O\u00dc kodulehel: <a href=\"https:\/\/www.concept2.ee\/\">www.concept2.ee<\/a><\/li>\r\n<li>Penteer O\u00dc-l on \u00f5igus p\u00f5him\u00f5tteid igal ajal \u00fchepoolselt muuta koosk\u00f5las kohalduva \u00f5igusega ja EL isikuandmete kaitse \u00fcldm\u00e4\u00e4rusega.<\/li>\r\n<\/ul>\r\n<\/li>\r\n<\/ol>\r\n\r\n\r\n\t\t<\/div>\n\t\t\t\t\t<\/div>\n\n\t\r\n\r\n<\/div>\n","protected":false},"excerpt":{"rendered":"","protected":false},"author":1,"featured_media":0,"parent":0,"menu_order":903,"comment_status":"closed","ping_status":"closed","template":"","meta":{"footnotes":""},"class_list":["post-1043","page","type-page","status-publish","hentry"],"_links":{"self":[{"href":"https:\/\/dvv.concept2.ee\/lv\/wp-json\/wp\/v2\/pages\/1043","targetHints":{"allow":["GET"]}}],"collection":[{"href":"https:\/\/dvv.concept2.ee\/lv\/wp-json\/wp\/v2\/pages"}],"about":[{"href":"https:\/\/dvv.concept2.ee\/lv\/wp-json\/wp\/v2\/types\/page"}],"author":[{"embeddable":true,"href":"https:\/\/dvv.concept2.ee\/lv\/wp-json\/wp\/v2\/users\/1"}],"replies":[{"embeddable":true,"href":"https:\/\/dvv.concept2.ee\/lv\/wp-json\/wp\/v2\/comments?post=1043"}],"version-history":[{"count":0,"href":"https:\/\/dvv.concept2.ee\/lv\/wp-json\/wp\/v2\/pages\/1043\/revisions"}],"wp:attachment":[{"href":"https:\/\/dvv.concept2.ee\/lv\/wp-json\/wp\/v2\/media?parent=1043"}],"curies":[{"name":"wp","href":"https:\/\/api.w.org\/{rel}","templated":true}]}}