{"id":1184,"date":"2025-01-22T12:44:01","date_gmt":"2025-01-22T10:44:01","guid":{"rendered":"https:\/\/dvv.concept2.ee\/?page_id=1184"},"modified":"2025-03-12T18:38:11","modified_gmt":"2025-03-12T16:38:11","slug":"kontakti","status":"publish","type":"page","link":"https:\/\/dvv.concept2.ee\/lv\/kontakti\/","title":{"rendered":"Kontakti"},"content":{"rendered":"\n<p><iframe src=\"https:\/\/www.google.com\/maps\/embed?pb=!1m18!1m12!1m3!1d8119.704985749455!2d24.61915034681362!3d59.41762522641068!2m3!1f0!2f0!3f0!3m2!1i1024!2i768!4f13.1!3m3!1m2!1s0x46929431f6ac5af9%3A0x7ee758927a5e09e8!2sS%C3%B5udebaasi%20tee%2021!5e0!3m2!1sen!2see!4v1737546110851!5m2!1sen!2see\" width=\"1200\" height=\"450\" style=\"border:0;\" allowfullscreen=\"allowfullscreen\" loading=\"lazy\" referrerpolicy=\"no-referrer-when-downgrade\"><\/iframe><br \/>\n\n\t<div id=\"gap-148548632\" class=\"gap-element clearfix\" style=\"display:block; height:auto;\">\n\t\t\n<style>\n#gap-148548632 {\n  padding-top: 30px;\n}\n<\/style>\n\t<\/div>\n\t\n<div class=\"row\"  id=\"row-489121149\">\n\n\t<div id=\"col-1110421626\" class=\"col medium-6 small-12 large-6\"  >\n\t\t\t\t<div class=\"col-inner\"  >\n\t\t\t\n\t\t\t\n\n<div class=\"wpcf7 no-js\" id=\"wpcf7-f1181-o1\" lang=\"lv\" dir=\"ltr\" data-wpcf7-id=\"1181\">\n<div class=\"screen-reader-response\"><p role=\"status\" aria-live=\"polite\" aria-atomic=\"true\"><\/p> <ul><\/ul><\/div>\n<form action=\"\/lv\/wp-json\/wp\/v2\/pages\/1184#wpcf7-f1181-o1\" method=\"post\" class=\"wpcf7-form init\" aria-label=\"Contact form\" novalidate=\"novalidate\" data-status=\"init\">\n<fieldset class=\"hidden-fields-container\"><input type=\"hidden\" name=\"_wpcf7\" value=\"1181\" \/><input type=\"hidden\" name=\"_wpcf7_version\" value=\"6.1.5\" \/><input type=\"hidden\" name=\"_wpcf7_locale\" value=\"lv\" \/><input type=\"hidden\" name=\"_wpcf7_unit_tag\" value=\"wpcf7-f1181-o1\" \/><input type=\"hidden\" name=\"_wpcf7_container_post\" value=\"0\" \/><input type=\"hidden\" name=\"_wpcf7_posted_data_hash\" value=\"\" \/><input type=\"hidden\" name=\"_wpcf7cf_hidden_group_fields\" value=\"[]\" \/><input type=\"hidden\" name=\"_wpcf7cf_hidden_groups\" value=\"[]\" \/><input type=\"hidden\" name=\"_wpcf7cf_visible_groups\" value=\"[]\" \/><input type=\"hidden\" name=\"_wpcf7cf_repeaters\" value=\"[]\" \/><input type=\"hidden\" name=\"_wpcf7cf_steps\" value=\"{}\" \/><input type=\"hidden\" name=\"_wpcf7cf_options\" value=\"{&quot;form_id&quot;:1181,&quot;conditions&quot;:[],&quot;settings&quot;:{&quot;animation&quot;:&quot;yes&quot;,&quot;animation_intime&quot;:200,&quot;animation_outtime&quot;:200,&quot;conditions_ui&quot;:&quot;normal&quot;,&quot;notice_dismissed&quot;:false}}\" \/>\n<\/fieldset>\n<div class=\"wpcf7-turnstile cf-turnstile\" data-sitekey=\"0x4AAAAAACyd3bvexrm8wKN9\" data-response-field-name=\"_wpcf7_turnstile_response\"><\/div>\n\n<p><label> V\u0101rds: *<br \/>\n<span class=\"wpcf7-form-control-wrap\" data-name=\"your-name\"><input size=\"40\" maxlength=\"400\" class=\"wpcf7-form-control wpcf7-text wpcf7-validates-as-required\" autocomplete=\"name\" aria-required=\"true\" aria-invalid=\"false\" value=\"\" type=\"text\" name=\"your-name\" \/><\/span> <\/label>\n<\/p>\n<p><label> E-pastas: *<br \/>\n<span class=\"wpcf7-form-control-wrap\" data-name=\"your-email\"><input size=\"40\" maxlength=\"400\" class=\"wpcf7-form-control wpcf7-email wpcf7-validates-as-required wpcf7-text wpcf7-validates-as-email\" autocomplete=\"email\" aria-required=\"true\" aria-invalid=\"false\" value=\"\" type=\"email\" name=\"your-email\" \/><\/span> <\/label>\n<\/p>\n<p><label> Telefonis:<br \/>\n<span class=\"wpcf7-form-control-wrap\" data-name=\"your-phone\"><input size=\"40\" maxlength=\"400\" class=\"wpcf7-form-control wpcf7-tel wpcf7-text wpcf7-validates-as-tel\" autocomplete=\"phone\" aria-invalid=\"false\" value=\"\" type=\"tel\" name=\"your-phone\" \/><\/span> <\/label>\n<\/p>\n<p><span id=\"wpcf7-69de3b8ca05dc-wrapper\" class=\"wpcf7-form-control-wrap homepage-wrap\" ><input type=\"hidden\" name=\"homepage-time-start\" value=\"1776171916\"><input type=\"hidden\" name=\"homepage-time-check\" value=\"5\"><input id=\"wpcf7-69de3b8ca05dc-field\"  class=\"wpcf7-form-control wpcf7-text\" type=\"text\" name=\"homepage\" value=\"\" size=\"40\" tabindex=\"-1\" autocomplete=\"new-password\" \/><\/span>\n<\/p>\n<p><label> Zi\u0146ojums:<br \/>\n<span class=\"wpcf7-form-control-wrap\" data-name=\"your-message\"><textarea cols=\"40\" rows=\"10\" maxlength=\"2000\" class=\"wpcf7-form-control wpcf7-textarea\" aria-invalid=\"false\" name=\"your-message\"><\/textarea><\/span> <\/label>\n<\/p>\n<p><input class=\"wpcf7-form-control wpcf7-submit has-spinner\" type=\"submit\" value=\"S\u016bt\u012bt\" \/>\n<\/p><div class=\"wpcf7-response-output\" aria-hidden=\"true\"><\/div>\n<\/form>\n<\/div>\n\n\t\t<\/div>\n\t\t\t\t\t<\/div>\n\n\t\n\n\t<div id=\"col-530306206\" class=\"col medium-6 small-12 large-6\"  >\n\t\t\t\t<div class=\"col-inner\"  >\n\t\t\t\n\t\t\t\n\t<div class=\"img has-hover x md-x lg-x y md-y lg-y\" id=\"image_948154019\">\n\t\t\t\t\t\t\t\t<div class=\"img-inner dark\" style=\"margin:26px 0px 0px 0px;\">\n\t\t\t<img loading=\"lazy\" decoding=\"async\" width=\"1200\" height=\"710\" src=\"https:\/\/dvv.concept2.ee\/wp-content\/uploads\/soudebaasi-tee-21-hoone.jpg\" class=\"attachment-original size-original\" alt=\"\" srcset=\"https:\/\/dvv.concept2.ee\/wp-content\/uploads\/soudebaasi-tee-21-hoone.jpg 1200w, https:\/\/dvv.concept2.ee\/wp-content\/uploads\/soudebaasi-tee-21-hoone-600x355.jpg 600w, https:\/\/dvv.concept2.ee\/wp-content\/uploads\/soudebaasi-tee-21-hoone-768x454.jpg 768w\" sizes=\"auto, (max-width: 1200px) 100vw, 1200px\" \/>\t\t\t\t\t\t\n\t\t\t\t\t<\/div>\n\t\t\t\t\t\t\t\t\n<style>\n#image_948154019 {\n  width: 100%;\n}\n<\/style>\n\t<\/div>\n\t\n\t\t<\/div>\n\t\t\t\t\t<\/div>\n\n\t\n<\/div>\n<div class=\"text-center\"><div class=\"is-divider divider clearfix\" style=\"max-width:100%;\"><\/div><\/div>\n<p><strong>O\u00dc Penteer<\/strong><br \/>S\u00f5udebaasi tee 21, 13517 Tallinn, Estonia <br \/>Tel: +372-609 6265 \u00a0\u2022\u00a0 Mob: +372-51 58 315 \u00a0\u2022\u00a0 E-pastas: <a href=\"mailto:penteer@concept2.ee\">penteer@concept2.ee<\/a><\/p>\n<p><strong><span style=\"color: #ff6600;\">Lai apmekl\u0113tu biroju, l\u016bgums iepriek\u0161 pieteikt tik\u0161anos pa t\u0101lr <a style=\"color: #ff6600;\" href=\"tel:+372-51-58315\">+372-51 58 315<\/a>. Paldies!<\/span><\/strong><\/p>\n","protected":false},"excerpt":{"rendered":"<p>O\u00dc PenteerS\u00f5udebaasi tee 21, 13517 Tallinn, Estonia Tel: +372-609 6265 \u00a0\u2022\u00a0 Mob: +372-51 58 315 \u00a0\u2022\u00a0 E-pastas: penteer@concept2.ee Lai apmekl\u0113tu biroju, l\u016bgums iepriek\u0161 pieteikt tik\u0161anos pa t\u0101lr +372-51 58 315. Paldies!<\/p>\n","protected":false},"author":1,"featured_media":0,"parent":0,"menu_order":0,"comment_status":"closed","ping_status":"closed","template":"","meta":{"footnotes":""},"class_list":["post-1184","page","type-page","status-publish","hentry"],"_links":{"self":[{"href":"https:\/\/dvv.concept2.ee\/lv\/wp-json\/wp\/v2\/pages\/1184","targetHints":{"allow":["GET"]}}],"collection":[{"href":"https:\/\/dvv.concept2.ee\/lv\/wp-json\/wp\/v2\/pages"}],"about":[{"href":"https:\/\/dvv.concept2.ee\/lv\/wp-json\/wp\/v2\/types\/page"}],"author":[{"embeddable":true,"href":"https:\/\/dvv.concept2.ee\/lv\/wp-json\/wp\/v2\/users\/1"}],"replies":[{"embeddable":true,"href":"https:\/\/dvv.concept2.ee\/lv\/wp-json\/wp\/v2\/comments?post=1184"}],"version-history":[{"count":0,"href":"https:\/\/dvv.concept2.ee\/lv\/wp-json\/wp\/v2\/pages\/1184\/revisions"}],"wp:attachment":[{"href":"https:\/\/dvv.concept2.ee\/lv\/wp-json\/wp\/v2\/media?parent=1184"}],"curies":[{"name":"wp","href":"https:\/\/api.w.org\/{rel}","templated":true}]}}