{"id":1198,"date":"2025-02-21T12:21:59","date_gmt":"2025-02-21T10:21:59","guid":{"rendered":"https:\/\/dvv.concept2.ee\/?page_id=1198"},"modified":"2025-03-14T10:46:57","modified_gmt":"2025-03-14T08:46:57","slug":"ire-conept2","status":"publish","type":"page","link":"https:\/\/dvv.concept2.ee\/lv\/ire\/ire-conept2\/","title":{"rendered":"\u012are Conept2"},"content":{"rendered":"\n  <div class=\"banner has-hover hero has-parallax\" id=\"banner-1754452936\">\n          <div class=\"banner-inner fill\">\n        <div class=\"banner-bg fill\" data-parallax=\"-2\" data-parallax-container=\".banner\" data-parallax-background>\n            <img loading=\"lazy\" decoding=\"async\" width=\"1200\" height=\"600\" src=\"https:\/\/dvv.concept2.ee\/wp-content\/uploads\/banner-rent-3-ergs-223.jpg\" class=\"bg attachment-original size-original\" alt=\"\" \/>                                    \n                    <\/div>\n\t\t\n        <div class=\"banner-layers container\">\n            <div class=\"fill banner-link\"><\/div>            \n   <div id=\"text-box-443577618\" class=\"text-box banner-layer x50 md-x50 lg-x50 y95 md-y95 lg-y95 res-text\">\n                                <div class=\"text-box-content text dark\">\n              \n              <div class=\"text-inner text-center\">\n                  \n<h1>\u012are Conept2<\/h1>\n              <\/div>\n           <\/div>\n                            \n<style>\n#text-box-443577618 {\n  width: 90%;\n}\n#text-box-443577618 .text-box-content {\n  font-size: 100%;\n}\n<\/style>\n    <\/div>\n \n        <\/div>\n      <\/div>\n\n            \n<style>\n#banner-1754452936 {\n  padding-top: 50%;\n  background-color: rgb(255,255,255);\n}\n<\/style>\n  <\/div>\n\n\n<div class=\"row col-middle\"  id=\"row-2068499010\">\n\n\t<div id=\"col-411525781\" class=\"col small-12 large-12\"  >\n\t\t\t\t<div class=\"col-inner\"  >\n\t\t\t\n\t\t\t\n<div class=\"row\"  id=\"row-1825158726\">\n\n\t<div id=\"col-1356233799\" class=\"col medium-8 small-12 large-8\"  >\n\t\t\t\t<div class=\"col-inner\"  >\n\t\t\t\n\t\t\t\n<h2>\u012are<\/h2>\n<p>Ir iesp\u0113jama air\u0113\u0161anas trena\u017eiera Concept2 \u012bre (Modelis D ar PM3 monitoru).<\/p>\n<h2>\u012ares noteikumi:<\/h2>\n<ul>\n<li>Minim\u0101lais periods 3 m\u0113ne\u0161i<\/li>\n<li>Par pirmajiem 3 m\u0113ne\u0161iem ir j\u0101veic priek\u0161apmaksa, t\u0101l\u0101k var apmaks\u0101t r\u0113\u0137inus katru m\u0113nesi<\/li>\n<li>M\u0113ne\u0161a \u012bres maksa 55.\/ EUR\/m\u0113nes\u012b<\/li>\n<\/ul>\n\t\t<\/div>\n\t\t\t\t\t<\/div>\n\n\t\n\n\t<div id=\"col-902972214\" class=\"col medium-4 small-12 large-4\"  data-animate=\"fadeInDown\">\n\t\t\t\t<div class=\"col-inner\"  >\n\t\t\t\n\t\t\t\n\t\t<\/div>\n\t\t\t\t\t<\/div>\n\n\t\n<\/div>\n\t\t<\/div>\n\t\t\t\t\t<\/div>\n\n\t\n<\/div>\n","protected":false},"excerpt":{"rendered":"","protected":false},"author":1,"featured_media":847,"parent":1195,"menu_order":0,"comment_status":"closed","ping_status":"closed","template":"","meta":{"footnotes":""},"class_list":["post-1198","page","type-page","status-publish","has-post-thumbnail","hentry"],"_links":{"self":[{"href":"https:\/\/dvv.concept2.ee\/lv\/wp-json\/wp\/v2\/pages\/1198","targetHints":{"allow":["GET"]}}],"collection":[{"href":"https:\/\/dvv.concept2.ee\/lv\/wp-json\/wp\/v2\/pages"}],"about":[{"href":"https:\/\/dvv.concept2.ee\/lv\/wp-json\/wp\/v2\/types\/page"}],"author":[{"embeddable":true,"href":"https:\/\/dvv.concept2.ee\/lv\/wp-json\/wp\/v2\/users\/1"}],"replies":[{"embeddable":true,"href":"https:\/\/dvv.concept2.ee\/lv\/wp-json\/wp\/v2\/comments?post=1198"}],"version-history":[{"count":0,"href":"https:\/\/dvv.concept2.ee\/lv\/wp-json\/wp\/v2\/pages\/1198\/revisions"}],"up":[{"embeddable":true,"href":"https:\/\/dvv.concept2.ee\/lv\/wp-json\/wp\/v2\/pages\/1195"}],"wp:featuredmedia":[{"embeddable":true,"href":"https:\/\/dvv.concept2.ee\/lv\/wp-json\/wp\/v2\/media\/847"}],"wp:attachment":[{"href":"https:\/\/dvv.concept2.ee\/lv\/wp-json\/wp\/v2\/media?parent=1198"}],"curies":[{"name":"wp","href":"https:\/\/api.w.org\/{rel}","templated":true}]}}