{"id":1356,"date":"2024-11-11T22:52:31","date_gmt":"2024-11-11T20:52:31","guid":{"rendered":"https:\/\/dvv.concept2.ee\/?page_id=1356"},"modified":"2025-04-21T18:16:10","modified_gmt":"2025-04-21T15:16:10","slug":"rowerg-dynamic","status":"publish","type":"page","link":"https:\/\/dvv.concept2.ee\/lv\/ievads\/rowerg-dynamic\/","title":{"rendered":"RowErg Dynamic"},"content":{"rendered":"\n  <div class=\"banner has-hover hero has-parallax\" id=\"banner-108463079\">\n          <div class=\"banner-inner fill\">\n        <div class=\"banner-bg fill\" data-parallax=\"-2\" data-parallax-container=\".banner\" data-parallax-background>\n            <img loading=\"lazy\" decoding=\"async\" width=\"1200\" height=\"600\" src=\"https:\/\/dvv.concept2.ee\/wp-content\/uploads\/slide-04-20190219-bharewyn-c2-300dpi-100-detail.jpg\" class=\"bg attachment-original size-original\" alt=\"\" \/>                                    \n                    <\/div>\n\t\t\n        <div class=\"banner-layers container\">\n            <div class=\"fill banner-link\"><\/div>            \n   <div id=\"text-box-1163230712\" class=\"text-box banner-layer x50 md-x50 lg-x50 y95 md-y95 lg-y95 res-text\">\n                                <div class=\"text-box-content text dark\">\n              \n              <div class=\"text-inner text-center\">\n                  \n<h1>RowErg Dynamic<\/h1>\n              <\/div>\n           <\/div>\n                            \n<style>\n#text-box-1163230712 {\n  width: 90%;\n}\n#text-box-1163230712 .text-box-content {\n  font-size: 100%;\n}\n<\/style>\n    <\/div>\n \n        <\/div>\n      <\/div>\n\n            \n<style>\n#banner-108463079 {\n  padding-top: 50%;\n  background-color: rgb(255,255,255);\n}\n<\/style>\n  <\/div>\n\n\n\t<div id=\"gap-786256340\" class=\"gap-element clearfix\" style=\"display:block; height:auto;\">\n\t\t\n<style>\n#gap-786256340 {\n  padding-top: 30px;\n}\n<\/style>\n\t<\/div>\n\t\n<div class=\"row col-middle\"  id=\"row-1436789809\">\n\n\t<div id=\"col-918659901\" class=\"col small-12 large-12\"  >\n\t\t\t\t<div class=\"col-inner\"  >\n\t\t\t\n\t\t\t\n<div class=\"row\"  id=\"row-895274044\">\n\n\t<div id=\"col-1808296467\" class=\"col medium-8 small-12 large-8\"  >\n\t\t\t\t<div class=\"col-inner\"  >\n\t\t\t\n\t\t\t\n<p class=\"lead\">Dinamiskais <em>RowErg<\/em> ir rad\u012bts \u012bpa\u0161i air\u0113t\u0101jiem un lab\u0101k iev\u0113ro fizikas likumus, kas rakstur\u012bgi air\u0113jot ar sacens\u012bbu laivu, k\u0101 ar\u012b \u201cdinamiku\u201d starp laivu un sportistu.<\/p>\n<p class=\"lead\">Ar dinamisko trena\u017eieri, lietot\u0101ja \u0137erme\u0146a masa ir sal\u012bdzino\u0161i nekust\u012bga, vienlaikus trena\u017eiera komponenti akt\u012bvi kust\u0101s, rea\u0123\u0113jot uz air\u0113\u0161anas kust\u012bbu. Dinamiskais <em>RowErg<\/em> ir ieteicams tikai tiem, kuri nodarbojas ar air\u0113\u0161anas sporta veidu uz \u016bdens.<\/p>\n<ul>\n<li>Tuv\u0101k\u0101 saj\u016bta air\u0113\u0161anai uz \u016bdens<\/li>\n<li>Specifisks treni\u0146a trena\u017eieris sal\u012bdzin\u0101jum\u0101 ar <em>RowErg<\/em><\/li>\n<li>L\u012bdz\u012bga saj\u016bta k\u0101 air\u0113jot ar slaidu, bet vien\u0101 gabal\u0101<\/li>\n<li>Aiz\u0146em maz\u0101k vietas, nek\u0101 <em>RowErg<\/em><\/li>\n<li>Pirms lieto\u0161anas j\u0101uzl\u0101d\u0113<\/li>\n<li>Nesadal\u0101s div\u0101s da\u013c\u0101s<\/li>\n<li>Autom\u0101tiska iesl\u0113g\u0161ana<\/li>\n<li>Prec\u012bza treni\u0146u rezult\u0101tu izseko\u0161anas sist\u0113ma<\/li>\n<li>Monitora displej\u0101 iesp\u0113jams iestat\u012bt piecus da\u017e\u0101dus r\u0101d\u012bt\u0101jus<\/li>\n<li>Iesp\u0113ja izmantot USB zibatmi\u0146u treni\u0146u saglab\u0101\u0161anai<\/li>\n<li>Iesp\u0113ja p\u0101rnest datus uz datoru<\/li>\n<li>Ieb\u016bv\u0113ta ANT+ un <em>Bluetooth Smart<\/em> sirdspukstu monitoringa sist\u0113ma<\/li>\n<li>Monitoram nepiecie\u0161amas 2 x D baterijas<\/li>\n<\/ul>\n\t\t<\/div>\n\t\t\t\t\t<\/div>\n\n\t\n\n\t<div id=\"col-738037303\" class=\"col medium-4 small-12 large-4\"  >\n\t\t\t\t<div class=\"col-inner\"  >\n\t\t\t\n\t\t\t\n\t\t<\/div>\n\t\t\t\t\t<\/div>\n\n\t\n<\/div>\n<div class=\"text-center\"><div class=\"is-divider divider clearfix\" style=\"max-width:100%;\"><\/div><\/div>\n<div class=\"row\"  id=\"row-1608590463\">\n\n\t<div id=\"col-1957202821\" class=\"col medium-8 small-12 large-8\"  >\n\t\t\t\t<div class=\"col-inner\"  >\n\t\t\t\n\t\t\t\n<h2><span lang=\"LV\">Izm\u0113rs un svars<\/span><\/h2>\n<p>\u2022 garums: 193 cm<br \/>\u2022 platums: 61,5 cm<br \/>\u2022 augstums ar monitoru: 84,5 cm<br \/>\u2022 monosliedes augstums: 53,3 cm<br \/>\u2022 svars: 42 kg<br \/>\u2022 nestsp\u0113ja: 227 kg<\/p>\n\t\t<\/div>\n\t\t\t\t\t<\/div>\n\n\t\n\n\t<div id=\"col-2131437909\" class=\"col medium-4 small-12 large-4\"  >\n\t\t\t\t<div class=\"col-inner\"  >\n\t\t\t\n\t\t\t\n\t\t<\/div>\n\t\t\t\t\t<\/div>\n\n\t\n<\/div>\n<div class=\"text-center\"><div class=\"is-divider divider clearfix\" style=\"max-width:100%;\"><\/div><\/div>\n\n  \n    <div class=\"row large-columns-5 medium-columns-3 small-columns-2\" >\n  <div class=\"gallery-col col\" data-animate=\"fadeInUp\">\n          <div class=\"col-inner\">\n            <a class=\"image-lightbox lightbox-gallery\" href=\"https:\/\/dvv.concept2.ee\/wp-content\/uploads\/dynamic-rowerg-gray-3q-1200x1200.jpg\" title=\"\">            <div class=\"box has-hover gallery-box box-none\">\n              <div class=\"box-image\" >\n                <img loading=\"lazy\" decoding=\"async\" width=\"300\" height=\"300\" src=\"https:\/\/dvv.concept2.ee\/wp-content\/uploads\/dynamic-rowerg-gray-3q-300x300.jpg\" class=\"attachment-thumbnail size-thumbnail\" alt=\"\" ids=\"309,313,317,321,325\" style=\"none\" columns=\"5\" animate=\"fadeInUp\" image_size=\"thumbnail\" srcset=\"https:\/\/dvv.concept2.ee\/wp-content\/uploads\/dynamic-rowerg-gray-3q-300x300.jpg 300w, https:\/\/dvv.concept2.ee\/wp-content\/uploads\/dynamic-rowerg-gray-3q-600x600.jpg 600w, https:\/\/dvv.concept2.ee\/wp-content\/uploads\/dynamic-rowerg-gray-3q-1200x1200.jpg 1200w, https:\/\/dvv.concept2.ee\/wp-content\/uploads\/dynamic-rowerg-gray-3q-768x768.jpg 768w, https:\/\/dvv.concept2.ee\/wp-content\/uploads\/dynamic-rowerg-gray-3q-1536x1536.jpg 1536w, https:\/\/dvv.concept2.ee\/wp-content\/uploads\/dynamic-rowerg-gray-3q-2048x2048.jpg 2048w, https:\/\/dvv.concept2.ee\/wp-content\/uploads\/dynamic-rowerg-gray-3q-100x100.jpg 100w\" sizes=\"auto, (max-width: 300px) 100vw, 300px\" \/>                                                              <\/div>\n              <div class=\"box-text text-left\" >\n                 <p><\/p>\n              <\/div>\n            <\/div>\n            <\/a>          <\/div>\n         <\/div><div class=\"gallery-col col\" data-animate=\"fadeInUp\">\n          <div class=\"col-inner\">\n            <a class=\"image-lightbox lightbox-gallery\" href=\"https:\/\/dvv.concept2.ee\/wp-content\/uploads\/dynamic-rowerg-gray-profile-1200x1200.jpg\" title=\"\">            <div class=\"box has-hover gallery-box box-none\">\n              <div class=\"box-image\" >\n                <img loading=\"lazy\" decoding=\"async\" width=\"300\" height=\"300\" src=\"https:\/\/dvv.concept2.ee\/wp-content\/uploads\/dynamic-rowerg-gray-profile-300x300.jpg\" class=\"attachment-thumbnail size-thumbnail\" alt=\"\" ids=\"309,313,317,321,325\" style=\"none\" columns=\"5\" animate=\"fadeInUp\" image_size=\"thumbnail\" srcset=\"https:\/\/dvv.concept2.ee\/wp-content\/uploads\/dynamic-rowerg-gray-profile-300x300.jpg 300w, https:\/\/dvv.concept2.ee\/wp-content\/uploads\/dynamic-rowerg-gray-profile-600x600.jpg 600w, https:\/\/dvv.concept2.ee\/wp-content\/uploads\/dynamic-rowerg-gray-profile-1200x1200.jpg 1200w, https:\/\/dvv.concept2.ee\/wp-content\/uploads\/dynamic-rowerg-gray-profile-768x768.jpg 768w, https:\/\/dvv.concept2.ee\/wp-content\/uploads\/dynamic-rowerg-gray-profile-1536x1536.jpg 1536w, https:\/\/dvv.concept2.ee\/wp-content\/uploads\/dynamic-rowerg-gray-profile-2048x2048.jpg 2048w, https:\/\/dvv.concept2.ee\/wp-content\/uploads\/dynamic-rowerg-gray-profile-100x100.jpg 100w\" sizes=\"auto, (max-width: 300px) 100vw, 300px\" \/>                                                              <\/div>\n              <div class=\"box-text text-left\" >\n                 <p><\/p>\n              <\/div>\n            <\/div>\n            <\/a>          <\/div>\n         <\/div><div class=\"gallery-col col\" data-animate=\"fadeInUp\">\n          <div class=\"col-inner\">\n            <a class=\"image-lightbox lightbox-gallery\" href=\"https:\/\/dvv.concept2.ee\/wp-content\/uploads\/dynamic-rowerg-gray-flywheel-2-1200x1200.jpg\" title=\"\">            <div class=\"box has-hover gallery-box box-none\">\n              <div class=\"box-image\" >\n                <img loading=\"lazy\" decoding=\"async\" width=\"300\" height=\"300\" src=\"https:\/\/dvv.concept2.ee\/wp-content\/uploads\/dynamic-rowerg-gray-flywheel-2-300x300.jpg\" class=\"attachment-thumbnail size-thumbnail\" alt=\"\" ids=\"309,313,317,321,325\" style=\"none\" columns=\"5\" animate=\"fadeInUp\" image_size=\"thumbnail\" srcset=\"https:\/\/dvv.concept2.ee\/wp-content\/uploads\/dynamic-rowerg-gray-flywheel-2-300x300.jpg 300w, https:\/\/dvv.concept2.ee\/wp-content\/uploads\/dynamic-rowerg-gray-flywheel-2-600x600.jpg 600w, https:\/\/dvv.concept2.ee\/wp-content\/uploads\/dynamic-rowerg-gray-flywheel-2-1200x1200.jpg 1200w, https:\/\/dvv.concept2.ee\/wp-content\/uploads\/dynamic-rowerg-gray-flywheel-2-768x768.jpg 768w, https:\/\/dvv.concept2.ee\/wp-content\/uploads\/dynamic-rowerg-gray-flywheel-2-1536x1536.jpg 1536w, https:\/\/dvv.concept2.ee\/wp-content\/uploads\/dynamic-rowerg-gray-flywheel-2-2048x2048.jpg 2048w, https:\/\/dvv.concept2.ee\/wp-content\/uploads\/dynamic-rowerg-gray-flywheel-2-100x100.jpg 100w\" sizes=\"auto, (max-width: 300px) 100vw, 300px\" \/>                                                              <\/div>\n              <div class=\"box-text text-left\" >\n                 <p><\/p>\n              <\/div>\n            <\/div>\n            <\/a>          <\/div>\n         <\/div><div class=\"gallery-col col\" data-animate=\"fadeInUp\">\n          <div class=\"col-inner\">\n            <a class=\"image-lightbox lightbox-gallery\" href=\"https:\/\/dvv.concept2.ee\/wp-content\/uploads\/dynamic-rowerg-gray-approach-1200x1200.jpg\" title=\"\">            <div class=\"box has-hover gallery-box box-none\">\n              <div class=\"box-image\" >\n                <img loading=\"lazy\" decoding=\"async\" width=\"300\" height=\"300\" src=\"https:\/\/dvv.concept2.ee\/wp-content\/uploads\/dynamic-rowerg-gray-approach-300x300.jpg\" class=\"attachment-thumbnail size-thumbnail\" alt=\"\" ids=\"309,313,317,321,325\" style=\"none\" columns=\"5\" animate=\"fadeInUp\" image_size=\"thumbnail\" srcset=\"https:\/\/dvv.concept2.ee\/wp-content\/uploads\/dynamic-rowerg-gray-approach-300x300.jpg 300w, https:\/\/dvv.concept2.ee\/wp-content\/uploads\/dynamic-rowerg-gray-approach-600x600.jpg 600w, https:\/\/dvv.concept2.ee\/wp-content\/uploads\/dynamic-rowerg-gray-approach-1200x1200.jpg 1200w, https:\/\/dvv.concept2.ee\/wp-content\/uploads\/dynamic-rowerg-gray-approach-768x768.jpg 768w, https:\/\/dvv.concept2.ee\/wp-content\/uploads\/dynamic-rowerg-gray-approach-1536x1536.jpg 1536w, https:\/\/dvv.concept2.ee\/wp-content\/uploads\/dynamic-rowerg-gray-approach-2048x2048.jpg 2048w, https:\/\/dvv.concept2.ee\/wp-content\/uploads\/dynamic-rowerg-gray-approach-100x100.jpg 100w\" sizes=\"auto, (max-width: 300px) 100vw, 300px\" \/>                                                              <\/div>\n              <div class=\"box-text text-left\" >\n                 <p><\/p>\n              <\/div>\n            <\/div>\n            <\/a>          <\/div>\n         <\/div><div class=\"gallery-col col\" data-animate=\"fadeInUp\">\n          <div class=\"col-inner\">\n            <a class=\"image-lightbox lightbox-gallery\" href=\"https:\/\/dvv.concept2.ee\/wp-content\/uploads\/dynamic-rowerg-gray-pm5-1200x1200.jpg\" title=\"\">            <div class=\"box has-hover gallery-box box-none\">\n              <div class=\"box-image\" >\n                <img loading=\"lazy\" decoding=\"async\" width=\"300\" height=\"300\" src=\"https:\/\/dvv.concept2.ee\/wp-content\/uploads\/dynamic-rowerg-gray-pm5-300x300.jpg\" class=\"attachment-thumbnail size-thumbnail\" alt=\"\" ids=\"309,313,317,321,325\" style=\"none\" columns=\"5\" animate=\"fadeInUp\" image_size=\"thumbnail\" srcset=\"https:\/\/dvv.concept2.ee\/wp-content\/uploads\/dynamic-rowerg-gray-pm5-300x300.jpg 300w, https:\/\/dvv.concept2.ee\/wp-content\/uploads\/dynamic-rowerg-gray-pm5-600x600.jpg 600w, https:\/\/dvv.concept2.ee\/wp-content\/uploads\/dynamic-rowerg-gray-pm5-1200x1200.jpg 1200w, https:\/\/dvv.concept2.ee\/wp-content\/uploads\/dynamic-rowerg-gray-pm5-768x768.jpg 768w, https:\/\/dvv.concept2.ee\/wp-content\/uploads\/dynamic-rowerg-gray-pm5-1536x1536.jpg 1536w, https:\/\/dvv.concept2.ee\/wp-content\/uploads\/dynamic-rowerg-gray-pm5-2048x2048.jpg 2048w, https:\/\/dvv.concept2.ee\/wp-content\/uploads\/dynamic-rowerg-gray-pm5-100x100.jpg 100w\" sizes=\"auto, (max-width: 300px) 100vw, 300px\" \/>                                                              <\/div>\n              <div class=\"box-text text-left\" >\n                 <p><\/p>\n              <\/div>\n            <\/div>\n            <\/a>          <\/div>\n         <\/div><\/div>\n\t<div id=\"gap-134993233\" class=\"gap-element clearfix\" style=\"display:block; height:auto;\">\n\t\t\n<style>\n#gap-134993233 {\n  padding-top: 30px;\n}\n<\/style>\n\t<\/div>\n\t\n\t<div id=\"text-944162922\" class=\"text hidden\">\n\t\t\n<a href=\"https:\/\/dvv.concept2.ee\/?post_type=product&#038;p=329\" class=\"button primary\"><span>Pas\u016bt\u012bt no e-veikala<\/span><\/a>\n\t\t\t<\/div>\n\t\n\t\t<\/div>\n\t\t\t\t\t<\/div>\n\n\t\n<\/div>\n","protected":false},"excerpt":{"rendered":"","protected":false},"author":1,"featured_media":160,"parent":1190,"menu_order":0,"comment_status":"closed","ping_status":"closed","template":"","meta":{"footnotes":""},"class_list":["post-1356","page","type-page","status-publish","has-post-thumbnail","hentry"],"_links":{"self":[{"href":"https:\/\/dvv.concept2.ee\/lv\/wp-json\/wp\/v2\/pages\/1356","targetHints":{"allow":["GET"]}}],"collection":[{"href":"https:\/\/dvv.concept2.ee\/lv\/wp-json\/wp\/v2\/pages"}],"about":[{"href":"https:\/\/dvv.concept2.ee\/lv\/wp-json\/wp\/v2\/types\/page"}],"author":[{"embeddable":true,"href":"https:\/\/dvv.concept2.ee\/lv\/wp-json\/wp\/v2\/users\/1"}],"replies":[{"embeddable":true,"href":"https:\/\/dvv.concept2.ee\/lv\/wp-json\/wp\/v2\/comments?post=1356"}],"version-history":[{"count":0,"href":"https:\/\/dvv.concept2.ee\/lv\/wp-json\/wp\/v2\/pages\/1356\/revisions"}],"up":[{"embeddable":true,"href":"https:\/\/dvv.concept2.ee\/lv\/wp-json\/wp\/v2\/pages\/1190"}],"wp:featuredmedia":[{"embeddable":true,"href":"https:\/\/dvv.concept2.ee\/lv\/wp-json\/wp\/v2\/media\/160"}],"wp:attachment":[{"href":"https:\/\/dvv.concept2.ee\/lv\/wp-json\/wp\/v2\/media?parent=1356"}],"curies":[{"name":"wp","href":"https:\/\/api.w.org\/{rel}","templated":true}]}}