{"id":1030,"date":"2024-11-11T16:27:26","date_gmt":"2024-11-11T14:27:26","guid":{"rendered":"https:\/\/dvv.concept2.ee\/product\/rowerg-augstaks\/"},"modified":"2025-03-20T15:07:46","modified_gmt":"2025-03-20T13:07:46","slug":"rowerg-tall","status":"publish","type":"product","link":"https:\/\/dvv.concept2.ee\/lv\/product\/rowerg-tall\/","title":{"rendered":"RowErg Tall"},"content":{"rendered":"<ul>\n<li>Autom\u0101tiska iesl\u0113g\u0161an\u0101s<\/li>\n<li>Prec\u012bza treni\u0146u p\u0101rskata sist\u0113ma<\/li>\n<li>Uz monitora ekr\u0101na var sekot 5 da\u017e\u0101diem r\u0101d\u012bt\u0101jiem<\/li>\n<li>No\u0146emama atmi\u0146as karte ieraksta treni\u0146a datus un person\u012bgos uzst\u0101d\u012bjumus<\/li>\n<li>Iesp\u0113ja p\u0101rnest datus uz datora<\/li>\n<li>Ieb\u016bv\u0113ta Suunto sist\u0113ma (SLS) nodro\u0161ina pulsa par\u0101d\u012b\u0161anu<\/li>\n<li>Akumul\u0101tora baterijas, kuras uzl\u0101d\u0113jas air\u0113jot<\/li>\n<li>Iesp\u0113ja veikt savstarp\u0113jas bezvadu sacens\u012bbas<\/li>\n<li>Monosliedes augstums 51 cm<\/li>\n<li>Garums 240 cm, platums 60 cm, svars 31 kg<\/li>\n<li>Minim\u0101lais telpas garums treni\u0146iem 285 cm<\/li>\n<\/ul>\n<a href=\"https:\/\/dvv.concept2.ee\/tutvustus\/rowerg-korgem\/\" class=\"button primary\"><span>Uzzin\u0101t vair\u0101k<\/span><\/a>\r\n\n","protected":false},"excerpt":{"rendered":"<p>Autom\u0101tiska iesl\u0113g\u0161an\u0101s Prec\u012bza treni\u0146u p\u0101rskata sist\u0113ma Uz monitora ekr\u0101na var sekot 5 da\u017e\u0101diem r\u0101d\u012bt\u0101jiem No\u0146emama atmi\u0146as karte ieraksta treni\u0146a datus un person\u012bgos uzst\u0101d\u012bjumus Iesp\u0113ja p\u0101rnest datus uz datora Ieb\u016bv\u0113ta Suunto sist\u0113ma (SLS) nodro\u0161ina pulsa par\u0101d\u012b\u0161anu Akumul\u0101tora baterijas, kuras uzl\u0101d\u0113jas air\u0113jot Iesp\u0113ja veikt savstarp\u0113jas bezvadu sacens\u012bbas Monosliedes augstums 51 cm Garums 240 cm, platums 60 cm, [&#8230;]\n","protected":false},"featured_media":256,"template":"","meta":[],"product_brand":[],"product_cat":[49],"product_tag":[],"class_list":{"0":"post-1030","1":"product","2":"type-product","3":"status-publish","4":"has-post-thumbnail","6":"product_cat-rowerg","7":"product_shipping_class-k5-k4-k3-lv","9":"first","10":"instock","11":"shipping-taxable","12":"purchasable","13":"product-type-simple"},"_links":{"self":[{"href":"https:\/\/dvv.concept2.ee\/lv\/wp-json\/wp\/v2\/product\/1030","targetHints":{"allow":["GET"]}}],"collection":[{"href":"https:\/\/dvv.concept2.ee\/lv\/wp-json\/wp\/v2\/product"}],"about":[{"href":"https:\/\/dvv.concept2.ee\/lv\/wp-json\/wp\/v2\/types\/product"}],"wp:featuredmedia":[{"embeddable":true,"href":"https:\/\/dvv.concept2.ee\/lv\/wp-json\/wp\/v2\/media\/256"}],"wp:attachment":[{"href":"https:\/\/dvv.concept2.ee\/lv\/wp-json\/wp\/v2\/media?parent=1030"}],"wp:term":[{"taxonomy":"product_brand","embeddable":true,"href":"https:\/\/dvv.concept2.ee\/lv\/wp-json\/wp\/v2\/product_brand?post=1030"},{"taxonomy":"product_cat","embeddable":true,"href":"https:\/\/dvv.concept2.ee\/lv\/wp-json\/wp\/v2\/product_cat?post=1030"},{"taxonomy":"product_tag","embeddable":true,"href":"https:\/\/dvv.concept2.ee\/lv\/wp-json\/wp\/v2\/product_tag?post=1030"}],"curies":[{"name":"wp","href":"https:\/\/api.w.org\/{rel}","templated":true}]}}