{"id":1121,"date":"2024-12-12T21:45:24","date_gmt":"2024-12-12T19:45:24","guid":{"rendered":"https:\/\/dvv.concept2.ee\/?post_type=product&#038;p=1121"},"modified":"2025-03-11T13:30:21","modified_gmt":"2025-03-11T11:30:21","slug":"trenaziera-parvalks-modelis-d","status":"publish","type":"product","link":"https:\/\/dvv.concept2.ee\/lv\/product\/trenaziera-parvalks-modelis-d\/","title":{"rendered":"Trena\u017eiera p\u0101rvalks (Modelis D)"},"content":{"rendered":"<p>Izmanto lai aizsarg\u0101tu trena\u017eieri no saules un putek\u013ciem, der\u012bgs tikai D modelim<\/p>\n","protected":false},"excerpt":{"rendered":"<p>Izmanto lai aizsarg\u0101tu trena\u017eieri no saules un putek\u013ciem, der\u012bgs tikai D modelim<\/p>\n","protected":false},"featured_media":612,"template":"","meta":[],"product_brand":[],"product_cat":[58],"product_tag":[],"class_list":{"0":"post-1121","1":"product","2":"type-product","3":"status-publish","4":"has-post-thumbnail","6":"product_cat-piederumi","7":"product_shipping_class-k1-pakiautomaat-lv","9":"first","10":"instock","11":"shipping-taxable","12":"purchasable","13":"product-type-simple"},"_links":{"self":[{"href":"https:\/\/dvv.concept2.ee\/lv\/wp-json\/wp\/v2\/product\/1121","targetHints":{"allow":["GET"]}}],"collection":[{"href":"https:\/\/dvv.concept2.ee\/lv\/wp-json\/wp\/v2\/product"}],"about":[{"href":"https:\/\/dvv.concept2.ee\/lv\/wp-json\/wp\/v2\/types\/product"}],"wp:featuredmedia":[{"embeddable":true,"href":"https:\/\/dvv.concept2.ee\/lv\/wp-json\/wp\/v2\/media\/612"}],"wp:attachment":[{"href":"https:\/\/dvv.concept2.ee\/lv\/wp-json\/wp\/v2\/media?parent=1121"}],"wp:term":[{"taxonomy":"product_brand","embeddable":true,"href":"https:\/\/dvv.concept2.ee\/lv\/wp-json\/wp\/v2\/product_brand?post=1121"},{"taxonomy":"product_cat","embeddable":true,"href":"https:\/\/dvv.concept2.ee\/lv\/wp-json\/wp\/v2\/product_cat?post=1121"},{"taxonomy":"product_tag","embeddable":true,"href":"https:\/\/dvv.concept2.ee\/lv\/wp-json\/wp\/v2\/product_tag?post=1121"}],"curies":[{"name":"wp","href":"https:\/\/api.w.org\/{rel}","templated":true}]}}