{"id":1130,"date":"2024-12-13T13:28:49","date_gmt":"2024-12-13T11:28:49","guid":{"rendered":"https:\/\/dvv.concept2.ee\/?post_type=product&#038;p=1130"},"modified":"2025-03-11T13:35:45","modified_gmt":"2025-03-11T11:35:45","slug":"atminas-karte-skierg","status":"publish","type":"product","link":"https:\/\/dvv.concept2.ee\/lv\/product\/atminas-karte-skierg\/","title":{"rendered":"Atmi\u0146as karte SkiErg"},"content":{"rendered":"<p>Izmantojama lai saglab\u0101tu treni\u0146a datus, dod iesp\u0113ju uz vienas kartes saglab\u0101t piecus lietot\u0101jus<\/p>\n","protected":false},"excerpt":{"rendered":"<p>Izmantojama lai saglab\u0101tu treni\u0146a datus, dod iesp\u0113ju uz vienas kartes saglab\u0101t piecus lietot\u0101jus<\/p>\n","protected":false},"featured_media":635,"template":"","meta":[],"product_brand":[],"product_cat":[58],"product_tag":[],"class_list":{"0":"post-1130","1":"product","2":"type-product","3":"status-publish","4":"has-post-thumbnail","6":"product_cat-piederumi","7":"product_shipping_class-k1-pakiautomaat-lv","9":"first","10":"instock","11":"shipping-taxable","12":"purchasable","13":"product-type-simple"},"_links":{"self":[{"href":"https:\/\/dvv.concept2.ee\/lv\/wp-json\/wp\/v2\/product\/1130","targetHints":{"allow":["GET"]}}],"collection":[{"href":"https:\/\/dvv.concept2.ee\/lv\/wp-json\/wp\/v2\/product"}],"about":[{"href":"https:\/\/dvv.concept2.ee\/lv\/wp-json\/wp\/v2\/types\/product"}],"wp:featuredmedia":[{"embeddable":true,"href":"https:\/\/dvv.concept2.ee\/lv\/wp-json\/wp\/v2\/media\/635"}],"wp:attachment":[{"href":"https:\/\/dvv.concept2.ee\/lv\/wp-json\/wp\/v2\/media?parent=1130"}],"wp:term":[{"taxonomy":"product_brand","embeddable":true,"href":"https:\/\/dvv.concept2.ee\/lv\/wp-json\/wp\/v2\/product_brand?post=1130"},{"taxonomy":"product_cat","embeddable":true,"href":"https:\/\/dvv.concept2.ee\/lv\/wp-json\/wp\/v2\/product_cat?post=1130"},{"taxonomy":"product_tag","embeddable":true,"href":"https:\/\/dvv.concept2.ee\/lv\/wp-json\/wp\/v2\/product_tag?post=1130"}],"curies":[{"name":"wp","href":"https:\/\/api.w.org\/{rel}","templated":true}]}}