{"id":1144,"date":"2024-12-13T15:11:22","date_gmt":"2024-12-13T13:11:22","guid":{"rendered":"https:\/\/dvv.concept2.ee\/?post_type=product&#038;p=1144"},"modified":"2025-03-11T14:39:10","modified_gmt":"2025-03-11T12:39:10","slug":"smartfona-turetajs","status":"publish","type":"product","link":"https:\/\/dvv.concept2.ee\/lv\/product\/smartfona-turetajs\/","title":{"rendered":"Smartfona tur\u0113t\u0101js"},"content":{"rendered":"<p>Stiprin\u0101jums, lai nostiprin\u0101tu smartfonu uz monitora<\/p>\n","protected":false},"excerpt":{"rendered":"<p>Stiprin\u0101jums, lai nostiprin\u0101tu smartfonu uz monitora<\/p>\n","protected":false},"featured_media":668,"template":"","meta":[],"product_brand":[],"product_cat":[58],"product_tag":[],"class_list":{"0":"post-1144","1":"product","2":"type-product","3":"status-publish","4":"has-post-thumbnail","6":"product_cat-piederumi","7":"product_shipping_class-k1-pakiautomaat-lv","9":"first","10":"instock","11":"shipping-taxable","12":"purchasable","13":"product-type-simple"},"_links":{"self":[{"href":"https:\/\/dvv.concept2.ee\/lv\/wp-json\/wp\/v2\/product\/1144","targetHints":{"allow":["GET"]}}],"collection":[{"href":"https:\/\/dvv.concept2.ee\/lv\/wp-json\/wp\/v2\/product"}],"about":[{"href":"https:\/\/dvv.concept2.ee\/lv\/wp-json\/wp\/v2\/types\/product"}],"wp:featuredmedia":[{"embeddable":true,"href":"https:\/\/dvv.concept2.ee\/lv\/wp-json\/wp\/v2\/media\/668"}],"wp:attachment":[{"href":"https:\/\/dvv.concept2.ee\/lv\/wp-json\/wp\/v2\/media?parent=1144"}],"wp:term":[{"taxonomy":"product_brand","embeddable":true,"href":"https:\/\/dvv.concept2.ee\/lv\/wp-json\/wp\/v2\/product_brand?post=1144"},{"taxonomy":"product_cat","embeddable":true,"href":"https:\/\/dvv.concept2.ee\/lv\/wp-json\/wp\/v2\/product_cat?post=1144"},{"taxonomy":"product_tag","embeddable":true,"href":"https:\/\/dvv.concept2.ee\/lv\/wp-json\/wp\/v2\/product_tag?post=1144"}],"curies":[{"name":"wp","href":"https:\/\/api.w.org\/{rel}","templated":true}]}}