{"id":1154,"date":"2024-12-02T21:03:39","date_gmt":"2024-12-02T19:03:39","guid":{"rendered":"https:\/\/dvv.concept2.ee\/?post_type=product&#038;p=1154"},"modified":"2025-03-11T16:39:42","modified_gmt":"2025-03-11T14:39:42","slug":"siseratta-alusmatt","status":"publish","type":"product","link":"https:\/\/dvv.concept2.ee\/lv\/product\/siseratta-alusmatt\/","title":{"rendered":"Siseratta alusmatt"},"content":{"rendered":"<ul>\n<li>Nii p\u00f5randa kaitseks kui libisemise v\u00e4ltimiseks<\/li>\n<li>M\u00f5\u00f5dud: pikkus 150 cm; laius 80 cm; paksus 0,4 cm<\/li>\n<li>Matejal: elastne kumm<\/li>\n<\/ul>\n","protected":false},"excerpt":{"rendered":"<p>Nii p\u00f5randa kaitseks kui libisemise v\u00e4ltimiseks M\u00f5\u00f5dud: pikkus 150 cm; laius 80 cm; paksus 0,4 cm Matejal: elastne kumm<\/p>\n","protected":false},"featured_media":506,"template":"","meta":[],"product_brand":[],"product_cat":[55,59,58],"product_tag":[],"class_list":{"0":"post-1154","1":"product","2":"type-product","3":"status-publish","4":"has-post-thumbnail","6":"product_cat-bikeerg","7":"product_cat-wattbike","8":"product_cat-piederumi","9":"product_shipping_class-k2-alusmatid-jt-kuni-5kg-lv","11":"first","12":"instock","13":"shipping-taxable","14":"purchasable","15":"product-type-simple"},"_links":{"self":[{"href":"https:\/\/dvv.concept2.ee\/lv\/wp-json\/wp\/v2\/product\/1154","targetHints":{"allow":["GET"]}}],"collection":[{"href":"https:\/\/dvv.concept2.ee\/lv\/wp-json\/wp\/v2\/product"}],"about":[{"href":"https:\/\/dvv.concept2.ee\/lv\/wp-json\/wp\/v2\/types\/product"}],"wp:featuredmedia":[{"embeddable":true,"href":"https:\/\/dvv.concept2.ee\/lv\/wp-json\/wp\/v2\/media\/506"}],"wp:attachment":[{"href":"https:\/\/dvv.concept2.ee\/lv\/wp-json\/wp\/v2\/media?parent=1154"}],"wp:term":[{"taxonomy":"product_brand","embeddable":true,"href":"https:\/\/dvv.concept2.ee\/lv\/wp-json\/wp\/v2\/product_brand?post=1154"},{"taxonomy":"product_cat","embeddable":true,"href":"https:\/\/dvv.concept2.ee\/lv\/wp-json\/wp\/v2\/product_cat?post=1154"},{"taxonomy":"product_tag","embeddable":true,"href":"https:\/\/dvv.concept2.ee\/lv\/wp-json\/wp\/v2\/product_tag?post=1154"}],"curies":[{"name":"wp","href":"https:\/\/api.w.org\/{rel}","templated":true}]}}