{"id":1155,"date":"2024-11-13T17:41:38","date_gmt":"2024-11-13T15:41:38","guid":{"rendered":"https:\/\/dvv.concept2.ee\/?post_type=product&#038;p=1155"},"modified":"2025-03-11T16:42:00","modified_gmt":"2025-03-11T14:42:00","slug":"paklajins-prieks-ergometra","status":"publish","type":"product","link":"https:\/\/dvv.concept2.ee\/lv\/product\/paklajins-prieks-ergometra\/","title":{"rendered":"Pakl\u0101ji\u0146\u0161 priek\u0161 ergometra"},"content":{"rendered":"<ul>\n<li>Izmanto lai aisarg\u0101tu gr\u012bdu un pret sl\u012bd\u0113\u0161anu<\/li>\n<li>Izm\u0113ri garums 250 cm, platums 80 cm, biezums 0,4 cm<\/li>\n<li>Materi\u0101ls speci\u0101la elast\u012bga gumija<\/li>\n<\/ul>\n","protected":false},"excerpt":{"rendered":"<p>Izmanto lai aisarg\u0101tu gr\u012bdu un pret sl\u012bd\u0113\u0161anu Izm\u0113ri garums 250 cm, platums 80 cm, biezums 0,4 cm Materi\u0101ls speci\u0101la elast\u012bga gumija<\/p>\n","protected":false},"featured_media":332,"template":"","meta":[],"product_brand":[],"product_cat":[49,58],"product_tag":[],"class_list":{"0":"post-1155","1":"product","2":"type-product","3":"status-publish","4":"has-post-thumbnail","6":"product_cat-rowerg","7":"product_cat-piederumi","8":"product_shipping_class-k2-alusmatid-jt-kuni-5kg-lv","10":"first","11":"instock","12":"shipping-taxable","13":"purchasable","14":"product-type-simple"},"_links":{"self":[{"href":"https:\/\/dvv.concept2.ee\/lv\/wp-json\/wp\/v2\/product\/1155","targetHints":{"allow":["GET"]}}],"collection":[{"href":"https:\/\/dvv.concept2.ee\/lv\/wp-json\/wp\/v2\/product"}],"about":[{"href":"https:\/\/dvv.concept2.ee\/lv\/wp-json\/wp\/v2\/types\/product"}],"wp:featuredmedia":[{"embeddable":true,"href":"https:\/\/dvv.concept2.ee\/lv\/wp-json\/wp\/v2\/media\/332"}],"wp:attachment":[{"href":"https:\/\/dvv.concept2.ee\/lv\/wp-json\/wp\/v2\/media?parent=1155"}],"wp:term":[{"taxonomy":"product_brand","embeddable":true,"href":"https:\/\/dvv.concept2.ee\/lv\/wp-json\/wp\/v2\/product_brand?post=1155"},{"taxonomy":"product_cat","embeddable":true,"href":"https:\/\/dvv.concept2.ee\/lv\/wp-json\/wp\/v2\/product_cat?post=1155"},{"taxonomy":"product_tag","embeddable":true,"href":"https:\/\/dvv.concept2.ee\/lv\/wp-json\/wp\/v2\/product_tag?post=1155"}],"curies":[{"name":"wp","href":"https:\/\/api.w.org\/{rel}","templated":true}]}}