{"id":1284,"date":"2024-11-21T19:11:03","date_gmt":"2024-11-21T17:11:03","guid":{"rendered":"https:\/\/dvv.concept2.ee\/?post_type=product&#038;p=1284"},"modified":"2025-03-26T09:30:06","modified_gmt":"2025-03-26T07:30:06","slug":"skierg-alus-vabaks-kasutamiseks","status":"publish","type":"product","link":"https:\/\/dvv.concept2.ee\/lv\/product\/skierg-alus-vabaks-kasutamiseks\/","title":{"rendered":"SkiErg alus vabaks kasutamiseks"},"content":{"rendered":"<p>Alus pakub alternatiivset viisi SkiErgi toestamiseks juhuks, kui seinakinnitust pole v\u00f5imalik kasutada. Alus muudab SkiErgi iseseisevaks, v\u00f5imaldades seda kasutada k\u00f5ikjal. Saadaval kahes laiuses: <strong>Standard<\/strong> ja <strong>Lai<\/strong>.<\/p>\n<p>SkiErg m\u00fc\u00fcakse eraldi v\u00f5i alusega komplektis, vt SkiErg tootekategooriast.<\/p>\n<p>SkiErg alustel on terasest toed ja lamineeritud puidust p\u00f5hi, mis tagab vastupidavuse ja kvaliteetse konstruktsiooni. Rattad v\u00f5imaldavad aluse h\u00f5lpsat liigutamist, libisemiskindel ja kulumiskindel p\u00f5hi aga tagab stabiilse aluse.<\/p>\n","protected":false},"excerpt":{"rendered":"<p>Alus pakub alternatiivset viisi SkiErgi toestamiseks juhuks, kui seinakinnitust pole v\u00f5imalik kasutada. Alus muudab SkiErgi iseseisevaks, v\u00f5imaldades seda kasutada k\u00f5ikjal. Saadaval kahes laiuses: Standard ja Lai. SkiErg m\u00fc\u00fcakse eraldi v\u00f5i alusega komplektis, vt SkiErg tootekategooriast. SkiErg alustel on terasest toed ja lamineeritud puidust p\u00f5hi, mis tagab vastupidavuse ja kvaliteetse konstruktsiooni. Rattad v\u00f5imaldavad aluse h\u00f5lpsat liigutamist, [&#8230;]\n","protected":false},"featured_media":417,"template":"","meta":[],"product_brand":[],"product_cat":[52],"product_tag":[],"class_list":{"0":"post-1284","1":"product","2":"type-product","3":"status-publish","4":"has-post-thumbnail","6":"product_cat-skierg","7":"product_shipping_class-k3-skierg-alus-korgema-jalad-lv","9":"first","10":"instock","11":"shipping-taxable","12":"purchasable","13":"product-type-variable"},"_links":{"self":[{"href":"https:\/\/dvv.concept2.ee\/lv\/wp-json\/wp\/v2\/product\/1284","targetHints":{"allow":["GET"]}}],"collection":[{"href":"https:\/\/dvv.concept2.ee\/lv\/wp-json\/wp\/v2\/product"}],"about":[{"href":"https:\/\/dvv.concept2.ee\/lv\/wp-json\/wp\/v2\/types\/product"}],"wp:featuredmedia":[{"embeddable":true,"href":"https:\/\/dvv.concept2.ee\/lv\/wp-json\/wp\/v2\/media\/417"}],"wp:attachment":[{"href":"https:\/\/dvv.concept2.ee\/lv\/wp-json\/wp\/v2\/media?parent=1284"}],"wp:term":[{"taxonomy":"product_brand","embeddable":true,"href":"https:\/\/dvv.concept2.ee\/lv\/wp-json\/wp\/v2\/product_brand?post=1284"},{"taxonomy":"product_cat","embeddable":true,"href":"https:\/\/dvv.concept2.ee\/lv\/wp-json\/wp\/v2\/product_cat?post=1284"},{"taxonomy":"product_tag","embeddable":true,"href":"https:\/\/dvv.concept2.ee\/lv\/wp-json\/wp\/v2\/product_tag?post=1284"}],"curies":[{"name":"wp","href":"https:\/\/api.w.org\/{rel}","templated":true}]}}