{"id":1293,"date":"2024-11-11T22:52:31","date_gmt":"2024-11-11T20:52:31","guid":{"rendered":"https:\/\/dvv.concept2.ee\/?page_id=1293"},"modified":"2025-04-21T18:17:02","modified_gmt":"2025-04-21T15:17:02","slug":"rowerg-dynamic-dinamicheskij-rowerg","status":"publish","type":"page","link":"https:\/\/dvv.concept2.ee\/ru\/vvedenie\/rowerg-dynamic-dinamicheskij-rowerg\/","title":{"rendered":"RowErg Dynamic \u2013 \u0414\u0438\u043d\u0430\u043c\u0438\u0447\u0435\u0441\u043a\u0438\u0439 RowErg"},"content":{"rendered":"\n  <div class=\"banner has-hover hero has-parallax\" id=\"banner-357327368\">\n          <div class=\"banner-inner fill\">\n        <div class=\"banner-bg fill\" data-parallax=\"-2\" data-parallax-container=\".banner\" data-parallax-background>\n            <img loading=\"lazy\" decoding=\"async\" width=\"1200\" height=\"600\" src=\"https:\/\/dvv.concept2.ee\/wp-content\/uploads\/slide-04-20190219-bharewyn-c2-300dpi-100-detail.jpg\" class=\"bg attachment-original size-original\" alt=\"\" \/>                                    \n                    <\/div>\n\t\t\n        <div class=\"banner-layers container\">\n            <div class=\"fill banner-link\"><\/div>            \n   <div id=\"text-box-1694123010\" class=\"text-box banner-layer x50 md-x50 lg-x50 y95 md-y95 lg-y95 res-text\">\n                                <div class=\"text-box-content text dark\">\n              \n              <div class=\"text-inner text-center\">\n                  \n<h1>RowErg Dynamic<\/h1>\n              <\/div>\n           <\/div>\n                            \n<style>\n#text-box-1694123010 {\n  width: 90%;\n}\n#text-box-1694123010 .text-box-content {\n  font-size: 100%;\n}\n<\/style>\n    <\/div>\n \n        <\/div>\n      <\/div>\n\n            \n<style>\n#banner-357327368 {\n  padding-top: 50%;\n  background-color: rgb(255,255,255);\n}\n<\/style>\n  <\/div>\n\n\n\t<div id=\"gap-409531018\" class=\"gap-element clearfix\" style=\"display:block; height:auto;\">\n\t\t\n<style>\n#gap-409531018 {\n  padding-top: 30px;\n}\n<\/style>\n\t<\/div>\n\t\n<div class=\"row col-middle\"  id=\"row-1538601682\">\n\n\t<div id=\"col-1346022874\" class=\"col small-12 large-12\"  >\n\t\t\t\t<div class=\"col-inner\"  >\n\t\t\t\n\t\t\t\n<div class=\"row\"  id=\"row-1568778364\">\n\n\t<div id=\"col-196427755\" class=\"col medium-8 small-12 large-8\"  >\n\t\t\t\t<div class=\"col-inner\"  >\n\t\t\t\n\t\t\t\n<p class=\"lead\">D\u00fcnaamiline RowErg on loodud spetsiaalselt vees\u00f5udjatele ning j\u00e4ljendab paremini f\u00fc\u00fcsikat, mida kogetakse v\u00f5istluspaadis s\u00f5udes, samuti paadi ja sportlase vahelist \u201ed\u00fcnaamikat\u201c. D\u00fcnaamilisel ergil on kasutaja kehamass suhteliselt paigal, samal ajal kui masina komponendid liiguvad aktiivselt vastuseks s\u00f5udmisliigutusele. See sarnaneb kergkaalu s\u00f5udepaadi liikumisega s\u00f5udja keha \u00fcmber. D\u00fcnaamiline RowErg on soovitatav ainult neile, kes s\u00f5uavad vee peal.<\/p>\n<p>\u2022 l\u00e4hedasem paadis s\u00f5udmisele<br \/>\u2022 spordispetsiifiline treeningvahend v\u00f5rreldes RowEriga<br \/>\u2022 sarnane tunnetus kui s\u00f5udmisel slaididel, kuid \u00fches &#171;t\u00fckis&#187;<br \/>\u2022 v\u00e4hem ruumi n\u00f5udev kui RowErg<br \/>\u2022 on vaja enne kasutamist loodida<br \/>\u2022 ei k\u00e4i kaheks osaks lahti<br \/>\u2022 automaatne sissel\u00fclitus<br \/>\u2022 t\u00e4pne treeningtulemuste j\u00e4lgimise s\u00fcsteem<br \/>\u2022 monitori displeile on v\u00f5imalik kuvada viis erinevat n\u00e4itu<br \/>\u2022 logikaardi kasutamisv\u00f5imalus treeningute salvestamiseks<br \/>\u2022 andmete \u00fclekandmisv\u00f5imalus arvutisse<br \/>\u2022 sisseehitatud Garmin s\u00fcdame l\u00f6\u00f6gisageduse s\u00fcsteem<br \/>\u2022 monitoris kasutatavad treeningu k\u00e4igus laetavad patareid<\/p>\n\t\t<\/div>\n\t\t\t\t\t<\/div>\n\n\t\n\n\t<div id=\"col-1032313977\" class=\"col medium-4 small-12 large-4\"  >\n\t\t\t\t<div class=\"col-inner\"  >\n\t\t\t\n\t\t\t\n\t\t<\/div>\n\t\t\t\t\t<\/div>\n\n\t\n<\/div>\n<div class=\"text-center\"><div class=\"is-divider divider clearfix\" style=\"max-width:100%;\"><\/div><\/div>\n<div class=\"row\"  id=\"row-154736187\">\n\n\t<div id=\"col-1391988277\" class=\"col medium-8 small-12 large-8\"  >\n\t\t\t\t<div class=\"col-inner\"  >\n\t\t\t\n\t\t\t\n<h2>M\u00f5\u00f5tmed ja kaal<\/h2>\n<p>\u2022 pikkus: 193 cm<br \/>\u2022 laius: 61,5 cm<br \/>\u2022 k\u00f5rgus monitoriga: 84,5 cm<br \/>\u2022 monorelsi k\u00f5rgus: 53,3 cm<br \/>\u2022 kaal: 42 kg<br \/>\u2022 kandev\u00f5ime: 227 kg<\/p>\n\t\t<\/div>\n\t\t\t\t\t<\/div>\n\n\t\n\n\t<div id=\"col-1288116877\" class=\"col medium-4 small-12 large-4\"  >\n\t\t\t\t<div class=\"col-inner\"  >\n\t\t\t\n\t\t\t\n\t\t<\/div>\n\t\t\t\t\t<\/div>\n\n\t\n<\/div>\n<div class=\"text-center\"><div class=\"is-divider divider clearfix\" style=\"max-width:100%;\"><\/div><\/div>\n\n  \n    <div class=\"row large-columns-5 medium-columns-3 small-columns-2\" >\n  <div class=\"gallery-col col\" data-animate=\"fadeInUp\">\n          <div class=\"col-inner\">\n            <a class=\"image-lightbox lightbox-gallery\" href=\"https:\/\/dvv.concept2.ee\/wp-content\/uploads\/dynamic-rowerg-gray-3q-1200x1200.jpg\" title=\"\">            <div class=\"box has-hover gallery-box box-none\">\n              <div class=\"box-image\" >\n                <img loading=\"lazy\" decoding=\"async\" width=\"300\" height=\"300\" src=\"https:\/\/dvv.concept2.ee\/wp-content\/uploads\/dynamic-rowerg-gray-3q-300x300.jpg\" class=\"attachment-thumbnail size-thumbnail\" alt=\"\" ids=\"309,313,317,321,325\" style=\"none\" columns=\"5\" animate=\"fadeInUp\" image_size=\"thumbnail\" srcset=\"https:\/\/dvv.concept2.ee\/wp-content\/uploads\/dynamic-rowerg-gray-3q-300x300.jpg 300w, https:\/\/dvv.concept2.ee\/wp-content\/uploads\/dynamic-rowerg-gray-3q-600x600.jpg 600w, https:\/\/dvv.concept2.ee\/wp-content\/uploads\/dynamic-rowerg-gray-3q-1200x1200.jpg 1200w, https:\/\/dvv.concept2.ee\/wp-content\/uploads\/dynamic-rowerg-gray-3q-768x768.jpg 768w, https:\/\/dvv.concept2.ee\/wp-content\/uploads\/dynamic-rowerg-gray-3q-1536x1536.jpg 1536w, https:\/\/dvv.concept2.ee\/wp-content\/uploads\/dynamic-rowerg-gray-3q-2048x2048.jpg 2048w, https:\/\/dvv.concept2.ee\/wp-content\/uploads\/dynamic-rowerg-gray-3q-100x100.jpg 100w\" sizes=\"auto, (max-width: 300px) 100vw, 300px\" \/>                                                              <\/div>\n              <div class=\"box-text text-left\" >\n                 <p><\/p>\n              <\/div>\n            <\/div>\n            <\/a>          <\/div>\n         <\/div><div class=\"gallery-col col\" data-animate=\"fadeInUp\">\n          <div class=\"col-inner\">\n            <a class=\"image-lightbox lightbox-gallery\" href=\"https:\/\/dvv.concept2.ee\/wp-content\/uploads\/dynamic-rowerg-gray-profile-1200x1200.jpg\" title=\"\">            <div class=\"box has-hover gallery-box box-none\">\n              <div class=\"box-image\" >\n                <img loading=\"lazy\" decoding=\"async\" width=\"300\" height=\"300\" src=\"https:\/\/dvv.concept2.ee\/wp-content\/uploads\/dynamic-rowerg-gray-profile-300x300.jpg\" class=\"attachment-thumbnail size-thumbnail\" alt=\"\" ids=\"309,313,317,321,325\" style=\"none\" columns=\"5\" animate=\"fadeInUp\" image_size=\"thumbnail\" srcset=\"https:\/\/dvv.concept2.ee\/wp-content\/uploads\/dynamic-rowerg-gray-profile-300x300.jpg 300w, https:\/\/dvv.concept2.ee\/wp-content\/uploads\/dynamic-rowerg-gray-profile-600x600.jpg 600w, https:\/\/dvv.concept2.ee\/wp-content\/uploads\/dynamic-rowerg-gray-profile-1200x1200.jpg 1200w, https:\/\/dvv.concept2.ee\/wp-content\/uploads\/dynamic-rowerg-gray-profile-768x768.jpg 768w, https:\/\/dvv.concept2.ee\/wp-content\/uploads\/dynamic-rowerg-gray-profile-1536x1536.jpg 1536w, https:\/\/dvv.concept2.ee\/wp-content\/uploads\/dynamic-rowerg-gray-profile-2048x2048.jpg 2048w, https:\/\/dvv.concept2.ee\/wp-content\/uploads\/dynamic-rowerg-gray-profile-100x100.jpg 100w\" sizes=\"auto, (max-width: 300px) 100vw, 300px\" \/>                                                              <\/div>\n              <div class=\"box-text text-left\" >\n                 <p><\/p>\n              <\/div>\n            <\/div>\n            <\/a>          <\/div>\n         <\/div><div class=\"gallery-col col\" data-animate=\"fadeInUp\">\n          <div class=\"col-inner\">\n            <a class=\"image-lightbox lightbox-gallery\" href=\"https:\/\/dvv.concept2.ee\/wp-content\/uploads\/dynamic-rowerg-gray-flywheel-2-1200x1200.jpg\" title=\"\">            <div class=\"box has-hover gallery-box box-none\">\n              <div class=\"box-image\" >\n                <img loading=\"lazy\" decoding=\"async\" width=\"300\" height=\"300\" src=\"https:\/\/dvv.concept2.ee\/wp-content\/uploads\/dynamic-rowerg-gray-flywheel-2-300x300.jpg\" class=\"attachment-thumbnail size-thumbnail\" alt=\"\" ids=\"309,313,317,321,325\" style=\"none\" columns=\"5\" animate=\"fadeInUp\" image_size=\"thumbnail\" srcset=\"https:\/\/dvv.concept2.ee\/wp-content\/uploads\/dynamic-rowerg-gray-flywheel-2-300x300.jpg 300w, https:\/\/dvv.concept2.ee\/wp-content\/uploads\/dynamic-rowerg-gray-flywheel-2-600x600.jpg 600w, https:\/\/dvv.concept2.ee\/wp-content\/uploads\/dynamic-rowerg-gray-flywheel-2-1200x1200.jpg 1200w, https:\/\/dvv.concept2.ee\/wp-content\/uploads\/dynamic-rowerg-gray-flywheel-2-768x768.jpg 768w, https:\/\/dvv.concept2.ee\/wp-content\/uploads\/dynamic-rowerg-gray-flywheel-2-1536x1536.jpg 1536w, https:\/\/dvv.concept2.ee\/wp-content\/uploads\/dynamic-rowerg-gray-flywheel-2-2048x2048.jpg 2048w, https:\/\/dvv.concept2.ee\/wp-content\/uploads\/dynamic-rowerg-gray-flywheel-2-100x100.jpg 100w\" sizes=\"auto, (max-width: 300px) 100vw, 300px\" \/>                                                              <\/div>\n              <div class=\"box-text text-left\" >\n                 <p><\/p>\n              <\/div>\n            <\/div>\n            <\/a>          <\/div>\n         <\/div><div class=\"gallery-col col\" data-animate=\"fadeInUp\">\n          <div class=\"col-inner\">\n            <a class=\"image-lightbox lightbox-gallery\" href=\"https:\/\/dvv.concept2.ee\/wp-content\/uploads\/dynamic-rowerg-gray-approach-1200x1200.jpg\" title=\"\">            <div class=\"box has-hover gallery-box box-none\">\n              <div class=\"box-image\" >\n                <img loading=\"lazy\" decoding=\"async\" width=\"300\" height=\"300\" src=\"https:\/\/dvv.concept2.ee\/wp-content\/uploads\/dynamic-rowerg-gray-approach-300x300.jpg\" class=\"attachment-thumbnail size-thumbnail\" alt=\"\" ids=\"309,313,317,321,325\" style=\"none\" columns=\"5\" animate=\"fadeInUp\" image_size=\"thumbnail\" srcset=\"https:\/\/dvv.concept2.ee\/wp-content\/uploads\/dynamic-rowerg-gray-approach-300x300.jpg 300w, https:\/\/dvv.concept2.ee\/wp-content\/uploads\/dynamic-rowerg-gray-approach-600x600.jpg 600w, https:\/\/dvv.concept2.ee\/wp-content\/uploads\/dynamic-rowerg-gray-approach-1200x1200.jpg 1200w, https:\/\/dvv.concept2.ee\/wp-content\/uploads\/dynamic-rowerg-gray-approach-768x768.jpg 768w, https:\/\/dvv.concept2.ee\/wp-content\/uploads\/dynamic-rowerg-gray-approach-1536x1536.jpg 1536w, https:\/\/dvv.concept2.ee\/wp-content\/uploads\/dynamic-rowerg-gray-approach-2048x2048.jpg 2048w, https:\/\/dvv.concept2.ee\/wp-content\/uploads\/dynamic-rowerg-gray-approach-100x100.jpg 100w\" sizes=\"auto, (max-width: 300px) 100vw, 300px\" \/>                                                              <\/div>\n              <div class=\"box-text text-left\" >\n                 <p><\/p>\n              <\/div>\n            <\/div>\n            <\/a>          <\/div>\n         <\/div><div class=\"gallery-col col\" data-animate=\"fadeInUp\">\n          <div class=\"col-inner\">\n            <a class=\"image-lightbox lightbox-gallery\" href=\"https:\/\/dvv.concept2.ee\/wp-content\/uploads\/dynamic-rowerg-gray-pm5-1200x1200.jpg\" title=\"\">            <div class=\"box has-hover gallery-box box-none\">\n              <div class=\"box-image\" >\n                <img loading=\"lazy\" decoding=\"async\" width=\"300\" height=\"300\" src=\"https:\/\/dvv.concept2.ee\/wp-content\/uploads\/dynamic-rowerg-gray-pm5-300x300.jpg\" class=\"attachment-thumbnail size-thumbnail\" alt=\"\" ids=\"309,313,317,321,325\" style=\"none\" columns=\"5\" animate=\"fadeInUp\" image_size=\"thumbnail\" srcset=\"https:\/\/dvv.concept2.ee\/wp-content\/uploads\/dynamic-rowerg-gray-pm5-300x300.jpg 300w, https:\/\/dvv.concept2.ee\/wp-content\/uploads\/dynamic-rowerg-gray-pm5-600x600.jpg 600w, https:\/\/dvv.concept2.ee\/wp-content\/uploads\/dynamic-rowerg-gray-pm5-1200x1200.jpg 1200w, https:\/\/dvv.concept2.ee\/wp-content\/uploads\/dynamic-rowerg-gray-pm5-768x768.jpg 768w, https:\/\/dvv.concept2.ee\/wp-content\/uploads\/dynamic-rowerg-gray-pm5-1536x1536.jpg 1536w, https:\/\/dvv.concept2.ee\/wp-content\/uploads\/dynamic-rowerg-gray-pm5-2048x2048.jpg 2048w, https:\/\/dvv.concept2.ee\/wp-content\/uploads\/dynamic-rowerg-gray-pm5-100x100.jpg 100w\" sizes=\"auto, (max-width: 300px) 100vw, 300px\" \/>                                                              <\/div>\n              <div class=\"box-text text-left\" >\n                 <p><\/p>\n              <\/div>\n            <\/div>\n            <\/a>          <\/div>\n         <\/div><\/div>\n\t<div id=\"gap-1344426208\" class=\"gap-element clearfix\" style=\"display:block; height:auto;\">\n\t\t\n<style>\n#gap-1344426208 {\n  padding-top: 30px;\n}\n<\/style>\n\t<\/div>\n\t\n\t<div id=\"text-2226856497\" class=\"text hidden\">\n\t\t\n<a href=\"https:\/\/dvv.concept2.ee\/?post_type=product&#038;p=329\" class=\"button primary\"><span>\u0417\u0430\u043a\u0430\u0436\u0438<\/span><\/a>\n\t\t\t<\/div>\n\t\n\t\t<\/div>\n\t\t\t\t\t<\/div>\n\n\t\n<\/div>\n","protected":false},"excerpt":{"rendered":"","protected":false},"author":1,"featured_media":162,"parent":1192,"menu_order":0,"comment_status":"closed","ping_status":"closed","template":"","meta":{"footnotes":""},"class_list":["post-1293","page","type-page","status-publish","has-post-thumbnail","hentry"],"_links":{"self":[{"href":"https:\/\/dvv.concept2.ee\/ru\/wp-json\/wp\/v2\/pages\/1293","targetHints":{"allow":["GET"]}}],"collection":[{"href":"https:\/\/dvv.concept2.ee\/ru\/wp-json\/wp\/v2\/pages"}],"about":[{"href":"https:\/\/dvv.concept2.ee\/ru\/wp-json\/wp\/v2\/types\/page"}],"author":[{"embeddable":true,"href":"https:\/\/dvv.concept2.ee\/ru\/wp-json\/wp\/v2\/users\/1"}],"replies":[{"embeddable":true,"href":"https:\/\/dvv.concept2.ee\/ru\/wp-json\/wp\/v2\/comments?post=1293"}],"version-history":[{"count":0,"href":"https:\/\/dvv.concept2.ee\/ru\/wp-json\/wp\/v2\/pages\/1293\/revisions"}],"up":[{"embeddable":true,"href":"https:\/\/dvv.concept2.ee\/ru\/wp-json\/wp\/v2\/pages\/1192"}],"wp:featuredmedia":[{"embeddable":true,"href":"https:\/\/dvv.concept2.ee\/ru\/wp-json\/wp\/v2\/media\/162"}],"wp:attachment":[{"href":"https:\/\/dvv.concept2.ee\/ru\/wp-json\/wp\/v2\/media?parent=1293"}],"curies":[{"name":"wp","href":"https:\/\/api.w.org\/{rel}","templated":true}]}}